{"id":169,"date":"2019-09-12T12:25:30","date_gmt":"2019-09-12T10:25:30","guid":{"rendered":"https:\/\/import.getbowtied.com\/theretailer3\/?page_id=169"},"modified":"2021-12-27T09:53:26","modified_gmt":"2021-12-27T08:53:26","slug":"o-nas","status":"publish","type":"page","link":"https:\/\/zielone-migdaly.pl\/index.php\/o-nas\/","title":{"rendered":"O nas"},"content":{"rendered":"\t\t<div data-elementor-type=\"wp-page\" data-elementor-id=\"169\" class=\"elementor elementor-169\">\n\t\t\t\t\t\t\t\t\t<section class=\"elementor-section elementor-top-section elementor-element elementor-element-569bf62 elementor-section-boxed elementor-section-height-default elementor-section-height-default\" data-id=\"569bf62\" data-element_type=\"section\">\n\t\t\t\t\t\t<div class=\"elementor-container elementor-column-gap-default\">\n\t\t\t\t\t<div class=\"elementor-column elementor-col-50 elementor-top-column elementor-element elementor-element-c62e75e\" data-id=\"c62e75e\" data-element_type=\"column\">\n\t\t\t<div class=\"elementor-widget-wrap elementor-element-populated\">\n\t\t\t\t\t\t\t\t<div class=\"elementor-element elementor-element-e8ad728 elementor-widget elementor-widget-image\" data-id=\"e8ad728\" data-element_type=\"widget\" data-widget_type=\"image.default\">\n\t\t\t\t<div class=\"elementor-widget-container\">\n\t\t\t<style>\/*! elementor - v3.6.7 - 03-07-2022 *\/\n.elementor-widget-image{text-align:center}.elementor-widget-image a{display:inline-block}.elementor-widget-image a img[src$=\".svg\"]{width:48px}.elementor-widget-image img{vertical-align:middle;display:inline-block}<\/style>\t\t\t\t\t\t\t\t\t\t\t\t<img loading=\"lazy\" decoding=\"async\" width=\"500\" height=\"640\" src=\"https:\/\/zielone-migdaly.pl\/wp-content\/uploads\/2021\/12\/zielone-migdaly-2-500x640-1.jpg\" class=\"attachment-large size-large\" alt=\"\" srcset=\"https:\/\/zielone-migdaly.pl\/wp-content\/uploads\/2021\/12\/zielone-migdaly-2-500x640-1.jpg 500w, https:\/\/zielone-migdaly.pl\/wp-content\/uploads\/2021\/12\/zielone-migdaly-2-500x640-1-234x300.jpg 234w\" sizes=\"(max-width: 500px) 100vw, 500px\" \/>\t\t\t\t\t\t\t\t\t\t\t\t\t\t\t<\/div>\n\t\t\t\t<\/div>\n\t\t\t\t\t<\/div>\n\t\t<\/div>\n\t\t\t\t<div class=\"elementor-column elementor-col-50 elementor-top-column elementor-element elementor-element-a336d66\" data-id=\"a336d66\" data-element_type=\"column\">\n\t\t\t<div class=\"elementor-widget-wrap elementor-element-populated\">\n\t\t\t\t\t\t\t\t<div class=\"elementor-element elementor-element-322dd81 elementor-widget elementor-widget-text-editor\" data-id=\"322dd81\" data-element_type=\"widget\" data-widget_type=\"text-editor.default\">\n\t\t\t\t<div class=\"elementor-widget-container\">\n\t\t\t<style>\/*! elementor - v3.6.7 - 03-07-2022 *\/\n.elementor-widget-text-editor.elementor-drop-cap-view-stacked .elementor-drop-cap{background-color:#818a91;color:#fff}.elementor-widget-text-editor.elementor-drop-cap-view-framed .elementor-drop-cap{color:#818a91;border:3px solid;background-color:transparent}.elementor-widget-text-editor:not(.elementor-drop-cap-view-default) .elementor-drop-cap{margin-top:8px}.elementor-widget-text-editor:not(.elementor-drop-cap-view-default) .elementor-drop-cap-letter{width:1em;height:1em}.elementor-widget-text-editor .elementor-drop-cap{float:left;text-align:center;line-height:1;font-size:50px}.elementor-widget-text-editor .elementor-drop-cap-letter{display:inline-block}<\/style>\t\t\t\t<p><span style=\"color: #3d836a;\"><strong>Zielone-migdaly.pl<\/strong><\/span> to sklep on-line z przedmiotami vintage i z czas\u00f3w PRL. Znajdziecie tu przedmioty artystyczne i u\u017cytkowe: szk\u0142o, ceramik\u0119, porcelan\u0119, bi\u017cuteri\u0119, tkaniny, dekoracje, ozdoby \u015bwi\u0105teczne. Rzeczy pospolite i niepospolite. Symbole polskiego dizajnu, szk\u0142o z Huty Szk\u0142a Gospodarczego \u201eZ\u0105bkowice\u201d, porcelan\u0119 z Bogucic i \u0106mielowa, ceramik\u0119 z Mirostowic, porcelit z Pruszkowa, a tak\u017ce przedmioty, kt\u00f3rych pochodzenie trudno zidentyfikowa\u0107, ale kt\u00f3re urzekaj\u0105 nas swoj\u0105 pi\u0119knem lub zachwycaj\u0105 form\u0105. Mam nadziej\u0119, \u017ce z przedmiot\u00f3w kupionych w Zielonych Migda\u0142ach b\u0119dziecie czerpa\u0107 du\u017c\u0105 rado\u015b\u0107. Kolekcjonowanie to\u00a0 przecie\u017c przyjemno\u015b\u0107 z posiadania przedmiotu, a tak\u017ce nieustanne poszukiwanie.<\/p><p>Je\u017celi jeste\u015bcie z Zag\u0142\u0119bia lub \u015al\u0105ska (ale ch\u0119tnie pojedziemy gdzie\u015b dalej!) i posiadacie ciekawe przedmioty na sprzeda\u017c skontaktujcie si\u0119 z nami! Kupimy starocie, antyki, rzeczy vintage i damy im drugie \u017cycie. Przyjedziemy, wycenimy, ch\u0119tnie poznamy histori\u0119 sprzedawanych przedmiot\u00f3w.<\/p>\t\t\t\t\t\t<\/div>\n\t\t\t\t<\/div>\n\t\t\t\t\t<\/div>\n\t\t<\/div>\n\t\t\t\t\t\t\t<\/div>\n\t\t<\/section>\n\t\t\t\t<section class=\"elementor-section elementor-top-section elementor-element elementor-element-54210ca elementor-section-boxed elementor-section-height-default elementor-section-height-default\" data-id=\"54210ca\" data-element_type=\"section\">\n\t\t\t\t\t\t<div class=\"elementor-container elementor-column-gap-default\">\n\t\t\t\t\t<div class=\"elementor-column elementor-col-50 elementor-top-column elementor-element elementor-element-56dc2f0\" data-id=\"56dc2f0\" data-element_type=\"column\">\n\t\t\t<div class=\"elementor-widget-wrap elementor-element-populated\">\n\t\t\t\t\t\t\t\t<div class=\"elementor-element elementor-element-2202930 elementor-widget elementor-widget-text-editor\" data-id=\"2202930\" data-element_type=\"widget\" data-widget_type=\"text-editor.default\">\n\t\t\t\t<div class=\"elementor-widget-container\">\n\t\t\t\t\t\t\t<p><span style=\"color: #3d836a;\"><strong>Patrycja<\/strong><\/span>, z wykszta\u0142cenia filolo\u017cka, z do\u015bwiadczenia marketingowiec, za\u0142o\u017cycielka Zielonych Migda\u0142\u00f3w. Od kilku lat kolekcjonuj\u0119, od wielu lat robi\u0119 zdj\u0119cia. Od zawsze pasjonuj\u0105 mnie historie ludzi i przedmiot\u00f3w. Zielone Migda\u0142y to spe\u0142nienie moich marze\u0144 i pasji. Zapraszam Was we wsp\u00f3ln\u0105 podr\u00f3\u017c!<\/p>\t\t\t\t\t\t<\/div>\n\t\t\t\t<\/div>\n\t\t\t\t\t<\/div>\n\t\t<\/div>\n\t\t\t\t<div class=\"elementor-column elementor-col-50 elementor-top-column elementor-element elementor-element-10f0dde\" data-id=\"10f0dde\" data-element_type=\"column\">\n\t\t\t<div class=\"elementor-widget-wrap elementor-element-populated\">\n\t\t\t\t\t\t\t\t<div class=\"elementor-element elementor-element-b692c96 elementor-widget elementor-widget-image\" data-id=\"b692c96\" data-element_type=\"widget\" data-widget_type=\"image.default\">\n\t\t\t\t<div class=\"elementor-widget-container\">\n\t\t\t\t\t\t\t\t\t\t\t\t\t\t\t<img loading=\"lazy\" decoding=\"async\" width=\"768\" height=\"524\" src=\"https:\/\/zielone-migdaly.pl\/wp-content\/uploads\/2021\/11\/patrycja-e1637662716248-768x524.jpg\" class=\"attachment-medium_large size-medium_large\" alt=\"\" srcset=\"https:\/\/zielone-migdaly.pl\/wp-content\/uploads\/2021\/11\/patrycja-e1637662716248-768x524.jpg 768w, https:\/\/zielone-migdaly.pl\/wp-content\/uploads\/2021\/11\/patrycja-e1637662716248-300x205.jpg 300w, https:\/\/zielone-migdaly.pl\/wp-content\/uploads\/2021\/11\/patrycja-e1637662716248-600x410.jpg 600w, https:\/\/zielone-migdaly.pl\/wp-content\/uploads\/2021\/11\/patrycja-e1637662716248.jpg 945w\" sizes=\"(max-width: 768px) 100vw, 768px\" \/>\t\t\t\t\t\t\t\t\t\t\t\t\t\t\t<\/div>\n\t\t\t\t<\/div>\n\t\t\t\t\t<\/div>\n\t\t<\/div>\n\t\t\t\t\t\t\t<\/div>\n\t\t<\/section>\n\t\t\t\t<section class=\"elementor-section elementor-top-section elementor-element elementor-element-8273755 elementor-section-boxed elementor-section-height-default elementor-section-height-default\" data-id=\"8273755\" data-element_type=\"section\">\n\t\t\t\t\t\t<div class=\"elementor-container elementor-column-gap-default\">\n\t\t\t\t\t<div class=\"elementor-column elementor-col-100 elementor-top-column elementor-element elementor-element-bad7173\" data-id=\"bad7173\" data-element_type=\"column\">\n\t\t\t<div class=\"elementor-widget-wrap elementor-element-populated\">\n\t\t\t\t\t\t\t\t<div class=\"elementor-element elementor-element-d5005dd elementor-widget-divider--view-line elementor-widget elementor-widget-divider\" data-id=\"d5005dd\" data-element_type=\"widget\" data-widget_type=\"divider.default\">\n\t\t\t\t<div class=\"elementor-widget-container\">\n\t\t\t<style>\/*! elementor - v3.6.7 - 03-07-2022 *\/\n.elementor-widget-divider{--divider-border-style:none;--divider-border-width:1px;--divider-color:#2c2c2c;--divider-icon-size:20px;--divider-element-spacing:10px;--divider-pattern-height:24px;--divider-pattern-size:20px;--divider-pattern-url:none;--divider-pattern-repeat:repeat-x}.elementor-widget-divider .elementor-divider{display:-webkit-box;display:-ms-flexbox;display:flex}.elementor-widget-divider .elementor-divider__text{font-size:15px;line-height:1;max-width:95%}.elementor-widget-divider .elementor-divider__element{margin:0 var(--divider-element-spacing);-ms-flex-negative:0;flex-shrink:0}.elementor-widget-divider .elementor-icon{font-size:var(--divider-icon-size)}.elementor-widget-divider .elementor-divider-separator{display:-webkit-box;display:-ms-flexbox;display:flex;margin:0;direction:ltr}.elementor-widget-divider--view-line_icon .elementor-divider-separator,.elementor-widget-divider--view-line_text .elementor-divider-separator{-webkit-box-align:center;-ms-flex-align:center;align-items:center}.elementor-widget-divider--view-line_icon .elementor-divider-separator:after,.elementor-widget-divider--view-line_icon .elementor-divider-separator:before,.elementor-widget-divider--view-line_text .elementor-divider-separator:after,.elementor-widget-divider--view-line_text .elementor-divider-separator:before{display:block;content:\"\";border-bottom:0;-webkit-box-flex:1;-ms-flex-positive:1;flex-grow:1;border-top:var(--divider-border-width) var(--divider-border-style) var(--divider-color)}.elementor-widget-divider--element-align-left .elementor-divider .elementor-divider-separator>.elementor-divider__svg:first-of-type{-webkit-box-flex:0;-ms-flex-positive:0;flex-grow:0;-ms-flex-negative:100;flex-shrink:100}.elementor-widget-divider--element-align-left .elementor-divider-separator:before{content:none}.elementor-widget-divider--element-align-left .elementor-divider__element{margin-left:0}.elementor-widget-divider--element-align-right .elementor-divider .elementor-divider-separator>.elementor-divider__svg:last-of-type{-webkit-box-flex:0;-ms-flex-positive:0;flex-grow:0;-ms-flex-negative:100;flex-shrink:100}.elementor-widget-divider--element-align-right .elementor-divider-separator:after{content:none}.elementor-widget-divider--element-align-right .elementor-divider__element{margin-right:0}.elementor-widget-divider:not(.elementor-widget-divider--view-line_text):not(.elementor-widget-divider--view-line_icon) .elementor-divider-separator{border-top:var(--divider-border-width) var(--divider-border-style) var(--divider-color)}.elementor-widget-divider--separator-type-pattern{--divider-border-style:none}.elementor-widget-divider--separator-type-pattern.elementor-widget-divider--view-line .elementor-divider-separator,.elementor-widget-divider--separator-type-pattern:not(.elementor-widget-divider--view-line) .elementor-divider-separator:after,.elementor-widget-divider--separator-type-pattern:not(.elementor-widget-divider--view-line) .elementor-divider-separator:before,.elementor-widget-divider--separator-type-pattern:not([class*=elementor-widget-divider--view]) .elementor-divider-separator{width:100%;min-height:var(--divider-pattern-height);-webkit-mask-size:var(--divider-pattern-size) 100%;mask-size:var(--divider-pattern-size) 100%;-webkit-mask-repeat:var(--divider-pattern-repeat);mask-repeat:var(--divider-pattern-repeat);background-color:var(--divider-color);-webkit-mask-image:var(--divider-pattern-url);mask-image:var(--divider-pattern-url)}.elementor-widget-divider--no-spacing{--divider-pattern-size:auto}.elementor-widget-divider--bg-round{--divider-pattern-repeat:round}.rtl .elementor-widget-divider .elementor-divider__text{direction:rtl}<\/style>\t\t<div class=\"elementor-divider\">\n\t\t\t<span class=\"elementor-divider-separator\">\n\t\t\t\t\t\t<\/span>\n\t\t<\/div>\n\t\t\t\t<\/div>\n\t\t\t\t<\/div>\n\t\t\t\t<div class=\"elementor-element elementor-element-9c9f5de elementor-widget elementor-widget-heading\" data-id=\"9c9f5de\" data-element_type=\"widget\" data-widget_type=\"heading.default\">\n\t\t\t\t<div class=\"elementor-widget-container\">\n\t\t\t<style>\/*! elementor - v3.6.7 - 03-07-2022 *\/\n.elementor-heading-title{padding:0;margin:0;line-height:1}.elementor-widget-heading .elementor-heading-title[class*=elementor-size-]>a{color:inherit;font-size:inherit;line-height:inherit}.elementor-widget-heading .elementor-heading-title.elementor-size-small{font-size:15px}.elementor-widget-heading .elementor-heading-title.elementor-size-medium{font-size:19px}.elementor-widget-heading .elementor-heading-title.elementor-size-large{font-size:29px}.elementor-widget-heading .elementor-heading-title.elementor-size-xl{font-size:39px}.elementor-widget-heading .elementor-heading-title.elementor-size-xxl{font-size:59px}<\/style><h3 class=\"elementor-heading-title elementor-size-default\">Nasze social media<\/h3>\t\t<\/div>\n\t\t\t\t<\/div>\n\t\t\t\t\t<\/div>\n\t\t<\/div>\n\t\t\t\t\t\t\t<\/div>\n\t\t<\/section>\n\t\t\t\t<section class=\"elementor-section elementor-top-section elementor-element elementor-element-db8ff92 elementor-section-boxed elementor-section-height-default elementor-section-height-default\" data-id=\"db8ff92\" data-element_type=\"section\">\n\t\t\t\t\t\t<div class=\"elementor-container elementor-column-gap-default\">\n\t\t\t\t\t<div class=\"elementor-column elementor-col-16 elementor-top-column elementor-element elementor-element-7ed99a7\" data-id=\"7ed99a7\" data-element_type=\"column\">\n\t\t\t<div class=\"elementor-widget-wrap\">\n\t\t\t\t\t\t\t\t\t<\/div>\n\t\t<\/div>\n\t\t\t\t<div class=\"elementor-column elementor-col-16 elementor-top-column elementor-element elementor-element-ef24ba9\" data-id=\"ef24ba9\" data-element_type=\"column\">\n\t\t\t<div class=\"elementor-widget-wrap\">\n\t\t\t\t\t\t\t\t\t<\/div>\n\t\t<\/div>\n\t\t\t\t<div class=\"elementor-column elementor-col-16 elementor-top-column elementor-element elementor-element-54c9a18\" data-id=\"54c9a18\" data-element_type=\"column\">\n\t\t\t<div class=\"elementor-widget-wrap elementor-element-populated\">\n\t\t\t\t\t\t\t\t<div class=\"elementor-element elementor-element-a168bbb elementor-view-default elementor-widget elementor-widget-icon\" data-id=\"a168bbb\" data-element_type=\"widget\" data-widget_type=\"icon.default\">\n\t\t\t\t<div class=\"elementor-widget-container\">\n\t\t\t\t\t<div class=\"elementor-icon-wrapper\">\n\t\t\t<a class=\"elementor-icon\" href=\"https:\/\/www.instagram.com\/lubie_zielone_migdaly\/\" target=\"_blank\">\n\t\t\t<i aria-hidden=\"true\" class=\"fab fa-instagram\"><\/i>\t\t\t<\/a>\n\t\t<\/div>\n\t\t\t\t<\/div>\n\t\t\t\t<\/div>\n\t\t\t\t\t<\/div>\n\t\t<\/div>\n\t\t\t\t<div class=\"elementor-column elementor-col-16 elementor-top-column elementor-element elementor-element-11ba8f5\" data-id=\"11ba8f5\" data-element_type=\"column\">\n\t\t\t<div class=\"elementor-widget-wrap elementor-element-populated\">\n\t\t\t\t\t\t\t\t<div class=\"elementor-element elementor-element-2e8d397 elementor-view-default elementor-widget elementor-widget-icon\" data-id=\"2e8d397\" data-element_type=\"widget\" data-widget_type=\"icon.default\">\n\t\t\t\t<div class=\"elementor-widget-container\">\n\t\t\t\t\t<div class=\"elementor-icon-wrapper\">\n\t\t\t<a class=\"elementor-icon\" href=\"https:\/\/www.facebook.com\/lubiezielonemigdaly\" target=\"_blank\">\n\t\t\t<i aria-hidden=\"true\" class=\"fab fa-facebook\"><\/i>\t\t\t<\/a>\n\t\t<\/div>\n\t\t\t\t<\/div>\n\t\t\t\t<\/div>\n\t\t\t\t\t<\/div>\n\t\t<\/div>\n\t\t\t\t<div class=\"elementor-column elementor-col-16 elementor-top-column elementor-element elementor-element-e494054\" data-id=\"e494054\" data-element_type=\"column\">\n\t\t\t<div class=\"elementor-widget-wrap\">\n\t\t\t\t\t\t\t\t\t<\/div>\n\t\t<\/div>\n\t\t\t\t<div class=\"elementor-column elementor-col-16 elementor-top-column elementor-element elementor-element-9ebe9ed\" data-id=\"9ebe9ed\" data-element_type=\"column\">\n\t\t\t<div class=\"elementor-widget-wrap\">\n\t\t\t\t\t\t\t\t\t<\/div>\n\t\t<\/div>\n\t\t\t\t\t\t\t<\/div>\n\t\t<\/section>\n\t\t\t\t\t\t\t<\/div>\n\t\t","protected":false},"excerpt":{"rendered":"<p>Zielone-migdaly.pl to sklep on-line z przedmiotami vintage i z czas\u00f3w PRL. Znajdziecie tu przedmioty artystyczne i u\u017cytkowe: szk\u0142o, ceramik\u0119, porcelan\u0119, bi\u017cuteri\u0119, tkaniny, dekoracje, ozdoby \u015bwi\u0105teczne. Rzeczy pospolite i niepospolite. Symbole polskiego dizajnu, szk\u0142o z Huty Szk\u0142a Gospodarczego \u201eZ\u0105bkowice\u201d, porcelan\u0119 z Bogucic i \u0106mielowa, ceramik\u0119 z Mirostowic, porcelit z Pruszkowa, a tak\u017ce przedmioty, kt\u00f3rych pochodzenie trudno [&hellip;]<\/p>\n","protected":false},"author":1,"featured_media":0,"parent":0,"menu_order":0,"comment_status":"closed","ping_status":"closed","template":"","meta":{"footnotes":""},"yoast_head":"<!-- This site is optimized with the Yoast SEO plugin v23.0 - https:\/\/yoast.com\/wordpress\/plugins\/seo\/ -->\n<title>O nas - Zielone Migda\u0142y<\/title>\n<meta name=\"robots\" content=\"index, follow, max-snippet:-1, max-image-preview:large, max-video-preview:-1\" \/>\n<link rel=\"canonical\" href=\"https:\/\/zielone-migdaly.pl\/index.php\/o-nas\/\" \/>\n<meta property=\"og:locale\" content=\"pl_PL\" \/>\n<meta property=\"og:type\" content=\"article\" \/>\n<meta property=\"og:title\" content=\"O nas - Zielone Migda\u0142y\" \/>\n<meta property=\"og:description\" content=\"Zielone-migdaly.pl to sklep on-line z przedmiotami vintage i z czas\u00f3w PRL. Znajdziecie tu przedmioty artystyczne i u\u017cytkowe: szk\u0142o, ceramik\u0119, porcelan\u0119, bi\u017cuteri\u0119, tkaniny, dekoracje, ozdoby \u015bwi\u0105teczne. Rzeczy pospolite i niepospolite. Symbole polskiego dizajnu, szk\u0142o z Huty Szk\u0142a Gospodarczego \u201eZ\u0105bkowice\u201d, porcelan\u0119 z Bogucic i \u0106mielowa, ceramik\u0119 z Mirostowic, porcelit z Pruszkowa, a tak\u017ce przedmioty, kt\u00f3rych pochodzenie trudno [&hellip;]\" \/>\n<meta property=\"og:url\" content=\"https:\/\/zielone-migdaly.pl\/index.php\/o-nas\/\" \/>\n<meta property=\"og:site_name\" content=\"Zielone Migda\u0142y\" \/>\n<meta property=\"article:publisher\" content=\"https:\/\/www.facebook.com\/lubiezielonemigdaly\" \/>\n<meta property=\"article:modified_time\" content=\"2021-12-27T08:53:26+00:00\" \/>\n<meta property=\"og:image\" content=\"https:\/\/zielone-migdaly.pl\/wp-content\/uploads\/2021\/12\/zielone-migdaly-2-500x640-1.jpg\" \/>\n<meta name=\"twitter:card\" content=\"summary_large_image\" \/>\n<meta name=\"twitter:label1\" content=\"Szacowany czas czytania\" \/>\n\t<meta name=\"twitter:data1\" content=\"1 minuta\" \/>\n<script type=\"application\/ld+json\" class=\"yoast-schema-graph\">{\"@context\":\"https:\/\/schema.org\",\"@graph\":[{\"@type\":\"WebPage\",\"@id\":\"https:\/\/zielone-migdaly.pl\/index.php\/o-nas\/\",\"url\":\"https:\/\/zielone-migdaly.pl\/index.php\/o-nas\/\",\"name\":\"O nas - Zielone Migda\u0142y\",\"isPartOf\":{\"@id\":\"https:\/\/zielone-migdaly.pl\/#website\"},\"primaryImageOfPage\":{\"@id\":\"https:\/\/zielone-migdaly.pl\/index.php\/o-nas\/#primaryimage\"},\"image\":{\"@id\":\"https:\/\/zielone-migdaly.pl\/index.php\/o-nas\/#primaryimage\"},\"thumbnailUrl\":\"https:\/\/zielone-migdaly.pl\/wp-content\/uploads\/2021\/12\/zielone-migdaly-2-500x640-1.jpg\",\"datePublished\":\"2019-09-12T10:25:30+00:00\",\"dateModified\":\"2021-12-27T08:53:26+00:00\",\"breadcrumb\":{\"@id\":\"https:\/\/zielone-migdaly.pl\/index.php\/o-nas\/#breadcrumb\"},\"inLanguage\":\"pl-PL\",\"potentialAction\":[{\"@type\":\"ReadAction\",\"target\":[\"https:\/\/zielone-migdaly.pl\/index.php\/o-nas\/\"]}]},{\"@type\":\"ImageObject\",\"inLanguage\":\"pl-PL\",\"@id\":\"https:\/\/zielone-migdaly.pl\/index.php\/o-nas\/#primaryimage\",\"url\":\"https:\/\/zielone-migdaly.pl\/wp-content\/uploads\/2021\/12\/zielone-migdaly-2-500x640-1.jpg\",\"contentUrl\":\"https:\/\/zielone-migdaly.pl\/wp-content\/uploads\/2021\/12\/zielone-migdaly-2-500x640-1.jpg\",\"width\":500,\"height\":640},{\"@type\":\"BreadcrumbList\",\"@id\":\"https:\/\/zielone-migdaly.pl\/index.php\/o-nas\/#breadcrumb\",\"itemListElement\":[{\"@type\":\"ListItem\",\"position\":1,\"name\":\"Strona g\u0142\u00f3wna\",\"item\":\"https:\/\/zielone-migdaly.pl\/\"},{\"@type\":\"ListItem\",\"position\":2,\"name\":\"O nas\"}]},{\"@type\":\"WebSite\",\"@id\":\"https:\/\/zielone-migdaly.pl\/#website\",\"url\":\"https:\/\/zielone-migdaly.pl\/\",\"name\":\"Zielone Migda\u0142y\",\"description\":\"Sklep Vintage\",\"publisher\":{\"@id\":\"https:\/\/zielone-migdaly.pl\/#organization\"},\"potentialAction\":[{\"@type\":\"SearchAction\",\"target\":{\"@type\":\"EntryPoint\",\"urlTemplate\":\"https:\/\/zielone-migdaly.pl\/?s={search_term_string}\"},\"query-input\":\"required name=search_term_string\"}],\"inLanguage\":\"pl-PL\"},{\"@type\":\"Organization\",\"@id\":\"https:\/\/zielone-migdaly.pl\/#organization\",\"name\":\"Zielone Migda\u0142y\",\"url\":\"https:\/\/zielone-migdaly.pl\/\",\"logo\":{\"@type\":\"ImageObject\",\"inLanguage\":\"pl-PL\",\"@id\":\"https:\/\/zielone-migdaly.pl\/#\/schema\/logo\/image\/\",\"url\":\"https:\/\/zielone-migdaly.pl\/wp-content\/uploads\/2021\/11\/Zielone-Migdaly-Logo-WEB-2.png\",\"contentUrl\":\"https:\/\/zielone-migdaly.pl\/wp-content\/uploads\/2021\/11\/Zielone-Migdaly-Logo-WEB-2.png\",\"width\":500,\"height\":190,\"caption\":\"Zielone Migda\u0142y\"},\"image\":{\"@id\":\"https:\/\/zielone-migdaly.pl\/#\/schema\/logo\/image\/\"},\"sameAs\":[\"https:\/\/www.facebook.com\/lubiezielonemigdaly\",\"https:\/\/www.instagram.com\/lubie_zielone_migdaly\/\"]}]}<\/script>\n<!-- \/ Yoast SEO plugin. -->","yoast_head_json":{"title":"O nas - Zielone Migda\u0142y","robots":{"index":"index","follow":"follow","max-snippet":"max-snippet:-1","max-image-preview":"max-image-preview:large","max-video-preview":"max-video-preview:-1"},"canonical":"https:\/\/zielone-migdaly.pl\/index.php\/o-nas\/","og_locale":"pl_PL","og_type":"article","og_title":"O nas - Zielone Migda\u0142y","og_description":"Zielone-migdaly.pl to sklep on-line z przedmiotami vintage i z czas\u00f3w PRL. Znajdziecie tu przedmioty artystyczne i u\u017cytkowe: szk\u0142o, ceramik\u0119, porcelan\u0119, bi\u017cuteri\u0119, tkaniny, dekoracje, ozdoby \u015bwi\u0105teczne. Rzeczy pospolite i niepospolite. Symbole polskiego dizajnu, szk\u0142o z Huty Szk\u0142a Gospodarczego \u201eZ\u0105bkowice\u201d, porcelan\u0119 z Bogucic i \u0106mielowa, ceramik\u0119 z Mirostowic, porcelit z Pruszkowa, a tak\u017ce przedmioty, kt\u00f3rych pochodzenie trudno [&hellip;]","og_url":"https:\/\/zielone-migdaly.pl\/index.php\/o-nas\/","og_site_name":"Zielone Migda\u0142y","article_publisher":"https:\/\/www.facebook.com\/lubiezielonemigdaly","article_modified_time":"2021-12-27T08:53:26+00:00","og_image":[{"url":"https:\/\/zielone-migdaly.pl\/wp-content\/uploads\/2021\/12\/zielone-migdaly-2-500x640-1.jpg"}],"twitter_card":"summary_large_image","twitter_misc":{"Szacowany czas czytania":"1 minuta"},"schema":{"@context":"https:\/\/schema.org","@graph":[{"@type":"WebPage","@id":"https:\/\/zielone-migdaly.pl\/index.php\/o-nas\/","url":"https:\/\/zielone-migdaly.pl\/index.php\/o-nas\/","name":"O nas - Zielone Migda\u0142y","isPartOf":{"@id":"https:\/\/zielone-migdaly.pl\/#website"},"primaryImageOfPage":{"@id":"https:\/\/zielone-migdaly.pl\/index.php\/o-nas\/#primaryimage"},"image":{"@id":"https:\/\/zielone-migdaly.pl\/index.php\/o-nas\/#primaryimage"},"thumbnailUrl":"https:\/\/zielone-migdaly.pl\/wp-content\/uploads\/2021\/12\/zielone-migdaly-2-500x640-1.jpg","datePublished":"2019-09-12T10:25:30+00:00","dateModified":"2021-12-27T08:53:26+00:00","breadcrumb":{"@id":"https:\/\/zielone-migdaly.pl\/index.php\/o-nas\/#breadcrumb"},"inLanguage":"pl-PL","potentialAction":[{"@type":"ReadAction","target":["https:\/\/zielone-migdaly.pl\/index.php\/o-nas\/"]}]},{"@type":"ImageObject","inLanguage":"pl-PL","@id":"https:\/\/zielone-migdaly.pl\/index.php\/o-nas\/#primaryimage","url":"https:\/\/zielone-migdaly.pl\/wp-content\/uploads\/2021\/12\/zielone-migdaly-2-500x640-1.jpg","contentUrl":"https:\/\/zielone-migdaly.pl\/wp-content\/uploads\/2021\/12\/zielone-migdaly-2-500x640-1.jpg","width":500,"height":640},{"@type":"BreadcrumbList","@id":"https:\/\/zielone-migdaly.pl\/index.php\/o-nas\/#breadcrumb","itemListElement":[{"@type":"ListItem","position":1,"name":"Strona g\u0142\u00f3wna","item":"https:\/\/zielone-migdaly.pl\/"},{"@type":"ListItem","position":2,"name":"O nas"}]},{"@type":"WebSite","@id":"https:\/\/zielone-migdaly.pl\/#website","url":"https:\/\/zielone-migdaly.pl\/","name":"Zielone Migda\u0142y","description":"Sklep Vintage","publisher":{"@id":"https:\/\/zielone-migdaly.pl\/#organization"},"potentialAction":[{"@type":"SearchAction","target":{"@type":"EntryPoint","urlTemplate":"https:\/\/zielone-migdaly.pl\/?s={search_term_string}"},"query-input":"required name=search_term_string"}],"inLanguage":"pl-PL"},{"@type":"Organization","@id":"https:\/\/zielone-migdaly.pl\/#organization","name":"Zielone Migda\u0142y","url":"https:\/\/zielone-migdaly.pl\/","logo":{"@type":"ImageObject","inLanguage":"pl-PL","@id":"https:\/\/zielone-migdaly.pl\/#\/schema\/logo\/image\/","url":"https:\/\/zielone-migdaly.pl\/wp-content\/uploads\/2021\/11\/Zielone-Migdaly-Logo-WEB-2.png","contentUrl":"https:\/\/zielone-migdaly.pl\/wp-content\/uploads\/2021\/11\/Zielone-Migdaly-Logo-WEB-2.png","width":500,"height":190,"caption":"Zielone Migda\u0142y"},"image":{"@id":"https:\/\/zielone-migdaly.pl\/#\/schema\/logo\/image\/"},"sameAs":["https:\/\/www.facebook.com\/lubiezielonemigdaly","https:\/\/www.instagram.com\/lubie_zielone_migdaly\/"]}]}},"_links":{"self":[{"href":"https:\/\/zielone-migdaly.pl\/index.php\/wp-json\/wp\/v2\/pages\/169"}],"collection":[{"href":"https:\/\/zielone-migdaly.pl\/index.php\/wp-json\/wp\/v2\/pages"}],"about":[{"href":"https:\/\/zielone-migdaly.pl\/index.php\/wp-json\/wp\/v2\/types\/page"}],"author":[{"embeddable":true,"href":"https:\/\/zielone-migdaly.pl\/index.php\/wp-json\/wp\/v2\/users\/1"}],"replies":[{"embeddable":true,"href":"https:\/\/zielone-migdaly.pl\/index.php\/wp-json\/wp\/v2\/comments?post=169"}],"version-history":[{"count":40,"href":"https:\/\/zielone-migdaly.pl\/index.php\/wp-json\/wp\/v2\/pages\/169\/revisions"}],"predecessor-version":[{"id":957,"href":"https:\/\/zielone-migdaly.pl\/index.php\/wp-json\/wp\/v2\/pages\/169\/revisions\/957"}],"wp:attachment":[{"href":"https:\/\/zielone-migdaly.pl\/index.php\/wp-json\/wp\/v2\/media?parent=169"}],"curies":[{"name":"wp","href":"https:\/\/api.w.org\/{rel}","templated":true}]}}