{"id":176,"date":"2019-09-12T12:26:25","date_gmt":"2019-09-12T12:26:25","guid":{"rendered":"https:\/\/import.getbowtied.com\/theretailer3\/?page_id=176"},"modified":"2026-03-05T21:30:36","modified_gmt":"2026-03-05T20:30:36","slug":"najczesciej-zadawane-pytania","status":"publish","type":"page","link":"https:\/\/zielone-migdaly.pl\/index.php\/najczesciej-zadawane-pytania\/","title":{"rendered":"Najcz\u0119\u015bciej zadawane pytania"},"content":{"rendered":"\n<div style=\"height:20px\" aria-hidden=\"true\" class=\"wp-block-spacer\"><\/div>\n\n\n\n<h2 class=\"wp-block-heading\"><strong>Przedmioty<\/strong><\/h2>\n\n\n\n<div style=\"height:20px\" aria-hidden=\"true\" class=\"wp-block-spacer\"><\/div>\n\n\n\n<div class=\"wp-block-columns has-2-columns is-layout-flex wp-container-core-columns-layout-1 wp-block-columns-is-layout-flex\">\n<div class=\"wp-block-column is-layout-flow wp-block-column-is-layout-flow\">\n<h5 class=\"wp-block-heading\"><strong><strong>Co kupi\u0119 w Zielonych Migda\u0142ach?<\/strong><\/strong><\/h5>\n\n\n\n<p>Zielone Migda\u0142y to sklep internetowy z przedmiotami vintage, retro i z czas\u00f3w PRL. Sprzedajemy szk\u0142o, porcelan\u0119, ceramik\u0119, fajans, dekoracje, zabawki, figurki, sprz\u0119ty codziennego u\u017cytku. Znajdziesz u nas tak\u017ce bi\u017cuteri\u0119, tkaniny oraz ozdoby \u015bwi\u0105teczne. W naszej ofercie pojawiaj\u0105 si\u0119 tak\u017ce ksi\u0105\u017cki o wzornictwie oraz katalogi wystaw.<\/p>\n<\/div>\n\n\n\n<div class=\"wp-block-column is-layout-flow wp-block-column-is-layout-flow\">\n<h5 class=\"wp-block-heading\"><strong><strong>W jaki spos\u00f3b oceniacie stan przedmiot\u00f3w?<\/strong><\/strong><\/h5>\n\n\n\n<p>Przedmioty, kt\u00f3re znajdziecie w naszym sklepie to przedmioty u\u017cywane. Oceniamy ich stan w trzystopniowej skali \u2013 bardzo dobry, dobry, dostateczny oraz w opisie okre\u015blamy ich ewentualne niedoskona\u0142o\u015bci, zar\u00f3wno te wynikaj\u0105ce z produkcji, jak i te powsta\u0142e w wyniku u\u017cytkowania. Rzetelny opis oraz zdj\u0119cia to dla nas priorytet. Je\u017celi macie w\u0105tpliwo\u015bci dotycz\u0105ce stanu przedmiotu lub chcieliby\u015bcie otrzyma\u0107 dodatkowe zdj\u0119cia, zapraszamy do kontaktu!<\/p>\n<\/div>\n<\/div>\n\n\n\n<h2 class=\"wp-block-heading\"><strong><strong>Dostawa<\/strong><\/strong><\/h2>\n\n\n\n<div style=\"height:20px\" aria-hidden=\"true\" class=\"wp-block-spacer\"><\/div>\n\n\n\n<div class=\"wp-block-columns has-2-columns is-layout-flex wp-container-core-columns-layout-2 wp-block-columns-is-layout-flex\">\n<div class=\"wp-block-column is-layout-flow wp-block-column-is-layout-flow\">\n<h5 class=\"wp-block-heading\"><strong><strong>Jak szybko zrealizujecie moje zam\u00f3wienie?<\/strong><\/strong><\/h5>\n\n\n\n<p>Paczki przygotowujemy i wysy\u0142amy do 3 dni roboczych. Do czasu realizacji zam\u00f3wienia nale\u017cy doliczy\u0107 czas dostawy kurierem lub do paczkomatu [najcz\u0119\u015bciej 1-2 dni robocze]. W przypadku p\u0142atno\u015bci przelewem tradycyjnym, czas realizacji zam\u00f3wienia wyd\u0142u\u017cy si\u0119 o czas realizacji przelewu.&nbsp;<\/p>\n<\/div>\n\n\n\n<div class=\"wp-block-column is-layout-flow wp-block-column-is-layout-flow\">\n<h5 class=\"wp-block-heading\"><strong><strong>Jakie s\u0105 dost\u0119pne formy wysy\u0142ki?<\/strong><\/strong><\/h5>\n\n\n\n<p>Paczki wysy\u0142amy za po\u015brednictwem kuriera [22 z\u0142] oraz do paczkomat\u00f3w [20z\u0142]. Oferujemy bezp\u0142atn\u0105 wysy\u0142k\u0119 kurierem dla zam\u00f3wie\u0144 o warto\u015bci powy\u017cej 500z\u0142.\u00a0\u00a0<\/p>\n<\/div>\n<\/div>\n\n\n\n<div class=\"wp-block-columns has-2-columns is-layout-flex wp-container-core-columns-layout-3 wp-block-columns-is-layout-flex\">\n<div class=\"wp-block-column is-layout-flow wp-block-column-is-layout-flow\">\n<h5 class=\"wp-block-heading\"><strong><strong><strong>W jaki spos\u00f3b zabezpieczacie przedmioty do wysy\u0142ki?&nbsp;<\/strong><\/strong><\/strong><\/h5>\n\n\n\n<p>Przedmioty zabezpieczamy wykorzystuj\u0105c foli\u0119 b\u0105belkow\u0105 lub piank\u0119 polietylenow\u0105, stosujemy wype\u0142niacze papierowe, foliowe i kartonowe. Staramy si\u0119 przygotowywa\u0107 paczki zgodnie z ide\u0105 less waste, dlatego wykorzystujemy kartony z recyklingu oraz papier, folie i inne wype\u0142niacze \u201ez drugiej r\u0119ki\u201d. Wiemy, jak wa\u017cne jest zabezpieczenie kruchych przedmiot\u00f3w w paczkach, dlatego zrobimy wszystko, aby zawarto\u015b\u0107 przesy\u0142ki dotar\u0142a do Ciebie bezpiecznie.&nbsp;<\/p>\n<\/div>\n\n\n\n<div class=\"wp-block-column is-layout-flow wp-block-column-is-layout-flow\">\n<h5 class=\"wp-block-heading\"><strong><strong><strong>Czy mog\u0119 odebra\u0107 zakupy osobi\u015bcie?&nbsp;<\/strong><\/strong><\/strong><\/h5>\n\n\n\n<p>Zam\u00f3wienia mo\u017cna odebra\u0107 w Czeladzi, przy ul. Szpitalnej 9. Zapraszamy od poniedzia\u0142ku do pi\u0105tku, od 11:00 do 17:00. Mo\u017cliwy jest r\u00f3wnie\u017c odbi\u00f3r w innych dniach \/ godzinach \u2013 prosimy o kontakt telefoniczny w celu ustalenia szczeg\u00f3\u0142\u00f3w. Zakupione przedmioty mo\u017cemy r\u00f3wnie\u017c przekaza\u0107 na okolicznej gie\u0142dzie staroci, m.in. w Bytomiu, D\u0105browie G\u00f3rniczej i Pszczynie. &nbsp;<\/p>\n<\/div>\n<\/div>\n\n\n\n<h2 class=\"wp-block-heading\"><strong><strong>Zakupy<\/strong><\/strong><\/h2>\n\n\n\n<div style=\"height:20px\" aria-hidden=\"true\" class=\"wp-block-spacer\"><\/div>\n\n\n\n<div class=\"wp-block-columns has-2-columns is-layout-flex wp-container-core-columns-layout-4 wp-block-columns-is-layout-flex\">\n<div class=\"wp-block-column is-layout-flow wp-block-column-is-layout-flow\">\n<h5 class=\"wp-block-heading\"><strong><strong>W jaki spos\u00f3b mog\u0119 op\u0142aci\u0107 zam\u00f3wienie?<\/strong><\/strong><\/h5>\n\n\n\n<p>Formy p\u0142atno\u015bci dost\u0119pne w Sklepie to przelew na konto na podstawie danych do przelewu przesy\u0142anych w mailu generowanym automatycznie po dokonaniu zakupu oraz p\u0142atno\u015bci online obs\u0142ugiwane przez Cashbill S.A. W przypadku wyboru przelewu tradycyjnego, na wp\u0142at\u0119 czekamy do 5 dni roboczych, po tym terminie anulujemy zam\u00f3wienie, a zakupione przedmioty b\u0119d\u0105 ponownie dost\u0119pne w naszym sklepie. <br><\/p>\n<\/div>\n\n\n\n<div class=\"wp-block-column is-layout-flow wp-block-column-is-layout-flow\">\n<h5 class=\"wp-block-heading\"><strong><strong>Czy mog\u0119 zwr\u00f3ci\u0107 zakupione przedmioty?<\/strong><\/strong><\/h5>\n\n\n\n<p>Masz prawo zwr\u00f3ci\u0107 zakupione produkty bez podawania przyczyny, w terminie 14 dni kalendarzowych od ich otrzymania. Aby odst\u0105pi\u0107 od umowy, skontaktuj si\u0119 z nami i <a href=\"https:\/\/zielone-migdaly.pl\/wp-content\/uploads\/2022\/01\/ZM-oswiadczenie-o-odstapieniu-od-umowy.doc\" target=\"_blank\" rel=\"noreferrer noopener\">wype\u0142nij formularz zwrotu [link]<\/a>. Zwr\u00f3cimy koszty poniesione przez Ciebie podczas zakupu [koszt przedmiot\u00f3w i dostawy], jednak Ty poniesiesz bezpo\u015bredni koszt zwrotu przedmiot\u00f3w.&nbsp;<\/p>\n<\/div>\n<\/div>\n\n\n\n<h2 class=\"wp-block-heading\"><strong><strong>Skup<\/strong><\/strong> staroci<\/h2>\n\n\n\n<div class=\"wp-block-columns has-2-columns is-layout-flex wp-container-core-columns-layout-5 wp-block-columns-is-layout-flex\">\n<div class=\"wp-block-column is-layout-flow wp-block-column-is-layout-flow\">\n<h5 class=\"wp-block-heading\"><strong><strong><strong>Czy kupujecie starocie i antyki?<\/strong><\/strong><\/strong><\/h5>\n\n\n\n<p>Kupujemy starocie i antyki na terenie Zag\u0142\u0119bia i \u015al\u0105ska, ale ch\u0119tnie wybierzemy si\u0119 tak\u017ce w dalsz\u0105 podr\u00f3\u017c. Je\u017celi posiadasz ciekawe przedmioty, skontaktuj si\u0119 z nami. Przyjedziemy, wycenimy, ch\u0119tnie poznamy histori\u0119 sprzedawanych przedmiot\u00f3w.<br>tel.: 514&nbsp;808&nbsp;109 \/ mail: <a href=\"mailto:sklep@zielone-migdaly.pl\">sklep@zielone-migdaly.pl<\/a><\/p>\n<\/div>\n\n\n\n<div class=\"wp-block-column is-layout-flow wp-block-column-is-layout-flow\"><\/div>\n<\/div>\n","protected":false},"excerpt":{"rendered":"<p>Przedmioty Co kupi\u0119 w Zielonych Migda\u0142ach? Zielone Migda\u0142y to sklep internetowy z przedmiotami vintage, retro i z czas\u00f3w PRL. Sprzedajemy szk\u0142o, porcelan\u0119, ceramik\u0119, fajans, dekoracje, zabawki, figurki, sprz\u0119ty codziennego u\u017cytku. Znajdziesz u nas tak\u017ce bi\u017cuteri\u0119, tkaniny oraz ozdoby \u015bwi\u0105teczne. W naszej ofercie pojawiaj\u0105 si\u0119 tak\u017ce ksi\u0105\u017cki o wzornictwie oraz katalogi wystaw. W jaki spos\u00f3b oceniacie [&hellip;]<\/p>\n","protected":false},"author":1,"featured_media":0,"parent":0,"menu_order":0,"comment_status":"closed","ping_status":"closed","template":"","meta":{"footnotes":""},"yoast_head":"<!-- This site is optimized with the Yoast SEO plugin v23.0 - https:\/\/yoast.com\/wordpress\/plugins\/seo\/ -->\n<title>Najcz\u0119\u015bciej zadawane pytania - Zielone Migda\u0142y<\/title>\n<meta name=\"robots\" content=\"index, follow, max-snippet:-1, max-image-preview:large, max-video-preview:-1\" \/>\n<link rel=\"canonical\" href=\"https:\/\/zielone-migdaly.pl\/index.php\/najczesciej-zadawane-pytania\/\" \/>\n<meta property=\"og:locale\" content=\"pl_PL\" \/>\n<meta property=\"og:type\" content=\"article\" \/>\n<meta property=\"og:title\" content=\"Najcz\u0119\u015bciej zadawane pytania - Zielone Migda\u0142y\" \/>\n<meta property=\"og:description\" content=\"Przedmioty Co kupi\u0119 w Zielonych Migda\u0142ach? Zielone Migda\u0142y to sklep internetowy z przedmiotami vintage, retro i z czas\u00f3w PRL. Sprzedajemy szk\u0142o, porcelan\u0119, ceramik\u0119, fajans, dekoracje, zabawki, figurki, sprz\u0119ty codziennego u\u017cytku. Znajdziesz u nas tak\u017ce bi\u017cuteri\u0119, tkaniny oraz ozdoby \u015bwi\u0105teczne. W naszej ofercie pojawiaj\u0105 si\u0119 tak\u017ce ksi\u0105\u017cki o wzornictwie oraz katalogi wystaw. W jaki spos\u00f3b oceniacie [&hellip;]\" \/>\n<meta property=\"og:url\" content=\"https:\/\/zielone-migdaly.pl\/index.php\/najczesciej-zadawane-pytania\/\" \/>\n<meta property=\"og:site_name\" content=\"Zielone Migda\u0142y\" \/>\n<meta property=\"article:publisher\" content=\"https:\/\/www.facebook.com\/lubiezielonemigdaly\" \/>\n<meta property=\"article:modified_time\" content=\"2026-03-05T20:30:36+00:00\" \/>\n<meta name=\"twitter:card\" content=\"summary_large_image\" \/>\n<meta name=\"twitter:label1\" content=\"Szacowany czas czytania\" \/>\n\t<meta name=\"twitter:data1\" content=\"3 minuty\" \/>\n<script type=\"application\/ld+json\" class=\"yoast-schema-graph\">{\"@context\":\"https:\/\/schema.org\",\"@graph\":[{\"@type\":\"WebPage\",\"@id\":\"https:\/\/zielone-migdaly.pl\/index.php\/najczesciej-zadawane-pytania\/\",\"url\":\"https:\/\/zielone-migdaly.pl\/index.php\/najczesciej-zadawane-pytania\/\",\"name\":\"Najcz\u0119\u015bciej zadawane pytania - Zielone Migda\u0142y\",\"isPartOf\":{\"@id\":\"https:\/\/zielone-migdaly.pl\/#website\"},\"datePublished\":\"2019-09-12T12:26:25+00:00\",\"dateModified\":\"2026-03-05T20:30:36+00:00\",\"breadcrumb\":{\"@id\":\"https:\/\/zielone-migdaly.pl\/index.php\/najczesciej-zadawane-pytania\/#breadcrumb\"},\"inLanguage\":\"pl-PL\",\"potentialAction\":[{\"@type\":\"ReadAction\",\"target\":[\"https:\/\/zielone-migdaly.pl\/index.php\/najczesciej-zadawane-pytania\/\"]}]},{\"@type\":\"BreadcrumbList\",\"@id\":\"https:\/\/zielone-migdaly.pl\/index.php\/najczesciej-zadawane-pytania\/#breadcrumb\",\"itemListElement\":[{\"@type\":\"ListItem\",\"position\":1,\"name\":\"Strona g\u0142\u00f3wna\",\"item\":\"https:\/\/zielone-migdaly.pl\/\"},{\"@type\":\"ListItem\",\"position\":2,\"name\":\"Najcz\u0119\u015bciej zadawane pytania\"}]},{\"@type\":\"WebSite\",\"@id\":\"https:\/\/zielone-migdaly.pl\/#website\",\"url\":\"https:\/\/zielone-migdaly.pl\/\",\"name\":\"Zielone Migda\u0142y\",\"description\":\"Sklep Vintage\",\"publisher\":{\"@id\":\"https:\/\/zielone-migdaly.pl\/#organization\"},\"potentialAction\":[{\"@type\":\"SearchAction\",\"target\":{\"@type\":\"EntryPoint\",\"urlTemplate\":\"https:\/\/zielone-migdaly.pl\/?s={search_term_string}\"},\"query-input\":\"required name=search_term_string\"}],\"inLanguage\":\"pl-PL\"},{\"@type\":\"Organization\",\"@id\":\"https:\/\/zielone-migdaly.pl\/#organization\",\"name\":\"Zielone Migda\u0142y\",\"url\":\"https:\/\/zielone-migdaly.pl\/\",\"logo\":{\"@type\":\"ImageObject\",\"inLanguage\":\"pl-PL\",\"@id\":\"https:\/\/zielone-migdaly.pl\/#\/schema\/logo\/image\/\",\"url\":\"https:\/\/zielone-migdaly.pl\/wp-content\/uploads\/2021\/11\/Zielone-Migdaly-Logo-WEB-2.png\",\"contentUrl\":\"https:\/\/zielone-migdaly.pl\/wp-content\/uploads\/2021\/11\/Zielone-Migdaly-Logo-WEB-2.png\",\"width\":500,\"height\":190,\"caption\":\"Zielone Migda\u0142y\"},\"image\":{\"@id\":\"https:\/\/zielone-migdaly.pl\/#\/schema\/logo\/image\/\"},\"sameAs\":[\"https:\/\/www.facebook.com\/lubiezielonemigdaly\",\"https:\/\/www.instagram.com\/lubie_zielone_migdaly\/\"]}]}<\/script>\n<!-- \/ Yoast SEO plugin. -->","yoast_head_json":{"title":"Najcz\u0119\u015bciej zadawane pytania - Zielone Migda\u0142y","robots":{"index":"index","follow":"follow","max-snippet":"max-snippet:-1","max-image-preview":"max-image-preview:large","max-video-preview":"max-video-preview:-1"},"canonical":"https:\/\/zielone-migdaly.pl\/index.php\/najczesciej-zadawane-pytania\/","og_locale":"pl_PL","og_type":"article","og_title":"Najcz\u0119\u015bciej zadawane pytania - Zielone Migda\u0142y","og_description":"Przedmioty Co kupi\u0119 w Zielonych Migda\u0142ach? Zielone Migda\u0142y to sklep internetowy z przedmiotami vintage, retro i z czas\u00f3w PRL. Sprzedajemy szk\u0142o, porcelan\u0119, ceramik\u0119, fajans, dekoracje, zabawki, figurki, sprz\u0119ty codziennego u\u017cytku. Znajdziesz u nas tak\u017ce bi\u017cuteri\u0119, tkaniny oraz ozdoby \u015bwi\u0105teczne. W naszej ofercie pojawiaj\u0105 si\u0119 tak\u017ce ksi\u0105\u017cki o wzornictwie oraz katalogi wystaw. W jaki spos\u00f3b oceniacie [&hellip;]","og_url":"https:\/\/zielone-migdaly.pl\/index.php\/najczesciej-zadawane-pytania\/","og_site_name":"Zielone Migda\u0142y","article_publisher":"https:\/\/www.facebook.com\/lubiezielonemigdaly","article_modified_time":"2026-03-05T20:30:36+00:00","twitter_card":"summary_large_image","twitter_misc":{"Szacowany czas czytania":"3 minuty"},"schema":{"@context":"https:\/\/schema.org","@graph":[{"@type":"WebPage","@id":"https:\/\/zielone-migdaly.pl\/index.php\/najczesciej-zadawane-pytania\/","url":"https:\/\/zielone-migdaly.pl\/index.php\/najczesciej-zadawane-pytania\/","name":"Najcz\u0119\u015bciej zadawane pytania - Zielone Migda\u0142y","isPartOf":{"@id":"https:\/\/zielone-migdaly.pl\/#website"},"datePublished":"2019-09-12T12:26:25+00:00","dateModified":"2026-03-05T20:30:36+00:00","breadcrumb":{"@id":"https:\/\/zielone-migdaly.pl\/index.php\/najczesciej-zadawane-pytania\/#breadcrumb"},"inLanguage":"pl-PL","potentialAction":[{"@type":"ReadAction","target":["https:\/\/zielone-migdaly.pl\/index.php\/najczesciej-zadawane-pytania\/"]}]},{"@type":"BreadcrumbList","@id":"https:\/\/zielone-migdaly.pl\/index.php\/najczesciej-zadawane-pytania\/#breadcrumb","itemListElement":[{"@type":"ListItem","position":1,"name":"Strona g\u0142\u00f3wna","item":"https:\/\/zielone-migdaly.pl\/"},{"@type":"ListItem","position":2,"name":"Najcz\u0119\u015bciej zadawane pytania"}]},{"@type":"WebSite","@id":"https:\/\/zielone-migdaly.pl\/#website","url":"https:\/\/zielone-migdaly.pl\/","name":"Zielone Migda\u0142y","description":"Sklep Vintage","publisher":{"@id":"https:\/\/zielone-migdaly.pl\/#organization"},"potentialAction":[{"@type":"SearchAction","target":{"@type":"EntryPoint","urlTemplate":"https:\/\/zielone-migdaly.pl\/?s={search_term_string}"},"query-input":"required name=search_term_string"}],"inLanguage":"pl-PL"},{"@type":"Organization","@id":"https:\/\/zielone-migdaly.pl\/#organization","name":"Zielone Migda\u0142y","url":"https:\/\/zielone-migdaly.pl\/","logo":{"@type":"ImageObject","inLanguage":"pl-PL","@id":"https:\/\/zielone-migdaly.pl\/#\/schema\/logo\/image\/","url":"https:\/\/zielone-migdaly.pl\/wp-content\/uploads\/2021\/11\/Zielone-Migdaly-Logo-WEB-2.png","contentUrl":"https:\/\/zielone-migdaly.pl\/wp-content\/uploads\/2021\/11\/Zielone-Migdaly-Logo-WEB-2.png","width":500,"height":190,"caption":"Zielone Migda\u0142y"},"image":{"@id":"https:\/\/zielone-migdaly.pl\/#\/schema\/logo\/image\/"},"sameAs":["https:\/\/www.facebook.com\/lubiezielonemigdaly","https:\/\/www.instagram.com\/lubie_zielone_migdaly\/"]}]}},"_links":{"self":[{"href":"https:\/\/zielone-migdaly.pl\/index.php\/wp-json\/wp\/v2\/pages\/176"}],"collection":[{"href":"https:\/\/zielone-migdaly.pl\/index.php\/wp-json\/wp\/v2\/pages"}],"about":[{"href":"https:\/\/zielone-migdaly.pl\/index.php\/wp-json\/wp\/v2\/types\/page"}],"author":[{"embeddable":true,"href":"https:\/\/zielone-migdaly.pl\/index.php\/wp-json\/wp\/v2\/users\/1"}],"replies":[{"embeddable":true,"href":"https:\/\/zielone-migdaly.pl\/index.php\/wp-json\/wp\/v2\/comments?post=176"}],"version-history":[{"count":20,"href":"https:\/\/zielone-migdaly.pl\/index.php\/wp-json\/wp\/v2\/pages\/176\/revisions"}],"predecessor-version":[{"id":22633,"href":"https:\/\/zielone-migdaly.pl\/index.php\/wp-json\/wp\/v2\/pages\/176\/revisions\/22633"}],"wp:attachment":[{"href":"https:\/\/zielone-migdaly.pl\/index.php\/wp-json\/wp\/v2\/media?parent=176"}],"curies":[{"name":"wp","href":"https:\/\/api.w.org\/{rel}","templated":true}]}}