{"id":10666,"date":"2024-05-13T21:09:52","date_gmt":"2024-05-13T19:09:52","guid":{"rendered":"https:\/\/zielone-migdaly.pl\/?post_type=product&#038;p=10666"},"modified":"2025-01-24T21:02:35","modified_gmt":"2025-01-24T20:02:35","slug":"zestaw-czterech-kubkow-do-napojow-chodziez","status":"publish","type":"product","link":"https:\/\/zielone-migdaly.pl\/index.php\/produkt\/zestaw-czterech-kubkow-do-napojow-chodziez\/","title":{"rendered":"Zestaw czterech kubk\u00f3w do napoj\u00f3w &#8211; Chodzie\u017c"},"content":{"rendered":"<p>Zestaw czterech kubk\u00f3w do napoj\u00f3w wykonanych w zak\u0142adach Chodzie\u017c. Porcelit w kolorze bia\u0142ym, z br\u0105zowym kwiatowym motywem.<\/p>\n<p><span data-sheets-root=\"1\" data-sheets-value=\"{&quot;1&quot;:2,&quot;2&quot;:&quot;Wysoko\u015b\u0107 9cm, \u015brednica 8cm. Stan dobry, drobne b\u0142\u0119dy w kalkomanii, zabrudzenia szkliwa.&quot;}\" data-sheets-userformat=\"{&quot;2&quot;:12803,&quot;3&quot;:{&quot;1&quot;:0},&quot;4&quot;:{&quot;1&quot;:3,&quot;3&quot;:2},&quot;12&quot;:0,&quot;15&quot;:&quot;Arial&quot;,&quot;16&quot;:10}\">Wysoko\u015b\u0107 9cm, \u015brednica 8cm. <\/span><\/p>\n<p><span data-sheets-root=\"1\" data-sheets-value=\"{&quot;1&quot;:2,&quot;2&quot;:&quot;Wysoko\u015b\u0107 9cm, \u015brednica 8cm. Stan dobry, drobne b\u0142\u0119dy w kalkomanii, zabrudzenia szkliwa.&quot;}\" data-sheets-userformat=\"{&quot;2&quot;:12803,&quot;3&quot;:{&quot;1&quot;:0},&quot;4&quot;:{&quot;1&quot;:3,&quot;3&quot;:2},&quot;12&quot;:0,&quot;15&quot;:&quot;Arial&quot;,&quot;16&quot;:10}\">Stan dobry, drobne b\u0142\u0119dy w kalkomanii, zabrudzenia szkliwa.<\/span><\/p>\n","protected":false},"excerpt":{"rendered":"<p>Zestaw czterech kubk\u00f3w do napoj\u00f3w wykonanych w zak\u0142adach Chodzie\u017c. Porcelit w kolorze bia\u0142ym, z br\u0105zowym kwiatowym motywem. Wysoko\u015b\u0107 9cm, \u015brednica 8cm. Stan dobry, drobne b\u0142\u0119dy w kalkomanii, zabrudzenia szkliwa.<\/p>\n","protected":false},"featured_media":10660,"template":"","meta":[],"product_cat":[52],"product_tag":[328,173,73,77,101,102,716,71,72,74,596],"yoast_head":"<!-- This site is optimized with the Yoast SEO plugin v23.0 - https:\/\/yoast.com\/wordpress\/plugins\/seo\/ -->\n<title>Zestaw czterech kubk\u00f3w do napoj\u00f3w - Chodzie\u017c - Zielone Migda\u0142y<\/title>\n<meta name=\"description\" content=\"Zestaw czterech kubk\u00f3w do napoj\u00f3w wykonanych w zak\u0142adach Chodzie\u017c. Porcelit w kolorze bia\u0142ym, z br\u0105zowym kwiatowym motywem.\u00a0\" \/>\n<meta name=\"robots\" content=\"index, follow, max-snippet:-1, max-image-preview:large, max-video-preview:-1\" \/>\n<link rel=\"canonical\" href=\"https:\/\/zielone-migdaly.pl\/index.php\/produkt\/zestaw-czterech-kubkow-do-napojow-chodziez\/\" \/>\n<meta property=\"og:locale\" content=\"pl_PL\" \/>\n<meta property=\"og:type\" content=\"article\" \/>\n<meta property=\"og:title\" content=\"Zestaw czterech kubk\u00f3w do napoj\u00f3w - Chodzie\u017c - Zielone Migda\u0142y\" \/>\n<meta property=\"og:description\" content=\"Zestaw czterech kubk\u00f3w do napoj\u00f3w wykonanych w zak\u0142adach Chodzie\u017c. Porcelit w kolorze bia\u0142ym, z br\u0105zowym kwiatowym motywem.\u00a0\" \/>\n<meta property=\"og:url\" content=\"https:\/\/zielone-migdaly.pl\/index.php\/produkt\/zestaw-czterech-kubkow-do-napojow-chodziez\/\" \/>\n<meta property=\"og:site_name\" content=\"Zielone Migda\u0142y\" \/>\n<meta property=\"article:publisher\" content=\"https:\/\/www.facebook.com\/lubiezielonemigdaly\" \/>\n<meta property=\"article:modified_time\" content=\"2025-01-24T20:02:35+00:00\" \/>\n<meta property=\"og:image\" content=\"https:\/\/zielone-migdaly.pl\/wp-content\/uploads\/2024\/05\/zielone-migdaly-ss060.jpg\" \/>\n\t<meta property=\"og:image:width\" content=\"500\" \/>\n\t<meta property=\"og:image:height\" content=\"750\" \/>\n\t<meta property=\"og:image:type\" content=\"image\/jpeg\" \/>\n<meta name=\"twitter:card\" content=\"summary_large_image\" \/>\n<script type=\"application\/ld+json\" class=\"yoast-schema-graph\">{\"@context\":\"https:\/\/schema.org\",\"@graph\":[{\"@type\":\"WebPage\",\"@id\":\"https:\/\/zielone-migdaly.pl\/index.php\/produkt\/zestaw-czterech-kubkow-do-napojow-chodziez\/\",\"url\":\"https:\/\/zielone-migdaly.pl\/index.php\/produkt\/zestaw-czterech-kubkow-do-napojow-chodziez\/\",\"name\":\"Zestaw czterech kubk\u00f3w do napoj\u00f3w - Chodzie\u017c - Zielone Migda\u0142y\",\"isPartOf\":{\"@id\":\"https:\/\/zielone-migdaly.pl\/#website\"},\"primaryImageOfPage\":{\"@id\":\"https:\/\/zielone-migdaly.pl\/index.php\/produkt\/zestaw-czterech-kubkow-do-napojow-chodziez\/#primaryimage\"},\"image\":{\"@id\":\"https:\/\/zielone-migdaly.pl\/index.php\/produkt\/zestaw-czterech-kubkow-do-napojow-chodziez\/#primaryimage\"},\"thumbnailUrl\":\"https:\/\/zielone-migdaly.pl\/wp-content\/uploads\/2024\/05\/zielone-migdaly-ss060.jpg\",\"datePublished\":\"2024-05-13T19:09:52+00:00\",\"dateModified\":\"2025-01-24T20:02:35+00:00\",\"description\":\"Zestaw czterech kubk\u00f3w do napoj\u00f3w wykonanych w zak\u0142adach Chodzie\u017c. Porcelit w kolorze bia\u0142ym, z br\u0105zowym kwiatowym motywem.\u00a0\",\"breadcrumb\":{\"@id\":\"https:\/\/zielone-migdaly.pl\/index.php\/produkt\/zestaw-czterech-kubkow-do-napojow-chodziez\/#breadcrumb\"},\"inLanguage\":\"pl-PL\",\"potentialAction\":[{\"@type\":\"ReadAction\",\"target\":[\"https:\/\/zielone-migdaly.pl\/index.php\/produkt\/zestaw-czterech-kubkow-do-napojow-chodziez\/\"]}]},{\"@type\":\"ImageObject\",\"inLanguage\":\"pl-PL\",\"@id\":\"https:\/\/zielone-migdaly.pl\/index.php\/produkt\/zestaw-czterech-kubkow-do-napojow-chodziez\/#primaryimage\",\"url\":\"https:\/\/zielone-migdaly.pl\/wp-content\/uploads\/2024\/05\/zielone-migdaly-ss060.jpg\",\"contentUrl\":\"https:\/\/zielone-migdaly.pl\/wp-content\/uploads\/2024\/05\/zielone-migdaly-ss060.jpg\",\"width\":500,\"height\":750},{\"@type\":\"BreadcrumbList\",\"@id\":\"https:\/\/zielone-migdaly.pl\/index.php\/produkt\/zestaw-czterech-kubkow-do-napojow-chodziez\/#breadcrumb\",\"itemListElement\":[{\"@type\":\"ListItem\",\"position\":1,\"name\":\"Strona g\u0142\u00f3wna\",\"item\":\"https:\/\/zielone-migdaly.pl\/\"},{\"@type\":\"ListItem\",\"position\":2,\"name\":\"Sklep\",\"item\":\"https:\/\/zielone-migdaly.pl\/index.php\/sklep\/\"},{\"@type\":\"ListItem\",\"position\":3,\"name\":\"Zestaw czterech kubk\u00f3w do napoj\u00f3w &#8211; Chodzie\u017c\"}]},{\"@type\":\"WebSite\",\"@id\":\"https:\/\/zielone-migdaly.pl\/#website\",\"url\":\"https:\/\/zielone-migdaly.pl\/\",\"name\":\"Zielone Migda\u0142y\",\"description\":\"Sklep Vintage\",\"publisher\":{\"@id\":\"https:\/\/zielone-migdaly.pl\/#organization\"},\"potentialAction\":[{\"@type\":\"SearchAction\",\"target\":{\"@type\":\"EntryPoint\",\"urlTemplate\":\"https:\/\/zielone-migdaly.pl\/?s={search_term_string}\"},\"query-input\":\"required name=search_term_string\"}],\"inLanguage\":\"pl-PL\"},{\"@type\":\"Organization\",\"@id\":\"https:\/\/zielone-migdaly.pl\/#organization\",\"name\":\"Zielone Migda\u0142y\",\"url\":\"https:\/\/zielone-migdaly.pl\/\",\"logo\":{\"@type\":\"ImageObject\",\"inLanguage\":\"pl-PL\",\"@id\":\"https:\/\/zielone-migdaly.pl\/#\/schema\/logo\/image\/\",\"url\":\"https:\/\/zielone-migdaly.pl\/wp-content\/uploads\/2021\/11\/Zielone-Migdaly-Logo-WEB-2.png\",\"contentUrl\":\"https:\/\/zielone-migdaly.pl\/wp-content\/uploads\/2021\/11\/Zielone-Migdaly-Logo-WEB-2.png\",\"width\":500,\"height\":190,\"caption\":\"Zielone Migda\u0142y\"},\"image\":{\"@id\":\"https:\/\/zielone-migdaly.pl\/#\/schema\/logo\/image\/\"},\"sameAs\":[\"https:\/\/www.facebook.com\/lubiezielonemigdaly\",\"https:\/\/www.instagram.com\/lubie_zielone_migdaly\/\"]}]}<\/script>\n<!-- \/ Yoast SEO plugin. -->","yoast_head_json":{"title":"Zestaw czterech kubk\u00f3w do napoj\u00f3w - Chodzie\u017c - Zielone Migda\u0142y","description":"Zestaw czterech kubk\u00f3w do napoj\u00f3w wykonanych w zak\u0142adach Chodzie\u017c. Porcelit w kolorze bia\u0142ym, z br\u0105zowym kwiatowym motywem.\u00a0","robots":{"index":"index","follow":"follow","max-snippet":"max-snippet:-1","max-image-preview":"max-image-preview:large","max-video-preview":"max-video-preview:-1"},"canonical":"https:\/\/zielone-migdaly.pl\/index.php\/produkt\/zestaw-czterech-kubkow-do-napojow-chodziez\/","og_locale":"pl_PL","og_type":"article","og_title":"Zestaw czterech kubk\u00f3w do napoj\u00f3w - Chodzie\u017c - Zielone Migda\u0142y","og_description":"Zestaw czterech kubk\u00f3w do napoj\u00f3w wykonanych w zak\u0142adach Chodzie\u017c. Porcelit w kolorze bia\u0142ym, z br\u0105zowym kwiatowym motywem.\u00a0","og_url":"https:\/\/zielone-migdaly.pl\/index.php\/produkt\/zestaw-czterech-kubkow-do-napojow-chodziez\/","og_site_name":"Zielone Migda\u0142y","article_publisher":"https:\/\/www.facebook.com\/lubiezielonemigdaly","article_modified_time":"2025-01-24T20:02:35+00:00","og_image":[{"width":500,"height":750,"url":"https:\/\/zielone-migdaly.pl\/wp-content\/uploads\/2024\/05\/zielone-migdaly-ss060.jpg","type":"image\/jpeg"}],"twitter_card":"summary_large_image","schema":{"@context":"https:\/\/schema.org","@graph":[{"@type":"WebPage","@id":"https:\/\/zielone-migdaly.pl\/index.php\/produkt\/zestaw-czterech-kubkow-do-napojow-chodziez\/","url":"https:\/\/zielone-migdaly.pl\/index.php\/produkt\/zestaw-czterech-kubkow-do-napojow-chodziez\/","name":"Zestaw czterech kubk\u00f3w do napoj\u00f3w - Chodzie\u017c - Zielone Migda\u0142y","isPartOf":{"@id":"https:\/\/zielone-migdaly.pl\/#website"},"primaryImageOfPage":{"@id":"https:\/\/zielone-migdaly.pl\/index.php\/produkt\/zestaw-czterech-kubkow-do-napojow-chodziez\/#primaryimage"},"image":{"@id":"https:\/\/zielone-migdaly.pl\/index.php\/produkt\/zestaw-czterech-kubkow-do-napojow-chodziez\/#primaryimage"},"thumbnailUrl":"https:\/\/zielone-migdaly.pl\/wp-content\/uploads\/2024\/05\/zielone-migdaly-ss060.jpg","datePublished":"2024-05-13T19:09:52+00:00","dateModified":"2025-01-24T20:02:35+00:00","description":"Zestaw czterech kubk\u00f3w do napoj\u00f3w wykonanych w zak\u0142adach Chodzie\u017c. Porcelit w kolorze bia\u0142ym, z br\u0105zowym kwiatowym motywem.\u00a0","breadcrumb":{"@id":"https:\/\/zielone-migdaly.pl\/index.php\/produkt\/zestaw-czterech-kubkow-do-napojow-chodziez\/#breadcrumb"},"inLanguage":"pl-PL","potentialAction":[{"@type":"ReadAction","target":["https:\/\/zielone-migdaly.pl\/index.php\/produkt\/zestaw-czterech-kubkow-do-napojow-chodziez\/"]}]},{"@type":"ImageObject","inLanguage":"pl-PL","@id":"https:\/\/zielone-migdaly.pl\/index.php\/produkt\/zestaw-czterech-kubkow-do-napojow-chodziez\/#primaryimage","url":"https:\/\/zielone-migdaly.pl\/wp-content\/uploads\/2024\/05\/zielone-migdaly-ss060.jpg","contentUrl":"https:\/\/zielone-migdaly.pl\/wp-content\/uploads\/2024\/05\/zielone-migdaly-ss060.jpg","width":500,"height":750},{"@type":"BreadcrumbList","@id":"https:\/\/zielone-migdaly.pl\/index.php\/produkt\/zestaw-czterech-kubkow-do-napojow-chodziez\/#breadcrumb","itemListElement":[{"@type":"ListItem","position":1,"name":"Strona g\u0142\u00f3wna","item":"https:\/\/zielone-migdaly.pl\/"},{"@type":"ListItem","position":2,"name":"Sklep","item":"https:\/\/zielone-migdaly.pl\/index.php\/sklep\/"},{"@type":"ListItem","position":3,"name":"Zestaw czterech kubk\u00f3w do napoj\u00f3w &#8211; Chodzie\u017c"}]},{"@type":"WebSite","@id":"https:\/\/zielone-migdaly.pl\/#website","url":"https:\/\/zielone-migdaly.pl\/","name":"Zielone Migda\u0142y","description":"Sklep Vintage","publisher":{"@id":"https:\/\/zielone-migdaly.pl\/#organization"},"potentialAction":[{"@type":"SearchAction","target":{"@type":"EntryPoint","urlTemplate":"https:\/\/zielone-migdaly.pl\/?s={search_term_string}"},"query-input":"required name=search_term_string"}],"inLanguage":"pl-PL"},{"@type":"Organization","@id":"https:\/\/zielone-migdaly.pl\/#organization","name":"Zielone Migda\u0142y","url":"https:\/\/zielone-migdaly.pl\/","logo":{"@type":"ImageObject","inLanguage":"pl-PL","@id":"https:\/\/zielone-migdaly.pl\/#\/schema\/logo\/image\/","url":"https:\/\/zielone-migdaly.pl\/wp-content\/uploads\/2021\/11\/Zielone-Migdaly-Logo-WEB-2.png","contentUrl":"https:\/\/zielone-migdaly.pl\/wp-content\/uploads\/2021\/11\/Zielone-Migdaly-Logo-WEB-2.png","width":500,"height":190,"caption":"Zielone Migda\u0142y"},"image":{"@id":"https:\/\/zielone-migdaly.pl\/#\/schema\/logo\/image\/"},"sameAs":["https:\/\/www.facebook.com\/lubiezielonemigdaly","https:\/\/www.instagram.com\/lubie_zielone_migdaly\/"]}]}},"_links":{"self":[{"href":"https:\/\/zielone-migdaly.pl\/index.php\/wp-json\/wp\/v2\/product\/10666"}],"collection":[{"href":"https:\/\/zielone-migdaly.pl\/index.php\/wp-json\/wp\/v2\/product"}],"about":[{"href":"https:\/\/zielone-migdaly.pl\/index.php\/wp-json\/wp\/v2\/types\/product"}],"wp:featuredmedia":[{"embeddable":true,"href":"https:\/\/zielone-migdaly.pl\/index.php\/wp-json\/wp\/v2\/media\/10660"}],"wp:attachment":[{"href":"https:\/\/zielone-migdaly.pl\/index.php\/wp-json\/wp\/v2\/media?parent=10666"}],"wp:term":[{"taxonomy":"product_cat","embeddable":true,"href":"https:\/\/zielone-migdaly.pl\/index.php\/wp-json\/wp\/v2\/product_cat?post=10666"},{"taxonomy":"product_tag","embeddable":true,"href":"https:\/\/zielone-migdaly.pl\/index.php\/wp-json\/wp\/v2\/product_tag?post=10666"}],"curies":[{"name":"wp","href":"https:\/\/api.w.org\/{rel}","templated":true}]}}