{"id":11483,"date":"2024-07-20T13:18:13","date_gmt":"2024-07-20T11:18:13","guid":{"rendered":"https:\/\/zielone-migdaly.pl\/?post_type=product&#038;p=11483"},"modified":"2025-02-10T21:45:49","modified_gmt":"2025-02-10T20:45:49","slug":"porcelanowy-serwis-aldona-chodziez","status":"publish","type":"product","link":"https:\/\/zielone-migdaly.pl\/index.php\/produkt\/porcelanowy-serwis-aldona-chodziez\/","title":{"rendered":"Porcelanowy serwis Aldona &#8211; Chodzie\u017c"},"content":{"rendered":"<p>Porcelanowy serwis kawowy Aldona wykonany w zak\u0142adach Chodzie\u017c. Zestaw sk\u0142ada si\u0119 z dzbanka, cukiernicy, mlecznika, 5 fili\u017canek ze spodkami. Porcelana bia\u0142a, z delikatn\u0105 z\u0142ot\u0105 dekoracj\u0105.<\/p>\n<p><span data-sheets-root=\"1\" data-sheets-value=\"{&quot;1&quot;:2,&quot;2&quot;:&quot;Wysoko\u015b\u0107 dzbanka 20cm, wysoko\u015b\u0107 mlecznika 9cm, wysoko\u015b\u0107 cukiernicy 9cm. \u015arednica fili\u017canki bez uszka 6cm, wysoko\u015b\u0107 5cm, \u015brednica spodk\u00f3w 12cm. Stan dobry, brak oryginalnej przykrywki dzbanka. Na spodzie cukiernicy mikroubytek, wewn\u0105trz cukiernicy zabrudzenie. Niedoszkliwienie na r\u0105czce dzbanka&quot;}\" data-sheets-userformat=\"{&quot;2&quot;:12803,&quot;3&quot;:{&quot;1&quot;:0},&quot;4&quot;:{&quot;1&quot;:3,&quot;3&quot;:2},&quot;12&quot;:0,&quot;15&quot;:&quot;Arial&quot;,&quot;16&quot;:10}\">Wysoko\u015b\u0107 dzbanka 20cm, wysoko\u015b\u0107 mlecznika 9cm, wysoko\u015b\u0107 cukiernicy 9cm. \u015arednica fili\u017canki bez uszka 6cm, wysoko\u015b\u0107 5cm, \u015brednica spodk\u00f3w 12cm. <\/span><\/p>\n<p><span data-sheets-root=\"1\" data-sheets-value=\"{&quot;1&quot;:2,&quot;2&quot;:&quot;Wysoko\u015b\u0107 dzbanka 20cm, wysoko\u015b\u0107 mlecznika 9cm, wysoko\u015b\u0107 cukiernicy 9cm. \u015arednica fili\u017canki bez uszka 6cm, wysoko\u015b\u0107 5cm, \u015brednica spodk\u00f3w 12cm. Stan dobry, brak oryginalnej przykrywki dzbanka. Na spodzie cukiernicy mikroubytek, wewn\u0105trz cukiernicy zabrudzenie. Niedoszkliwienie na r\u0105czce dzbanka&quot;}\" data-sheets-userformat=\"{&quot;2&quot;:12803,&quot;3&quot;:{&quot;1&quot;:0},&quot;4&quot;:{&quot;1&quot;:3,&quot;3&quot;:2},&quot;12&quot;:0,&quot;15&quot;:&quot;Arial&quot;,&quot;16&quot;:10}\">Stan dobry, brak oryginalnej przykrywki dzbanka. Na spodzie cukiernicy mikroubytek, wewn\u0105trz cukiernicy zabrudzenie. Niedoszkliwienie na r\u0105czce dzbanka<\/span><\/p>\n<p>&nbsp;<\/p>\n","protected":false},"excerpt":{"rendered":"<p>Porcelanowy serwis kawowy Aldona wykonany w zak\u0142adach Chodzie\u017c. Zestaw sk\u0142ada si\u0119 z dzbanka, cukiernicy, mlecznika, 5 fili\u017canek ze spodkami. Porcelana bia\u0142a, z delikatn\u0105 z\u0142ot\u0105 dekoracj\u0105. Wysoko\u015b\u0107 dzbanka 20cm, wysoko\u015b\u0107 mlecznika 9cm, wysoko\u015b\u0107 cukiernicy 9cm. \u015arednica fili\u017canki bez uszka 6cm, wysoko\u015b\u0107 5cm, \u015brednica spodk\u00f3w 12cm. Stan dobry, brak oryginalnej przykrywki dzbanka. Na spodzie cukiernicy mikroubytek, wewn\u0105trz [&hellip;]<\/p>\n","protected":false},"featured_media":11469,"template":"","meta":[],"product_cat":[55],"product_tag":[328,77,79,76,615,278,286,279],"yoast_head":"<!-- This site is optimized with the Yoast SEO plugin v23.0 - https:\/\/yoast.com\/wordpress\/plugins\/seo\/ -->\n<title>Porcelanowy serwis Aldona - Chodzie\u017c - Zielone Migda\u0142y<\/title>\n<meta name=\"description\" content=\"Porcelanowy serwis kawowy Aldona wykonany w zak\u0142adach Chodzie\u017c. Zestaw sk\u0142ada si\u0119 z dzbanka, cukiernicy, mlecznika, 5 fili\u017canek ze spodkami.\" \/>\n<meta name=\"robots\" content=\"index, follow, max-snippet:-1, max-image-preview:large, max-video-preview:-1\" \/>\n<link rel=\"canonical\" href=\"https:\/\/zielone-migdaly.pl\/index.php\/produkt\/porcelanowy-serwis-aldona-chodziez\/\" \/>\n<meta property=\"og:locale\" content=\"pl_PL\" \/>\n<meta property=\"og:type\" content=\"article\" \/>\n<meta property=\"og:title\" content=\"Porcelanowy serwis Aldona - Chodzie\u017c - Zielone Migda\u0142y\" \/>\n<meta property=\"og:description\" content=\"Porcelanowy serwis kawowy Aldona wykonany w zak\u0142adach Chodzie\u017c. Zestaw sk\u0142ada si\u0119 z dzbanka, cukiernicy, mlecznika, 5 fili\u017canek ze spodkami.\" \/>\n<meta property=\"og:url\" content=\"https:\/\/zielone-migdaly.pl\/index.php\/produkt\/porcelanowy-serwis-aldona-chodziez\/\" \/>\n<meta property=\"og:site_name\" content=\"Zielone Migda\u0142y\" \/>\n<meta property=\"article:publisher\" content=\"https:\/\/www.facebook.com\/lubiezielonemigdaly\" \/>\n<meta property=\"article:modified_time\" content=\"2025-02-10T20:45:49+00:00\" \/>\n<meta property=\"og:image\" content=\"https:\/\/zielone-migdaly.pl\/wp-content\/uploads\/2024\/07\/zielone-migdaly-tt438.jpg\" \/>\n\t<meta property=\"og:image:width\" content=\"500\" \/>\n\t<meta property=\"og:image:height\" content=\"750\" \/>\n\t<meta property=\"og:image:type\" content=\"image\/jpeg\" \/>\n<meta name=\"twitter:card\" content=\"summary_large_image\" \/>\n<script type=\"application\/ld+json\" class=\"yoast-schema-graph\">{\"@context\":\"https:\/\/schema.org\",\"@graph\":[{\"@type\":\"WebPage\",\"@id\":\"https:\/\/zielone-migdaly.pl\/index.php\/produkt\/porcelanowy-serwis-aldona-chodziez\/\",\"url\":\"https:\/\/zielone-migdaly.pl\/index.php\/produkt\/porcelanowy-serwis-aldona-chodziez\/\",\"name\":\"Porcelanowy serwis Aldona - Chodzie\u017c - Zielone Migda\u0142y\",\"isPartOf\":{\"@id\":\"https:\/\/zielone-migdaly.pl\/#website\"},\"primaryImageOfPage\":{\"@id\":\"https:\/\/zielone-migdaly.pl\/index.php\/produkt\/porcelanowy-serwis-aldona-chodziez\/#primaryimage\"},\"image\":{\"@id\":\"https:\/\/zielone-migdaly.pl\/index.php\/produkt\/porcelanowy-serwis-aldona-chodziez\/#primaryimage\"},\"thumbnailUrl\":\"https:\/\/zielone-migdaly.pl\/wp-content\/uploads\/2024\/07\/zielone-migdaly-tt438.jpg\",\"datePublished\":\"2024-07-20T11:18:13+00:00\",\"dateModified\":\"2025-02-10T20:45:49+00:00\",\"description\":\"Porcelanowy serwis kawowy Aldona wykonany w zak\u0142adach Chodzie\u017c. Zestaw sk\u0142ada si\u0119 z dzbanka, cukiernicy, mlecznika, 5 fili\u017canek ze spodkami.\",\"breadcrumb\":{\"@id\":\"https:\/\/zielone-migdaly.pl\/index.php\/produkt\/porcelanowy-serwis-aldona-chodziez\/#breadcrumb\"},\"inLanguage\":\"pl-PL\",\"potentialAction\":[{\"@type\":\"ReadAction\",\"target\":[\"https:\/\/zielone-migdaly.pl\/index.php\/produkt\/porcelanowy-serwis-aldona-chodziez\/\"]}]},{\"@type\":\"ImageObject\",\"inLanguage\":\"pl-PL\",\"@id\":\"https:\/\/zielone-migdaly.pl\/index.php\/produkt\/porcelanowy-serwis-aldona-chodziez\/#primaryimage\",\"url\":\"https:\/\/zielone-migdaly.pl\/wp-content\/uploads\/2024\/07\/zielone-migdaly-tt438.jpg\",\"contentUrl\":\"https:\/\/zielone-migdaly.pl\/wp-content\/uploads\/2024\/07\/zielone-migdaly-tt438.jpg\",\"width\":500,\"height\":750},{\"@type\":\"BreadcrumbList\",\"@id\":\"https:\/\/zielone-migdaly.pl\/index.php\/produkt\/porcelanowy-serwis-aldona-chodziez\/#breadcrumb\",\"itemListElement\":[{\"@type\":\"ListItem\",\"position\":1,\"name\":\"Strona g\u0142\u00f3wna\",\"item\":\"https:\/\/zielone-migdaly.pl\/\"},{\"@type\":\"ListItem\",\"position\":2,\"name\":\"Sklep\",\"item\":\"https:\/\/zielone-migdaly.pl\/index.php\/sklep\/\"},{\"@type\":\"ListItem\",\"position\":3,\"name\":\"Porcelanowy serwis Aldona &#8211; Chodzie\u017c\"}]},{\"@type\":\"WebSite\",\"@id\":\"https:\/\/zielone-migdaly.pl\/#website\",\"url\":\"https:\/\/zielone-migdaly.pl\/\",\"name\":\"Zielone Migda\u0142y\",\"description\":\"Sklep Vintage\",\"publisher\":{\"@id\":\"https:\/\/zielone-migdaly.pl\/#organization\"},\"potentialAction\":[{\"@type\":\"SearchAction\",\"target\":{\"@type\":\"EntryPoint\",\"urlTemplate\":\"https:\/\/zielone-migdaly.pl\/?s={search_term_string}\"},\"query-input\":\"required name=search_term_string\"}],\"inLanguage\":\"pl-PL\"},{\"@type\":\"Organization\",\"@id\":\"https:\/\/zielone-migdaly.pl\/#organization\",\"name\":\"Zielone Migda\u0142y\",\"url\":\"https:\/\/zielone-migdaly.pl\/\",\"logo\":{\"@type\":\"ImageObject\",\"inLanguage\":\"pl-PL\",\"@id\":\"https:\/\/zielone-migdaly.pl\/#\/schema\/logo\/image\/\",\"url\":\"https:\/\/zielone-migdaly.pl\/wp-content\/uploads\/2021\/11\/Zielone-Migdaly-Logo-WEB-2.png\",\"contentUrl\":\"https:\/\/zielone-migdaly.pl\/wp-content\/uploads\/2021\/11\/Zielone-Migdaly-Logo-WEB-2.png\",\"width\":500,\"height\":190,\"caption\":\"Zielone Migda\u0142y\"},\"image\":{\"@id\":\"https:\/\/zielone-migdaly.pl\/#\/schema\/logo\/image\/\"},\"sameAs\":[\"https:\/\/www.facebook.com\/lubiezielonemigdaly\",\"https:\/\/www.instagram.com\/lubie_zielone_migdaly\/\"]}]}<\/script>\n<!-- \/ Yoast SEO plugin. -->","yoast_head_json":{"title":"Porcelanowy serwis Aldona - Chodzie\u017c - Zielone Migda\u0142y","description":"Porcelanowy serwis kawowy Aldona wykonany w zak\u0142adach Chodzie\u017c. Zestaw sk\u0142ada si\u0119 z dzbanka, cukiernicy, mlecznika, 5 fili\u017canek ze spodkami.","robots":{"index":"index","follow":"follow","max-snippet":"max-snippet:-1","max-image-preview":"max-image-preview:large","max-video-preview":"max-video-preview:-1"},"canonical":"https:\/\/zielone-migdaly.pl\/index.php\/produkt\/porcelanowy-serwis-aldona-chodziez\/","og_locale":"pl_PL","og_type":"article","og_title":"Porcelanowy serwis Aldona - Chodzie\u017c - Zielone Migda\u0142y","og_description":"Porcelanowy serwis kawowy Aldona wykonany w zak\u0142adach Chodzie\u017c. Zestaw sk\u0142ada si\u0119 z dzbanka, cukiernicy, mlecznika, 5 fili\u017canek ze spodkami.","og_url":"https:\/\/zielone-migdaly.pl\/index.php\/produkt\/porcelanowy-serwis-aldona-chodziez\/","og_site_name":"Zielone Migda\u0142y","article_publisher":"https:\/\/www.facebook.com\/lubiezielonemigdaly","article_modified_time":"2025-02-10T20:45:49+00:00","og_image":[{"width":500,"height":750,"url":"https:\/\/zielone-migdaly.pl\/wp-content\/uploads\/2024\/07\/zielone-migdaly-tt438.jpg","type":"image\/jpeg"}],"twitter_card":"summary_large_image","schema":{"@context":"https:\/\/schema.org","@graph":[{"@type":"WebPage","@id":"https:\/\/zielone-migdaly.pl\/index.php\/produkt\/porcelanowy-serwis-aldona-chodziez\/","url":"https:\/\/zielone-migdaly.pl\/index.php\/produkt\/porcelanowy-serwis-aldona-chodziez\/","name":"Porcelanowy serwis Aldona - Chodzie\u017c - Zielone Migda\u0142y","isPartOf":{"@id":"https:\/\/zielone-migdaly.pl\/#website"},"primaryImageOfPage":{"@id":"https:\/\/zielone-migdaly.pl\/index.php\/produkt\/porcelanowy-serwis-aldona-chodziez\/#primaryimage"},"image":{"@id":"https:\/\/zielone-migdaly.pl\/index.php\/produkt\/porcelanowy-serwis-aldona-chodziez\/#primaryimage"},"thumbnailUrl":"https:\/\/zielone-migdaly.pl\/wp-content\/uploads\/2024\/07\/zielone-migdaly-tt438.jpg","datePublished":"2024-07-20T11:18:13+00:00","dateModified":"2025-02-10T20:45:49+00:00","description":"Porcelanowy serwis kawowy Aldona wykonany w zak\u0142adach Chodzie\u017c. Zestaw sk\u0142ada si\u0119 z dzbanka, cukiernicy, mlecznika, 5 fili\u017canek ze spodkami.","breadcrumb":{"@id":"https:\/\/zielone-migdaly.pl\/index.php\/produkt\/porcelanowy-serwis-aldona-chodziez\/#breadcrumb"},"inLanguage":"pl-PL","potentialAction":[{"@type":"ReadAction","target":["https:\/\/zielone-migdaly.pl\/index.php\/produkt\/porcelanowy-serwis-aldona-chodziez\/"]}]},{"@type":"ImageObject","inLanguage":"pl-PL","@id":"https:\/\/zielone-migdaly.pl\/index.php\/produkt\/porcelanowy-serwis-aldona-chodziez\/#primaryimage","url":"https:\/\/zielone-migdaly.pl\/wp-content\/uploads\/2024\/07\/zielone-migdaly-tt438.jpg","contentUrl":"https:\/\/zielone-migdaly.pl\/wp-content\/uploads\/2024\/07\/zielone-migdaly-tt438.jpg","width":500,"height":750},{"@type":"BreadcrumbList","@id":"https:\/\/zielone-migdaly.pl\/index.php\/produkt\/porcelanowy-serwis-aldona-chodziez\/#breadcrumb","itemListElement":[{"@type":"ListItem","position":1,"name":"Strona g\u0142\u00f3wna","item":"https:\/\/zielone-migdaly.pl\/"},{"@type":"ListItem","position":2,"name":"Sklep","item":"https:\/\/zielone-migdaly.pl\/index.php\/sklep\/"},{"@type":"ListItem","position":3,"name":"Porcelanowy serwis Aldona &#8211; Chodzie\u017c"}]},{"@type":"WebSite","@id":"https:\/\/zielone-migdaly.pl\/#website","url":"https:\/\/zielone-migdaly.pl\/","name":"Zielone Migda\u0142y","description":"Sklep Vintage","publisher":{"@id":"https:\/\/zielone-migdaly.pl\/#organization"},"potentialAction":[{"@type":"SearchAction","target":{"@type":"EntryPoint","urlTemplate":"https:\/\/zielone-migdaly.pl\/?s={search_term_string}"},"query-input":"required name=search_term_string"}],"inLanguage":"pl-PL"},{"@type":"Organization","@id":"https:\/\/zielone-migdaly.pl\/#organization","name":"Zielone Migda\u0142y","url":"https:\/\/zielone-migdaly.pl\/","logo":{"@type":"ImageObject","inLanguage":"pl-PL","@id":"https:\/\/zielone-migdaly.pl\/#\/schema\/logo\/image\/","url":"https:\/\/zielone-migdaly.pl\/wp-content\/uploads\/2021\/11\/Zielone-Migdaly-Logo-WEB-2.png","contentUrl":"https:\/\/zielone-migdaly.pl\/wp-content\/uploads\/2021\/11\/Zielone-Migdaly-Logo-WEB-2.png","width":500,"height":190,"caption":"Zielone Migda\u0142y"},"image":{"@id":"https:\/\/zielone-migdaly.pl\/#\/schema\/logo\/image\/"},"sameAs":["https:\/\/www.facebook.com\/lubiezielonemigdaly","https:\/\/www.instagram.com\/lubie_zielone_migdaly\/"]}]}},"_links":{"self":[{"href":"https:\/\/zielone-migdaly.pl\/index.php\/wp-json\/wp\/v2\/product\/11483"}],"collection":[{"href":"https:\/\/zielone-migdaly.pl\/index.php\/wp-json\/wp\/v2\/product"}],"about":[{"href":"https:\/\/zielone-migdaly.pl\/index.php\/wp-json\/wp\/v2\/types\/product"}],"wp:featuredmedia":[{"embeddable":true,"href":"https:\/\/zielone-migdaly.pl\/index.php\/wp-json\/wp\/v2\/media\/11469"}],"wp:attachment":[{"href":"https:\/\/zielone-migdaly.pl\/index.php\/wp-json\/wp\/v2\/media?parent=11483"}],"wp:term":[{"taxonomy":"product_cat","embeddable":true,"href":"https:\/\/zielone-migdaly.pl\/index.php\/wp-json\/wp\/v2\/product_cat?post=11483"},{"taxonomy":"product_tag","embeddable":true,"href":"https:\/\/zielone-migdaly.pl\/index.php\/wp-json\/wp\/v2\/product_tag?post=11483"}],"curies":[{"name":"wp","href":"https:\/\/api.w.org\/{rel}","templated":true}]}}