{"id":12062,"date":"2024-08-19T22:04:40","date_gmt":"2024-08-19T20:04:40","guid":{"rendered":"https:\/\/zielone-migdaly.pl\/?post_type=product&#038;p=12062"},"modified":"2024-08-23T20:20:30","modified_gmt":"2024-08-23T18:20:30","slug":"fajansowy-dzbanuszek-z-brazowa-dekoracja","status":"publish","type":"product","link":"https:\/\/zielone-migdaly.pl\/index.php\/produkt\/fajansowy-dzbanuszek-z-brazowa-dekoracja\/","title":{"rendered":"Fajansowy dzbanuszek z br\u0105zow\u0105 dekoracj\u0105"},"content":{"rendered":"<p>Fajansowy dzbanuszek z br\u0105zow\u0105\u00a0 kwiatow\u0105 dekoracj\u0105.<\/p>\n<p><span data-sheets-root=\"1\">Wysoko\u015b\u0107 14,5cm. <\/span><\/p>\n<p><span data-sheets-root=\"1\">Stan bardzo dobry. <\/span><\/p>\n","protected":false},"excerpt":{"rendered":"<p>Fajansowy dzbanuszek z br\u0105zow\u0105\u00a0 kwiatow\u0105 dekoracj\u0105. Wysoko\u015b\u0107 14,5cm. Stan bardzo dobry.<\/p>\n","protected":false},"featured_media":12030,"template":"","meta":[],"product_cat":[52],"product_tag":[328,173,73,69,561,175,71,283],"yoast_head":"<!-- This site is optimized with the Yoast SEO plugin v23.0 - https:\/\/yoast.com\/wordpress\/plugins\/seo\/ -->\n<title>Fajansowy dzbanuszek z br\u0105zow\u0105 dekoracj\u0105 - Zielone Migda\u0142y<\/title>\n<meta name=\"description\" content=\"Fajansowy dzbanuszek z br\u0105zow\u0105\u00a0 kwiatow\u0105 dekoracj\u0105. Wysoko\u015b\u0107 14,5cm. Stan bardzo dobry.\" \/>\n<meta name=\"robots\" content=\"index, follow, max-snippet:-1, max-image-preview:large, max-video-preview:-1\" \/>\n<link rel=\"canonical\" href=\"https:\/\/zielone-migdaly.pl\/index.php\/produkt\/fajansowy-dzbanuszek-z-brazowa-dekoracja\/\" \/>\n<meta property=\"og:locale\" content=\"pl_PL\" \/>\n<meta property=\"og:type\" content=\"article\" \/>\n<meta property=\"og:title\" content=\"Fajansowy dzbanuszek z br\u0105zow\u0105 dekoracj\u0105 - Zielone Migda\u0142y\" \/>\n<meta property=\"og:description\" content=\"Fajansowy dzbanuszek z br\u0105zow\u0105\u00a0 kwiatow\u0105 dekoracj\u0105. Wysoko\u015b\u0107 14,5cm. Stan bardzo dobry.\" \/>\n<meta property=\"og:url\" content=\"https:\/\/zielone-migdaly.pl\/index.php\/produkt\/fajansowy-dzbanuszek-z-brazowa-dekoracja\/\" \/>\n<meta property=\"og:site_name\" content=\"Zielone Migda\u0142y\" \/>\n<meta property=\"article:publisher\" content=\"https:\/\/www.facebook.com\/lubiezielonemigdaly\" \/>\n<meta property=\"article:modified_time\" content=\"2024-08-23T18:20:30+00:00\" \/>\n<meta property=\"og:image\" content=\"https:\/\/zielone-migdaly.pl\/wp-content\/uploads\/2024\/08\/zielone-migdaly-uu146.jpg\" \/>\n\t<meta property=\"og:image:width\" content=\"500\" \/>\n\t<meta property=\"og:image:height\" content=\"750\" \/>\n\t<meta property=\"og:image:type\" content=\"image\/jpeg\" \/>\n<meta name=\"twitter:card\" content=\"summary_large_image\" \/>\n<script type=\"application\/ld+json\" class=\"yoast-schema-graph\">{\"@context\":\"https:\/\/schema.org\",\"@graph\":[{\"@type\":\"WebPage\",\"@id\":\"https:\/\/zielone-migdaly.pl\/index.php\/produkt\/fajansowy-dzbanuszek-z-brazowa-dekoracja\/\",\"url\":\"https:\/\/zielone-migdaly.pl\/index.php\/produkt\/fajansowy-dzbanuszek-z-brazowa-dekoracja\/\",\"name\":\"Fajansowy dzbanuszek z br\u0105zow\u0105 dekoracj\u0105 - Zielone Migda\u0142y\",\"isPartOf\":{\"@id\":\"https:\/\/zielone-migdaly.pl\/#website\"},\"primaryImageOfPage\":{\"@id\":\"https:\/\/zielone-migdaly.pl\/index.php\/produkt\/fajansowy-dzbanuszek-z-brazowa-dekoracja\/#primaryimage\"},\"image\":{\"@id\":\"https:\/\/zielone-migdaly.pl\/index.php\/produkt\/fajansowy-dzbanuszek-z-brazowa-dekoracja\/#primaryimage\"},\"thumbnailUrl\":\"https:\/\/zielone-migdaly.pl\/wp-content\/uploads\/2024\/08\/zielone-migdaly-uu146.jpg\",\"datePublished\":\"2024-08-19T20:04:40+00:00\",\"dateModified\":\"2024-08-23T18:20:30+00:00\",\"description\":\"Fajansowy dzbanuszek z br\u0105zow\u0105\u00a0 kwiatow\u0105 dekoracj\u0105. Wysoko\u015b\u0107 14,5cm. Stan bardzo dobry.\",\"breadcrumb\":{\"@id\":\"https:\/\/zielone-migdaly.pl\/index.php\/produkt\/fajansowy-dzbanuszek-z-brazowa-dekoracja\/#breadcrumb\"},\"inLanguage\":\"pl-PL\",\"potentialAction\":[{\"@type\":\"ReadAction\",\"target\":[\"https:\/\/zielone-migdaly.pl\/index.php\/produkt\/fajansowy-dzbanuszek-z-brazowa-dekoracja\/\"]}]},{\"@type\":\"ImageObject\",\"inLanguage\":\"pl-PL\",\"@id\":\"https:\/\/zielone-migdaly.pl\/index.php\/produkt\/fajansowy-dzbanuszek-z-brazowa-dekoracja\/#primaryimage\",\"url\":\"https:\/\/zielone-migdaly.pl\/wp-content\/uploads\/2024\/08\/zielone-migdaly-uu146.jpg\",\"contentUrl\":\"https:\/\/zielone-migdaly.pl\/wp-content\/uploads\/2024\/08\/zielone-migdaly-uu146.jpg\",\"width\":500,\"height\":750},{\"@type\":\"BreadcrumbList\",\"@id\":\"https:\/\/zielone-migdaly.pl\/index.php\/produkt\/fajansowy-dzbanuszek-z-brazowa-dekoracja\/#breadcrumb\",\"itemListElement\":[{\"@type\":\"ListItem\",\"position\":1,\"name\":\"Strona g\u0142\u00f3wna\",\"item\":\"https:\/\/zielone-migdaly.pl\/\"},{\"@type\":\"ListItem\",\"position\":2,\"name\":\"Sklep\",\"item\":\"https:\/\/zielone-migdaly.pl\/index.php\/sklep\/\"},{\"@type\":\"ListItem\",\"position\":3,\"name\":\"Fajansowy dzbanuszek z br\u0105zow\u0105 dekoracj\u0105\"}]},{\"@type\":\"WebSite\",\"@id\":\"https:\/\/zielone-migdaly.pl\/#website\",\"url\":\"https:\/\/zielone-migdaly.pl\/\",\"name\":\"Zielone Migda\u0142y\",\"description\":\"Sklep Vintage\",\"publisher\":{\"@id\":\"https:\/\/zielone-migdaly.pl\/#organization\"},\"potentialAction\":[{\"@type\":\"SearchAction\",\"target\":{\"@type\":\"EntryPoint\",\"urlTemplate\":\"https:\/\/zielone-migdaly.pl\/?s={search_term_string}\"},\"query-input\":\"required name=search_term_string\"}],\"inLanguage\":\"pl-PL\"},{\"@type\":\"Organization\",\"@id\":\"https:\/\/zielone-migdaly.pl\/#organization\",\"name\":\"Zielone Migda\u0142y\",\"url\":\"https:\/\/zielone-migdaly.pl\/\",\"logo\":{\"@type\":\"ImageObject\",\"inLanguage\":\"pl-PL\",\"@id\":\"https:\/\/zielone-migdaly.pl\/#\/schema\/logo\/image\/\",\"url\":\"https:\/\/zielone-migdaly.pl\/wp-content\/uploads\/2021\/11\/Zielone-Migdaly-Logo-WEB-2.png\",\"contentUrl\":\"https:\/\/zielone-migdaly.pl\/wp-content\/uploads\/2021\/11\/Zielone-Migdaly-Logo-WEB-2.png\",\"width\":500,\"height\":190,\"caption\":\"Zielone Migda\u0142y\"},\"image\":{\"@id\":\"https:\/\/zielone-migdaly.pl\/#\/schema\/logo\/image\/\"},\"sameAs\":[\"https:\/\/www.facebook.com\/lubiezielonemigdaly\",\"https:\/\/www.instagram.com\/lubie_zielone_migdaly\/\"]}]}<\/script>\n<!-- \/ Yoast SEO plugin. -->","yoast_head_json":{"title":"Fajansowy dzbanuszek z br\u0105zow\u0105 dekoracj\u0105 - Zielone Migda\u0142y","description":"Fajansowy dzbanuszek z br\u0105zow\u0105\u00a0 kwiatow\u0105 dekoracj\u0105. Wysoko\u015b\u0107 14,5cm. Stan bardzo dobry.","robots":{"index":"index","follow":"follow","max-snippet":"max-snippet:-1","max-image-preview":"max-image-preview:large","max-video-preview":"max-video-preview:-1"},"canonical":"https:\/\/zielone-migdaly.pl\/index.php\/produkt\/fajansowy-dzbanuszek-z-brazowa-dekoracja\/","og_locale":"pl_PL","og_type":"article","og_title":"Fajansowy dzbanuszek z br\u0105zow\u0105 dekoracj\u0105 - Zielone Migda\u0142y","og_description":"Fajansowy dzbanuszek z br\u0105zow\u0105\u00a0 kwiatow\u0105 dekoracj\u0105. Wysoko\u015b\u0107 14,5cm. Stan bardzo dobry.","og_url":"https:\/\/zielone-migdaly.pl\/index.php\/produkt\/fajansowy-dzbanuszek-z-brazowa-dekoracja\/","og_site_name":"Zielone Migda\u0142y","article_publisher":"https:\/\/www.facebook.com\/lubiezielonemigdaly","article_modified_time":"2024-08-23T18:20:30+00:00","og_image":[{"width":500,"height":750,"url":"https:\/\/zielone-migdaly.pl\/wp-content\/uploads\/2024\/08\/zielone-migdaly-uu146.jpg","type":"image\/jpeg"}],"twitter_card":"summary_large_image","schema":{"@context":"https:\/\/schema.org","@graph":[{"@type":"WebPage","@id":"https:\/\/zielone-migdaly.pl\/index.php\/produkt\/fajansowy-dzbanuszek-z-brazowa-dekoracja\/","url":"https:\/\/zielone-migdaly.pl\/index.php\/produkt\/fajansowy-dzbanuszek-z-brazowa-dekoracja\/","name":"Fajansowy dzbanuszek z br\u0105zow\u0105 dekoracj\u0105 - Zielone Migda\u0142y","isPartOf":{"@id":"https:\/\/zielone-migdaly.pl\/#website"},"primaryImageOfPage":{"@id":"https:\/\/zielone-migdaly.pl\/index.php\/produkt\/fajansowy-dzbanuszek-z-brazowa-dekoracja\/#primaryimage"},"image":{"@id":"https:\/\/zielone-migdaly.pl\/index.php\/produkt\/fajansowy-dzbanuszek-z-brazowa-dekoracja\/#primaryimage"},"thumbnailUrl":"https:\/\/zielone-migdaly.pl\/wp-content\/uploads\/2024\/08\/zielone-migdaly-uu146.jpg","datePublished":"2024-08-19T20:04:40+00:00","dateModified":"2024-08-23T18:20:30+00:00","description":"Fajansowy dzbanuszek z br\u0105zow\u0105\u00a0 kwiatow\u0105 dekoracj\u0105. Wysoko\u015b\u0107 14,5cm. Stan bardzo dobry.","breadcrumb":{"@id":"https:\/\/zielone-migdaly.pl\/index.php\/produkt\/fajansowy-dzbanuszek-z-brazowa-dekoracja\/#breadcrumb"},"inLanguage":"pl-PL","potentialAction":[{"@type":"ReadAction","target":["https:\/\/zielone-migdaly.pl\/index.php\/produkt\/fajansowy-dzbanuszek-z-brazowa-dekoracja\/"]}]},{"@type":"ImageObject","inLanguage":"pl-PL","@id":"https:\/\/zielone-migdaly.pl\/index.php\/produkt\/fajansowy-dzbanuszek-z-brazowa-dekoracja\/#primaryimage","url":"https:\/\/zielone-migdaly.pl\/wp-content\/uploads\/2024\/08\/zielone-migdaly-uu146.jpg","contentUrl":"https:\/\/zielone-migdaly.pl\/wp-content\/uploads\/2024\/08\/zielone-migdaly-uu146.jpg","width":500,"height":750},{"@type":"BreadcrumbList","@id":"https:\/\/zielone-migdaly.pl\/index.php\/produkt\/fajansowy-dzbanuszek-z-brazowa-dekoracja\/#breadcrumb","itemListElement":[{"@type":"ListItem","position":1,"name":"Strona g\u0142\u00f3wna","item":"https:\/\/zielone-migdaly.pl\/"},{"@type":"ListItem","position":2,"name":"Sklep","item":"https:\/\/zielone-migdaly.pl\/index.php\/sklep\/"},{"@type":"ListItem","position":3,"name":"Fajansowy dzbanuszek z br\u0105zow\u0105 dekoracj\u0105"}]},{"@type":"WebSite","@id":"https:\/\/zielone-migdaly.pl\/#website","url":"https:\/\/zielone-migdaly.pl\/","name":"Zielone Migda\u0142y","description":"Sklep Vintage","publisher":{"@id":"https:\/\/zielone-migdaly.pl\/#organization"},"potentialAction":[{"@type":"SearchAction","target":{"@type":"EntryPoint","urlTemplate":"https:\/\/zielone-migdaly.pl\/?s={search_term_string}"},"query-input":"required name=search_term_string"}],"inLanguage":"pl-PL"},{"@type":"Organization","@id":"https:\/\/zielone-migdaly.pl\/#organization","name":"Zielone Migda\u0142y","url":"https:\/\/zielone-migdaly.pl\/","logo":{"@type":"ImageObject","inLanguage":"pl-PL","@id":"https:\/\/zielone-migdaly.pl\/#\/schema\/logo\/image\/","url":"https:\/\/zielone-migdaly.pl\/wp-content\/uploads\/2021\/11\/Zielone-Migdaly-Logo-WEB-2.png","contentUrl":"https:\/\/zielone-migdaly.pl\/wp-content\/uploads\/2021\/11\/Zielone-Migdaly-Logo-WEB-2.png","width":500,"height":190,"caption":"Zielone Migda\u0142y"},"image":{"@id":"https:\/\/zielone-migdaly.pl\/#\/schema\/logo\/image\/"},"sameAs":["https:\/\/www.facebook.com\/lubiezielonemigdaly","https:\/\/www.instagram.com\/lubie_zielone_migdaly\/"]}]}},"_links":{"self":[{"href":"https:\/\/zielone-migdaly.pl\/index.php\/wp-json\/wp\/v2\/product\/12062"}],"collection":[{"href":"https:\/\/zielone-migdaly.pl\/index.php\/wp-json\/wp\/v2\/product"}],"about":[{"href":"https:\/\/zielone-migdaly.pl\/index.php\/wp-json\/wp\/v2\/types\/product"}],"wp:featuredmedia":[{"embeddable":true,"href":"https:\/\/zielone-migdaly.pl\/index.php\/wp-json\/wp\/v2\/media\/12030"}],"wp:attachment":[{"href":"https:\/\/zielone-migdaly.pl\/index.php\/wp-json\/wp\/v2\/media?parent=12062"}],"wp:term":[{"taxonomy":"product_cat","embeddable":true,"href":"https:\/\/zielone-migdaly.pl\/index.php\/wp-json\/wp\/v2\/product_cat?post=12062"},{"taxonomy":"product_tag","embeddable":true,"href":"https:\/\/zielone-migdaly.pl\/index.php\/wp-json\/wp\/v2\/product_tag?post=12062"}],"curies":[{"name":"wp","href":"https:\/\/api.w.org\/{rel}","templated":true}]}}