{"id":12406,"date":"2024-09-10T22:17:23","date_gmt":"2024-09-10T20:17:23","guid":{"rendered":"https:\/\/zielone-migdaly.pl\/?post_type=product&#038;p=12406"},"modified":"2025-02-15T21:23:10","modified_gmt":"2025-02-15T20:23:10","slug":"ceramiczny-serwis-z-czarno-zlota-dekoracja-horodnica","status":"publish","type":"product","link":"https:\/\/zielone-migdaly.pl\/index.php\/produkt\/ceramiczny-serwis-z-czarno-zlota-dekoracja-horodnica\/","title":{"rendered":"Ceramiczny serwis z czarno-z\u0142ot\u0105 dekoracj\u0105 &#8211; Horodnica"},"content":{"rendered":"<p>Ceramiczny serwis kawowy z czarno-z\u0142ot\u0105 dekoracj\u0105 wykonany w ukrai\u0144skich zak\u0142adach Horodnica. Pe\u0142ny zestaw dla sze\u015bciu os\u00f3b.<\/p>\n<p><span data-sheets-root=\"1\">Wysoko\u015b\u0107 dzbanka 18,5cm, wysoko\u015b\u0107 cukiernicy 11cm, wysoko\u015b\u0107 mlecznika 11cm, wysoko\u015b\u0107 fili\u017canki 7cm, \u015brednica bez uszka 6cm, \u015brednica spodk\u00f3w 12cm. <\/span><\/p>\n<p><span data-sheets-root=\"1\">Stan dobry, wady z produkcji [p\u0119kni\u0119cie wewn\u0105trz przykrywki cukiernicy]. \u015alady u\u017cywania: przetarcia szkliwa, ubytek na kraw\u0119dzi cukiernicy i dwa ubytki na wewn\u0119trznej kraw\u0119dzi przykrywki, jedna fili\u017canka z ubytkiem na kraw\u0119dzi.\u00a0<\/span><\/p>\n","protected":false},"excerpt":{"rendered":"<p>Ceramiczny serwis kawowy z czarno-z\u0142ot\u0105 dekoracj\u0105 wykonany w ukrai\u0144skich zak\u0142adach Horodnica. Pe\u0142ny zestaw dla sze\u015bciu os\u00f3b. Wysoko\u015b\u0107 dzbanka 18,5cm, wysoko\u015b\u0107 cukiernicy 11cm, wysoko\u015b\u0107 mlecznika 11cm, wysoko\u015b\u0107 fili\u017canki 7cm, \u015brednica bez uszka 6cm, \u015brednica spodk\u00f3w 12cm. Stan dobry, wady z produkcji [p\u0119kni\u0119cie wewn\u0105trz przykrywki cukiernicy]. \u015alady u\u017cywania: przetarcia szkliwa, ubytek na kraw\u0119dzi cukiernicy i dwa ubytki [&hellip;]<\/p>\n","protected":false},"featured_media":12367,"template":"","meta":[],"product_cat":[52],"product_tag":[328,73,146,1452,278,286,690,900,279],"yoast_head":"<!-- This site is optimized with the Yoast SEO plugin v23.0 - https:\/\/yoast.com\/wordpress\/plugins\/seo\/ -->\n<title>Ceramiczny serwis z czarno-z\u0142ot\u0105 dekoracj\u0105 - Horodnica - Zielone Migda\u0142y<\/title>\n<meta name=\"description\" content=\"Ceramiczny serwis kawowy z czarno-z\u0142ot\u0105 dekoracj\u0105 wykonany w ukrai\u0144skich zak\u0142adach Horodnica. Pe\u0142ny zestaw dla sze\u015bciu os\u00f3b.\" \/>\n<meta name=\"robots\" content=\"index, follow, max-snippet:-1, max-image-preview:large, max-video-preview:-1\" \/>\n<link rel=\"canonical\" href=\"https:\/\/zielone-migdaly.pl\/index.php\/produkt\/ceramiczny-serwis-z-czarno-zlota-dekoracja-horodnica\/\" \/>\n<meta property=\"og:locale\" content=\"pl_PL\" \/>\n<meta property=\"og:type\" content=\"article\" \/>\n<meta property=\"og:title\" content=\"Ceramiczny serwis z czarno-z\u0142ot\u0105 dekoracj\u0105 - Horodnica - Zielone Migda\u0142y\" \/>\n<meta property=\"og:description\" content=\"Ceramiczny serwis kawowy z czarno-z\u0142ot\u0105 dekoracj\u0105 wykonany w ukrai\u0144skich zak\u0142adach Horodnica. Pe\u0142ny zestaw dla sze\u015bciu os\u00f3b.\" \/>\n<meta property=\"og:url\" content=\"https:\/\/zielone-migdaly.pl\/index.php\/produkt\/ceramiczny-serwis-z-czarno-zlota-dekoracja-horodnica\/\" \/>\n<meta property=\"og:site_name\" content=\"Zielone Migda\u0142y\" \/>\n<meta property=\"article:publisher\" content=\"https:\/\/www.facebook.com\/lubiezielonemigdaly\" \/>\n<meta property=\"article:modified_time\" content=\"2025-02-15T20:23:10+00:00\" \/>\n<meta property=\"og:image\" content=\"https:\/\/zielone-migdaly.pl\/wp-content\/uploads\/2024\/09\/zielone-migdaly-ww042.jpg\" \/>\n\t<meta property=\"og:image:width\" content=\"500\" \/>\n\t<meta property=\"og:image:height\" content=\"750\" \/>\n\t<meta property=\"og:image:type\" content=\"image\/jpeg\" \/>\n<meta name=\"twitter:card\" content=\"summary_large_image\" \/>\n<script type=\"application\/ld+json\" class=\"yoast-schema-graph\">{\"@context\":\"https:\/\/schema.org\",\"@graph\":[{\"@type\":\"WebPage\",\"@id\":\"https:\/\/zielone-migdaly.pl\/index.php\/produkt\/ceramiczny-serwis-z-czarno-zlota-dekoracja-horodnica\/\",\"url\":\"https:\/\/zielone-migdaly.pl\/index.php\/produkt\/ceramiczny-serwis-z-czarno-zlota-dekoracja-horodnica\/\",\"name\":\"Ceramiczny serwis z czarno-z\u0142ot\u0105 dekoracj\u0105 - Horodnica - Zielone Migda\u0142y\",\"isPartOf\":{\"@id\":\"https:\/\/zielone-migdaly.pl\/#website\"},\"primaryImageOfPage\":{\"@id\":\"https:\/\/zielone-migdaly.pl\/index.php\/produkt\/ceramiczny-serwis-z-czarno-zlota-dekoracja-horodnica\/#primaryimage\"},\"image\":{\"@id\":\"https:\/\/zielone-migdaly.pl\/index.php\/produkt\/ceramiczny-serwis-z-czarno-zlota-dekoracja-horodnica\/#primaryimage\"},\"thumbnailUrl\":\"https:\/\/zielone-migdaly.pl\/wp-content\/uploads\/2024\/09\/zielone-migdaly-ww042.jpg\",\"datePublished\":\"2024-09-10T20:17:23+00:00\",\"dateModified\":\"2025-02-15T20:23:10+00:00\",\"description\":\"Ceramiczny serwis kawowy z czarno-z\u0142ot\u0105 dekoracj\u0105 wykonany w ukrai\u0144skich zak\u0142adach Horodnica. Pe\u0142ny zestaw dla sze\u015bciu os\u00f3b.\",\"breadcrumb\":{\"@id\":\"https:\/\/zielone-migdaly.pl\/index.php\/produkt\/ceramiczny-serwis-z-czarno-zlota-dekoracja-horodnica\/#breadcrumb\"},\"inLanguage\":\"pl-PL\",\"potentialAction\":[{\"@type\":\"ReadAction\",\"target\":[\"https:\/\/zielone-migdaly.pl\/index.php\/produkt\/ceramiczny-serwis-z-czarno-zlota-dekoracja-horodnica\/\"]}]},{\"@type\":\"ImageObject\",\"inLanguage\":\"pl-PL\",\"@id\":\"https:\/\/zielone-migdaly.pl\/index.php\/produkt\/ceramiczny-serwis-z-czarno-zlota-dekoracja-horodnica\/#primaryimage\",\"url\":\"https:\/\/zielone-migdaly.pl\/wp-content\/uploads\/2024\/09\/zielone-migdaly-ww042.jpg\",\"contentUrl\":\"https:\/\/zielone-migdaly.pl\/wp-content\/uploads\/2024\/09\/zielone-migdaly-ww042.jpg\",\"width\":500,\"height\":750},{\"@type\":\"BreadcrumbList\",\"@id\":\"https:\/\/zielone-migdaly.pl\/index.php\/produkt\/ceramiczny-serwis-z-czarno-zlota-dekoracja-horodnica\/#breadcrumb\",\"itemListElement\":[{\"@type\":\"ListItem\",\"position\":1,\"name\":\"Strona g\u0142\u00f3wna\",\"item\":\"https:\/\/zielone-migdaly.pl\/\"},{\"@type\":\"ListItem\",\"position\":2,\"name\":\"Sklep\",\"item\":\"https:\/\/zielone-migdaly.pl\/index.php\/sklep\/\"},{\"@type\":\"ListItem\",\"position\":3,\"name\":\"Ceramiczny serwis z czarno-z\u0142ot\u0105 dekoracj\u0105 &#8211; Horodnica\"}]},{\"@type\":\"WebSite\",\"@id\":\"https:\/\/zielone-migdaly.pl\/#website\",\"url\":\"https:\/\/zielone-migdaly.pl\/\",\"name\":\"Zielone Migda\u0142y\",\"description\":\"Sklep Vintage\",\"publisher\":{\"@id\":\"https:\/\/zielone-migdaly.pl\/#organization\"},\"potentialAction\":[{\"@type\":\"SearchAction\",\"target\":{\"@type\":\"EntryPoint\",\"urlTemplate\":\"https:\/\/zielone-migdaly.pl\/?s={search_term_string}\"},\"query-input\":\"required name=search_term_string\"}],\"inLanguage\":\"pl-PL\"},{\"@type\":\"Organization\",\"@id\":\"https:\/\/zielone-migdaly.pl\/#organization\",\"name\":\"Zielone Migda\u0142y\",\"url\":\"https:\/\/zielone-migdaly.pl\/\",\"logo\":{\"@type\":\"ImageObject\",\"inLanguage\":\"pl-PL\",\"@id\":\"https:\/\/zielone-migdaly.pl\/#\/schema\/logo\/image\/\",\"url\":\"https:\/\/zielone-migdaly.pl\/wp-content\/uploads\/2021\/11\/Zielone-Migdaly-Logo-WEB-2.png\",\"contentUrl\":\"https:\/\/zielone-migdaly.pl\/wp-content\/uploads\/2021\/11\/Zielone-Migdaly-Logo-WEB-2.png\",\"width\":500,\"height\":190,\"caption\":\"Zielone Migda\u0142y\"},\"image\":{\"@id\":\"https:\/\/zielone-migdaly.pl\/#\/schema\/logo\/image\/\"},\"sameAs\":[\"https:\/\/www.facebook.com\/lubiezielonemigdaly\",\"https:\/\/www.instagram.com\/lubie_zielone_migdaly\/\"]}]}<\/script>\n<!-- \/ Yoast SEO plugin. -->","yoast_head_json":{"title":"Ceramiczny serwis z czarno-z\u0142ot\u0105 dekoracj\u0105 - Horodnica - Zielone Migda\u0142y","description":"Ceramiczny serwis kawowy z czarno-z\u0142ot\u0105 dekoracj\u0105 wykonany w ukrai\u0144skich zak\u0142adach Horodnica. Pe\u0142ny zestaw dla sze\u015bciu os\u00f3b.","robots":{"index":"index","follow":"follow","max-snippet":"max-snippet:-1","max-image-preview":"max-image-preview:large","max-video-preview":"max-video-preview:-1"},"canonical":"https:\/\/zielone-migdaly.pl\/index.php\/produkt\/ceramiczny-serwis-z-czarno-zlota-dekoracja-horodnica\/","og_locale":"pl_PL","og_type":"article","og_title":"Ceramiczny serwis z czarno-z\u0142ot\u0105 dekoracj\u0105 - Horodnica - Zielone Migda\u0142y","og_description":"Ceramiczny serwis kawowy z czarno-z\u0142ot\u0105 dekoracj\u0105 wykonany w ukrai\u0144skich zak\u0142adach Horodnica. Pe\u0142ny zestaw dla sze\u015bciu os\u00f3b.","og_url":"https:\/\/zielone-migdaly.pl\/index.php\/produkt\/ceramiczny-serwis-z-czarno-zlota-dekoracja-horodnica\/","og_site_name":"Zielone Migda\u0142y","article_publisher":"https:\/\/www.facebook.com\/lubiezielonemigdaly","article_modified_time":"2025-02-15T20:23:10+00:00","og_image":[{"width":500,"height":750,"url":"https:\/\/zielone-migdaly.pl\/wp-content\/uploads\/2024\/09\/zielone-migdaly-ww042.jpg","type":"image\/jpeg"}],"twitter_card":"summary_large_image","schema":{"@context":"https:\/\/schema.org","@graph":[{"@type":"WebPage","@id":"https:\/\/zielone-migdaly.pl\/index.php\/produkt\/ceramiczny-serwis-z-czarno-zlota-dekoracja-horodnica\/","url":"https:\/\/zielone-migdaly.pl\/index.php\/produkt\/ceramiczny-serwis-z-czarno-zlota-dekoracja-horodnica\/","name":"Ceramiczny serwis z czarno-z\u0142ot\u0105 dekoracj\u0105 - Horodnica - Zielone Migda\u0142y","isPartOf":{"@id":"https:\/\/zielone-migdaly.pl\/#website"},"primaryImageOfPage":{"@id":"https:\/\/zielone-migdaly.pl\/index.php\/produkt\/ceramiczny-serwis-z-czarno-zlota-dekoracja-horodnica\/#primaryimage"},"image":{"@id":"https:\/\/zielone-migdaly.pl\/index.php\/produkt\/ceramiczny-serwis-z-czarno-zlota-dekoracja-horodnica\/#primaryimage"},"thumbnailUrl":"https:\/\/zielone-migdaly.pl\/wp-content\/uploads\/2024\/09\/zielone-migdaly-ww042.jpg","datePublished":"2024-09-10T20:17:23+00:00","dateModified":"2025-02-15T20:23:10+00:00","description":"Ceramiczny serwis kawowy z czarno-z\u0142ot\u0105 dekoracj\u0105 wykonany w ukrai\u0144skich zak\u0142adach Horodnica. Pe\u0142ny zestaw dla sze\u015bciu os\u00f3b.","breadcrumb":{"@id":"https:\/\/zielone-migdaly.pl\/index.php\/produkt\/ceramiczny-serwis-z-czarno-zlota-dekoracja-horodnica\/#breadcrumb"},"inLanguage":"pl-PL","potentialAction":[{"@type":"ReadAction","target":["https:\/\/zielone-migdaly.pl\/index.php\/produkt\/ceramiczny-serwis-z-czarno-zlota-dekoracja-horodnica\/"]}]},{"@type":"ImageObject","inLanguage":"pl-PL","@id":"https:\/\/zielone-migdaly.pl\/index.php\/produkt\/ceramiczny-serwis-z-czarno-zlota-dekoracja-horodnica\/#primaryimage","url":"https:\/\/zielone-migdaly.pl\/wp-content\/uploads\/2024\/09\/zielone-migdaly-ww042.jpg","contentUrl":"https:\/\/zielone-migdaly.pl\/wp-content\/uploads\/2024\/09\/zielone-migdaly-ww042.jpg","width":500,"height":750},{"@type":"BreadcrumbList","@id":"https:\/\/zielone-migdaly.pl\/index.php\/produkt\/ceramiczny-serwis-z-czarno-zlota-dekoracja-horodnica\/#breadcrumb","itemListElement":[{"@type":"ListItem","position":1,"name":"Strona g\u0142\u00f3wna","item":"https:\/\/zielone-migdaly.pl\/"},{"@type":"ListItem","position":2,"name":"Sklep","item":"https:\/\/zielone-migdaly.pl\/index.php\/sklep\/"},{"@type":"ListItem","position":3,"name":"Ceramiczny serwis z czarno-z\u0142ot\u0105 dekoracj\u0105 &#8211; Horodnica"}]},{"@type":"WebSite","@id":"https:\/\/zielone-migdaly.pl\/#website","url":"https:\/\/zielone-migdaly.pl\/","name":"Zielone Migda\u0142y","description":"Sklep Vintage","publisher":{"@id":"https:\/\/zielone-migdaly.pl\/#organization"},"potentialAction":[{"@type":"SearchAction","target":{"@type":"EntryPoint","urlTemplate":"https:\/\/zielone-migdaly.pl\/?s={search_term_string}"},"query-input":"required name=search_term_string"}],"inLanguage":"pl-PL"},{"@type":"Organization","@id":"https:\/\/zielone-migdaly.pl\/#organization","name":"Zielone Migda\u0142y","url":"https:\/\/zielone-migdaly.pl\/","logo":{"@type":"ImageObject","inLanguage":"pl-PL","@id":"https:\/\/zielone-migdaly.pl\/#\/schema\/logo\/image\/","url":"https:\/\/zielone-migdaly.pl\/wp-content\/uploads\/2021\/11\/Zielone-Migdaly-Logo-WEB-2.png","contentUrl":"https:\/\/zielone-migdaly.pl\/wp-content\/uploads\/2021\/11\/Zielone-Migdaly-Logo-WEB-2.png","width":500,"height":190,"caption":"Zielone Migda\u0142y"},"image":{"@id":"https:\/\/zielone-migdaly.pl\/#\/schema\/logo\/image\/"},"sameAs":["https:\/\/www.facebook.com\/lubiezielonemigdaly","https:\/\/www.instagram.com\/lubie_zielone_migdaly\/"]}]}},"_links":{"self":[{"href":"https:\/\/zielone-migdaly.pl\/index.php\/wp-json\/wp\/v2\/product\/12406"}],"collection":[{"href":"https:\/\/zielone-migdaly.pl\/index.php\/wp-json\/wp\/v2\/product"}],"about":[{"href":"https:\/\/zielone-migdaly.pl\/index.php\/wp-json\/wp\/v2\/types\/product"}],"wp:featuredmedia":[{"embeddable":true,"href":"https:\/\/zielone-migdaly.pl\/index.php\/wp-json\/wp\/v2\/media\/12367"}],"wp:attachment":[{"href":"https:\/\/zielone-migdaly.pl\/index.php\/wp-json\/wp\/v2\/media?parent=12406"}],"wp:term":[{"taxonomy":"product_cat","embeddable":true,"href":"https:\/\/zielone-migdaly.pl\/index.php\/wp-json\/wp\/v2\/product_cat?post=12406"},{"taxonomy":"product_tag","embeddable":true,"href":"https:\/\/zielone-migdaly.pl\/index.php\/wp-json\/wp\/v2\/product_tag?post=12406"}],"curies":[{"name":"wp","href":"https:\/\/api.w.org\/{rel}","templated":true}]}}