{"id":12765,"date":"2024-09-27T19:46:06","date_gmt":"2024-09-27T17:46:06","guid":{"rendered":"https:\/\/zielone-migdaly.pl\/?post_type=product&#038;p=12765"},"modified":"2024-09-27T19:46:07","modified_gmt":"2024-09-27T17:46:07","slug":"porcelitowy-kufelek-kubus-2-mirostowice","status":"publish","type":"product","link":"https:\/\/zielone-migdaly.pl\/index.php\/produkt\/porcelitowy-kufelek-kubus-2-mirostowice\/","title":{"rendered":"Porcelitowy kufelek Kubu\u015b 2 &#8211; Mirostowice"},"content":{"rendered":"<p>Porcelitowy kufelek Kubu\u015b 2 wykonany z porcelitu w Mirostowickich Zak\u0142adach Ceramicznych.<\/p>\n<p><span data-sheets-root=\"1\">Wysoko\u015b\u0107 9cm. <\/span><\/p>\n<p><span data-sheets-root=\"1\">Stan bardzo dobry-, krakelura szkliwa. <\/span><\/p>\n","protected":false},"excerpt":{"rendered":"<p>Porcelitowy kufelek Kubu\u015b 2 wykonany z porcelitu w Mirostowickich Zak\u0142adach Ceramicznych. Wysoko\u015b\u0107 9cm. Stan bardzo dobry-, krakelura szkliwa.<\/p>\n","protected":false},"featured_media":12753,"template":"","meta":[],"product_cat":[52],"product_tag":[173,73,1474,870,661,70,833,459,71,72,74,642],"yoast_head":"<!-- This site is optimized with the Yoast SEO plugin v23.0 - https:\/\/yoast.com\/wordpress\/plugins\/seo\/ -->\n<title>Porcelitowy kufelek Kubu\u015b 2 - Mirostowice - Zielone Migda\u0142y<\/title>\n<meta name=\"description\" content=\"Porcelitowy kufelek Kubu\u015b 2 wykonany z porcelitu w Mirostowickich Zak\u0142adach Ceramicznych.\u00a0Wysoko\u015b\u0107 9cm. Stan bardzo dobry-, krakelura szkliwa.\" \/>\n<meta name=\"robots\" content=\"index, follow, max-snippet:-1, max-image-preview:large, max-video-preview:-1\" \/>\n<link rel=\"canonical\" href=\"https:\/\/zielone-migdaly.pl\/index.php\/produkt\/porcelitowy-kufelek-kubus-2-mirostowice\/\" \/>\n<meta property=\"og:locale\" content=\"pl_PL\" \/>\n<meta property=\"og:type\" content=\"article\" \/>\n<meta property=\"og:title\" content=\"Porcelitowy kufelek Kubu\u015b 2 - Mirostowice - Zielone Migda\u0142y\" \/>\n<meta property=\"og:description\" content=\"Porcelitowy kufelek Kubu\u015b 2 wykonany z porcelitu w Mirostowickich Zak\u0142adach Ceramicznych.\u00a0Wysoko\u015b\u0107 9cm. Stan bardzo dobry-, krakelura szkliwa.\" \/>\n<meta property=\"og:url\" content=\"https:\/\/zielone-migdaly.pl\/index.php\/produkt\/porcelitowy-kufelek-kubus-2-mirostowice\/\" \/>\n<meta property=\"og:site_name\" content=\"Zielone Migda\u0142y\" \/>\n<meta property=\"article:publisher\" content=\"https:\/\/www.facebook.com\/lubiezielonemigdaly\" \/>\n<meta property=\"article:modified_time\" content=\"2024-09-27T17:46:07+00:00\" \/>\n<meta property=\"og:image\" content=\"https:\/\/zielone-migdaly.pl\/wp-content\/uploads\/2024\/09\/zielone-migdaly-ww354.jpg\" \/>\n\t<meta property=\"og:image:width\" content=\"500\" \/>\n\t<meta property=\"og:image:height\" content=\"750\" \/>\n\t<meta property=\"og:image:type\" content=\"image\/jpeg\" \/>\n<meta name=\"twitter:card\" content=\"summary_large_image\" \/>\n<script type=\"application\/ld+json\" class=\"yoast-schema-graph\">{\"@context\":\"https:\/\/schema.org\",\"@graph\":[{\"@type\":\"WebPage\",\"@id\":\"https:\/\/zielone-migdaly.pl\/index.php\/produkt\/porcelitowy-kufelek-kubus-2-mirostowice\/\",\"url\":\"https:\/\/zielone-migdaly.pl\/index.php\/produkt\/porcelitowy-kufelek-kubus-2-mirostowice\/\",\"name\":\"Porcelitowy kufelek Kubu\u015b 2 - Mirostowice - Zielone Migda\u0142y\",\"isPartOf\":{\"@id\":\"https:\/\/zielone-migdaly.pl\/#website\"},\"primaryImageOfPage\":{\"@id\":\"https:\/\/zielone-migdaly.pl\/index.php\/produkt\/porcelitowy-kufelek-kubus-2-mirostowice\/#primaryimage\"},\"image\":{\"@id\":\"https:\/\/zielone-migdaly.pl\/index.php\/produkt\/porcelitowy-kufelek-kubus-2-mirostowice\/#primaryimage\"},\"thumbnailUrl\":\"https:\/\/zielone-migdaly.pl\/wp-content\/uploads\/2024\/09\/zielone-migdaly-ww354.jpg\",\"datePublished\":\"2024-09-27T17:46:06+00:00\",\"dateModified\":\"2024-09-27T17:46:07+00:00\",\"description\":\"Porcelitowy kufelek Kubu\u015b 2 wykonany z porcelitu w Mirostowickich Zak\u0142adach Ceramicznych.\u00a0Wysoko\u015b\u0107 9cm. Stan bardzo dobry-, krakelura szkliwa.\",\"breadcrumb\":{\"@id\":\"https:\/\/zielone-migdaly.pl\/index.php\/produkt\/porcelitowy-kufelek-kubus-2-mirostowice\/#breadcrumb\"},\"inLanguage\":\"pl-PL\",\"potentialAction\":[{\"@type\":\"ReadAction\",\"target\":[\"https:\/\/zielone-migdaly.pl\/index.php\/produkt\/porcelitowy-kufelek-kubus-2-mirostowice\/\"]}]},{\"@type\":\"ImageObject\",\"inLanguage\":\"pl-PL\",\"@id\":\"https:\/\/zielone-migdaly.pl\/index.php\/produkt\/porcelitowy-kufelek-kubus-2-mirostowice\/#primaryimage\",\"url\":\"https:\/\/zielone-migdaly.pl\/wp-content\/uploads\/2024\/09\/zielone-migdaly-ww354.jpg\",\"contentUrl\":\"https:\/\/zielone-migdaly.pl\/wp-content\/uploads\/2024\/09\/zielone-migdaly-ww354.jpg\",\"width\":500,\"height\":750},{\"@type\":\"BreadcrumbList\",\"@id\":\"https:\/\/zielone-migdaly.pl\/index.php\/produkt\/porcelitowy-kufelek-kubus-2-mirostowice\/#breadcrumb\",\"itemListElement\":[{\"@type\":\"ListItem\",\"position\":1,\"name\":\"Strona g\u0142\u00f3wna\",\"item\":\"https:\/\/zielone-migdaly.pl\/\"},{\"@type\":\"ListItem\",\"position\":2,\"name\":\"Sklep\",\"item\":\"https:\/\/zielone-migdaly.pl\/index.php\/sklep\/\"},{\"@type\":\"ListItem\",\"position\":3,\"name\":\"Porcelitowy kufelek Kubu\u015b 2 &#8211; Mirostowice\"}]},{\"@type\":\"WebSite\",\"@id\":\"https:\/\/zielone-migdaly.pl\/#website\",\"url\":\"https:\/\/zielone-migdaly.pl\/\",\"name\":\"Zielone Migda\u0142y\",\"description\":\"Sklep Vintage\",\"publisher\":{\"@id\":\"https:\/\/zielone-migdaly.pl\/#organization\"},\"potentialAction\":[{\"@type\":\"SearchAction\",\"target\":{\"@type\":\"EntryPoint\",\"urlTemplate\":\"https:\/\/zielone-migdaly.pl\/?s={search_term_string}\"},\"query-input\":\"required name=search_term_string\"}],\"inLanguage\":\"pl-PL\"},{\"@type\":\"Organization\",\"@id\":\"https:\/\/zielone-migdaly.pl\/#organization\",\"name\":\"Zielone Migda\u0142y\",\"url\":\"https:\/\/zielone-migdaly.pl\/\",\"logo\":{\"@type\":\"ImageObject\",\"inLanguage\":\"pl-PL\",\"@id\":\"https:\/\/zielone-migdaly.pl\/#\/schema\/logo\/image\/\",\"url\":\"https:\/\/zielone-migdaly.pl\/wp-content\/uploads\/2021\/11\/Zielone-Migdaly-Logo-WEB-2.png\",\"contentUrl\":\"https:\/\/zielone-migdaly.pl\/wp-content\/uploads\/2021\/11\/Zielone-Migdaly-Logo-WEB-2.png\",\"width\":500,\"height\":190,\"caption\":\"Zielone Migda\u0142y\"},\"image\":{\"@id\":\"https:\/\/zielone-migdaly.pl\/#\/schema\/logo\/image\/\"},\"sameAs\":[\"https:\/\/www.facebook.com\/lubiezielonemigdaly\",\"https:\/\/www.instagram.com\/lubie_zielone_migdaly\/\"]}]}<\/script>\n<!-- \/ Yoast SEO plugin. -->","yoast_head_json":{"title":"Porcelitowy kufelek Kubu\u015b 2 - Mirostowice - Zielone Migda\u0142y","description":"Porcelitowy kufelek Kubu\u015b 2 wykonany z porcelitu w Mirostowickich Zak\u0142adach Ceramicznych.\u00a0Wysoko\u015b\u0107 9cm. Stan bardzo dobry-, krakelura szkliwa.","robots":{"index":"index","follow":"follow","max-snippet":"max-snippet:-1","max-image-preview":"max-image-preview:large","max-video-preview":"max-video-preview:-1"},"canonical":"https:\/\/zielone-migdaly.pl\/index.php\/produkt\/porcelitowy-kufelek-kubus-2-mirostowice\/","og_locale":"pl_PL","og_type":"article","og_title":"Porcelitowy kufelek Kubu\u015b 2 - Mirostowice - Zielone Migda\u0142y","og_description":"Porcelitowy kufelek Kubu\u015b 2 wykonany z porcelitu w Mirostowickich Zak\u0142adach Ceramicznych.\u00a0Wysoko\u015b\u0107 9cm. Stan bardzo dobry-, krakelura szkliwa.","og_url":"https:\/\/zielone-migdaly.pl\/index.php\/produkt\/porcelitowy-kufelek-kubus-2-mirostowice\/","og_site_name":"Zielone Migda\u0142y","article_publisher":"https:\/\/www.facebook.com\/lubiezielonemigdaly","article_modified_time":"2024-09-27T17:46:07+00:00","og_image":[{"width":500,"height":750,"url":"https:\/\/zielone-migdaly.pl\/wp-content\/uploads\/2024\/09\/zielone-migdaly-ww354.jpg","type":"image\/jpeg"}],"twitter_card":"summary_large_image","schema":{"@context":"https:\/\/schema.org","@graph":[{"@type":"WebPage","@id":"https:\/\/zielone-migdaly.pl\/index.php\/produkt\/porcelitowy-kufelek-kubus-2-mirostowice\/","url":"https:\/\/zielone-migdaly.pl\/index.php\/produkt\/porcelitowy-kufelek-kubus-2-mirostowice\/","name":"Porcelitowy kufelek Kubu\u015b 2 - Mirostowice - Zielone Migda\u0142y","isPartOf":{"@id":"https:\/\/zielone-migdaly.pl\/#website"},"primaryImageOfPage":{"@id":"https:\/\/zielone-migdaly.pl\/index.php\/produkt\/porcelitowy-kufelek-kubus-2-mirostowice\/#primaryimage"},"image":{"@id":"https:\/\/zielone-migdaly.pl\/index.php\/produkt\/porcelitowy-kufelek-kubus-2-mirostowice\/#primaryimage"},"thumbnailUrl":"https:\/\/zielone-migdaly.pl\/wp-content\/uploads\/2024\/09\/zielone-migdaly-ww354.jpg","datePublished":"2024-09-27T17:46:06+00:00","dateModified":"2024-09-27T17:46:07+00:00","description":"Porcelitowy kufelek Kubu\u015b 2 wykonany z porcelitu w Mirostowickich Zak\u0142adach Ceramicznych.\u00a0Wysoko\u015b\u0107 9cm. Stan bardzo dobry-, krakelura szkliwa.","breadcrumb":{"@id":"https:\/\/zielone-migdaly.pl\/index.php\/produkt\/porcelitowy-kufelek-kubus-2-mirostowice\/#breadcrumb"},"inLanguage":"pl-PL","potentialAction":[{"@type":"ReadAction","target":["https:\/\/zielone-migdaly.pl\/index.php\/produkt\/porcelitowy-kufelek-kubus-2-mirostowice\/"]}]},{"@type":"ImageObject","inLanguage":"pl-PL","@id":"https:\/\/zielone-migdaly.pl\/index.php\/produkt\/porcelitowy-kufelek-kubus-2-mirostowice\/#primaryimage","url":"https:\/\/zielone-migdaly.pl\/wp-content\/uploads\/2024\/09\/zielone-migdaly-ww354.jpg","contentUrl":"https:\/\/zielone-migdaly.pl\/wp-content\/uploads\/2024\/09\/zielone-migdaly-ww354.jpg","width":500,"height":750},{"@type":"BreadcrumbList","@id":"https:\/\/zielone-migdaly.pl\/index.php\/produkt\/porcelitowy-kufelek-kubus-2-mirostowice\/#breadcrumb","itemListElement":[{"@type":"ListItem","position":1,"name":"Strona g\u0142\u00f3wna","item":"https:\/\/zielone-migdaly.pl\/"},{"@type":"ListItem","position":2,"name":"Sklep","item":"https:\/\/zielone-migdaly.pl\/index.php\/sklep\/"},{"@type":"ListItem","position":3,"name":"Porcelitowy kufelek Kubu\u015b 2 &#8211; Mirostowice"}]},{"@type":"WebSite","@id":"https:\/\/zielone-migdaly.pl\/#website","url":"https:\/\/zielone-migdaly.pl\/","name":"Zielone Migda\u0142y","description":"Sklep Vintage","publisher":{"@id":"https:\/\/zielone-migdaly.pl\/#organization"},"potentialAction":[{"@type":"SearchAction","target":{"@type":"EntryPoint","urlTemplate":"https:\/\/zielone-migdaly.pl\/?s={search_term_string}"},"query-input":"required name=search_term_string"}],"inLanguage":"pl-PL"},{"@type":"Organization","@id":"https:\/\/zielone-migdaly.pl\/#organization","name":"Zielone Migda\u0142y","url":"https:\/\/zielone-migdaly.pl\/","logo":{"@type":"ImageObject","inLanguage":"pl-PL","@id":"https:\/\/zielone-migdaly.pl\/#\/schema\/logo\/image\/","url":"https:\/\/zielone-migdaly.pl\/wp-content\/uploads\/2021\/11\/Zielone-Migdaly-Logo-WEB-2.png","contentUrl":"https:\/\/zielone-migdaly.pl\/wp-content\/uploads\/2021\/11\/Zielone-Migdaly-Logo-WEB-2.png","width":500,"height":190,"caption":"Zielone Migda\u0142y"},"image":{"@id":"https:\/\/zielone-migdaly.pl\/#\/schema\/logo\/image\/"},"sameAs":["https:\/\/www.facebook.com\/lubiezielonemigdaly","https:\/\/www.instagram.com\/lubie_zielone_migdaly\/"]}]}},"_links":{"self":[{"href":"https:\/\/zielone-migdaly.pl\/index.php\/wp-json\/wp\/v2\/product\/12765"}],"collection":[{"href":"https:\/\/zielone-migdaly.pl\/index.php\/wp-json\/wp\/v2\/product"}],"about":[{"href":"https:\/\/zielone-migdaly.pl\/index.php\/wp-json\/wp\/v2\/types\/product"}],"wp:featuredmedia":[{"embeddable":true,"href":"https:\/\/zielone-migdaly.pl\/index.php\/wp-json\/wp\/v2\/media\/12753"}],"wp:attachment":[{"href":"https:\/\/zielone-migdaly.pl\/index.php\/wp-json\/wp\/v2\/media?parent=12765"}],"wp:term":[{"taxonomy":"product_cat","embeddable":true,"href":"https:\/\/zielone-migdaly.pl\/index.php\/wp-json\/wp\/v2\/product_cat?post=12765"},{"taxonomy":"product_tag","embeddable":true,"href":"https:\/\/zielone-migdaly.pl\/index.php\/wp-json\/wp\/v2\/product_tag?post=12765"}],"curies":[{"name":"wp","href":"https:\/\/api.w.org\/{rel}","templated":true}]}}