{"id":16124,"date":"2025-03-27T14:55:02","date_gmt":"2025-03-27T13:55:02","guid":{"rendered":"https:\/\/zielone-migdaly.pl\/?post_type=product&#038;p=16124"},"modified":"2025-03-27T14:55:03","modified_gmt":"2025-03-27T13:55:03","slug":"duza-makutra-fnk-bochnia","status":"publish","type":"product","link":"https:\/\/zielone-migdaly.pl\/index.php\/produkt\/duza-makutra-fnk-bochnia\/","title":{"rendered":"Du\u017ca makutra &#8211; FNK Bochnia"},"content":{"rendered":"<p>Du\u017ca makutra wykonana w Fabryce Naczy\u0144 Kamionkowych Bochnia.<\/p>\n<p><span data-sheets-root=\"1\">\u015arednica 29cm, wysoko\u015b\u0107 14,5cm. Pojemno\u015b\u0107 5 litr\u00f3w. <\/span><\/p>\n<p><span data-sheets-root=\"1\">Stan bardzo dobry, przetarcia szkliwa, wady z produkcji. <\/span><\/p>\n","protected":false},"excerpt":{"rendered":"<p>Du\u017ca makutra wykonana w Fabryce Naczy\u0144 Kamionkowych Bochnia. \u015arednica 29cm, wysoko\u015b\u0107 14,5cm. Pojemno\u015b\u0107 5 litr\u00f3w. Stan bardzo dobry, przetarcia szkliwa, wady z produkcji.<\/p>\n","protected":false},"featured_media":16022,"template":"","meta":[],"product_cat":[52],"product_tag":[1654,173,73,1653,849,1655,431,71],"yoast_head":"<!-- This site is optimized with the Yoast SEO plugin v23.0 - https:\/\/yoast.com\/wordpress\/plugins\/seo\/ -->\n<title>Du\u017ca makutra - FNK Bochnia - Zielone Migda\u0142y<\/title>\n<meta name=\"description\" content=\"Du\u017ca makutra wykonana w Fabryce Naczy\u0144 Kamionkowych Bochnia. \u015arednica 29cm, wysoko\u015b\u0107 14,5cm. Pojemno\u015b\u0107 5 litr\u00f3w. Stan bardzo dobry.\" \/>\n<meta name=\"robots\" content=\"index, follow, max-snippet:-1, max-image-preview:large, max-video-preview:-1\" \/>\n<link rel=\"canonical\" href=\"https:\/\/zielone-migdaly.pl\/index.php\/produkt\/duza-makutra-fnk-bochnia\/\" \/>\n<meta property=\"og:locale\" content=\"pl_PL\" \/>\n<meta property=\"og:type\" content=\"article\" \/>\n<meta property=\"og:title\" content=\"Du\u017ca makutra - FNK Bochnia - Zielone Migda\u0142y\" \/>\n<meta property=\"og:description\" content=\"Du\u017ca makutra wykonana w Fabryce Naczy\u0144 Kamionkowych Bochnia. \u015arednica 29cm, wysoko\u015b\u0107 14,5cm. Pojemno\u015b\u0107 5 litr\u00f3w. Stan bardzo dobry.\" \/>\n<meta property=\"og:url\" content=\"https:\/\/zielone-migdaly.pl\/index.php\/produkt\/duza-makutra-fnk-bochnia\/\" \/>\n<meta property=\"og:site_name\" content=\"Zielone Migda\u0142y\" \/>\n<meta property=\"article:publisher\" content=\"https:\/\/www.facebook.com\/lubiezielonemigdaly\" \/>\n<meta property=\"article:modified_time\" content=\"2025-03-27T13:55:03+00:00\" \/>\n<meta property=\"og:image\" content=\"https:\/\/zielone-migdaly.pl\/wp-content\/uploads\/2025\/03\/zielone-migdaly-02-0467.jpg\" \/>\n\t<meta property=\"og:image:width\" content=\"500\" \/>\n\t<meta property=\"og:image:height\" content=\"750\" \/>\n\t<meta property=\"og:image:type\" content=\"image\/jpeg\" \/>\n<meta name=\"twitter:card\" content=\"summary_large_image\" \/>\n<script type=\"application\/ld+json\" class=\"yoast-schema-graph\">{\"@context\":\"https:\/\/schema.org\",\"@graph\":[{\"@type\":\"WebPage\",\"@id\":\"https:\/\/zielone-migdaly.pl\/index.php\/produkt\/duza-makutra-fnk-bochnia\/\",\"url\":\"https:\/\/zielone-migdaly.pl\/index.php\/produkt\/duza-makutra-fnk-bochnia\/\",\"name\":\"Du\u017ca makutra - FNK Bochnia - Zielone Migda\u0142y\",\"isPartOf\":{\"@id\":\"https:\/\/zielone-migdaly.pl\/#website\"},\"primaryImageOfPage\":{\"@id\":\"https:\/\/zielone-migdaly.pl\/index.php\/produkt\/duza-makutra-fnk-bochnia\/#primaryimage\"},\"image\":{\"@id\":\"https:\/\/zielone-migdaly.pl\/index.php\/produkt\/duza-makutra-fnk-bochnia\/#primaryimage\"},\"thumbnailUrl\":\"https:\/\/zielone-migdaly.pl\/wp-content\/uploads\/2025\/03\/zielone-migdaly-02-0467.jpg\",\"datePublished\":\"2025-03-27T13:55:02+00:00\",\"dateModified\":\"2025-03-27T13:55:03+00:00\",\"description\":\"Du\u017ca makutra wykonana w Fabryce Naczy\u0144 Kamionkowych Bochnia. \u015arednica 29cm, wysoko\u015b\u0107 14,5cm. Pojemno\u015b\u0107 5 litr\u00f3w. Stan bardzo dobry.\",\"breadcrumb\":{\"@id\":\"https:\/\/zielone-migdaly.pl\/index.php\/produkt\/duza-makutra-fnk-bochnia\/#breadcrumb\"},\"inLanguage\":\"pl-PL\",\"potentialAction\":[{\"@type\":\"ReadAction\",\"target\":[\"https:\/\/zielone-migdaly.pl\/index.php\/produkt\/duza-makutra-fnk-bochnia\/\"]}]},{\"@type\":\"ImageObject\",\"inLanguage\":\"pl-PL\",\"@id\":\"https:\/\/zielone-migdaly.pl\/index.php\/produkt\/duza-makutra-fnk-bochnia\/#primaryimage\",\"url\":\"https:\/\/zielone-migdaly.pl\/wp-content\/uploads\/2025\/03\/zielone-migdaly-02-0467.jpg\",\"contentUrl\":\"https:\/\/zielone-migdaly.pl\/wp-content\/uploads\/2025\/03\/zielone-migdaly-02-0467.jpg\",\"width\":500,\"height\":750},{\"@type\":\"BreadcrumbList\",\"@id\":\"https:\/\/zielone-migdaly.pl\/index.php\/produkt\/duza-makutra-fnk-bochnia\/#breadcrumb\",\"itemListElement\":[{\"@type\":\"ListItem\",\"position\":1,\"name\":\"Strona g\u0142\u00f3wna\",\"item\":\"https:\/\/zielone-migdaly.pl\/\"},{\"@type\":\"ListItem\",\"position\":2,\"name\":\"Sklep\",\"item\":\"https:\/\/zielone-migdaly.pl\/index.php\/sklep\/\"},{\"@type\":\"ListItem\",\"position\":3,\"name\":\"Du\u017ca makutra &#8211; FNK Bochnia\"}]},{\"@type\":\"WebSite\",\"@id\":\"https:\/\/zielone-migdaly.pl\/#website\",\"url\":\"https:\/\/zielone-migdaly.pl\/\",\"name\":\"Zielone Migda\u0142y\",\"description\":\"Sklep Vintage\",\"publisher\":{\"@id\":\"https:\/\/zielone-migdaly.pl\/#organization\"},\"potentialAction\":[{\"@type\":\"SearchAction\",\"target\":{\"@type\":\"EntryPoint\",\"urlTemplate\":\"https:\/\/zielone-migdaly.pl\/?s={search_term_string}\"},\"query-input\":\"required name=search_term_string\"}],\"inLanguage\":\"pl-PL\"},{\"@type\":\"Organization\",\"@id\":\"https:\/\/zielone-migdaly.pl\/#organization\",\"name\":\"Zielone Migda\u0142y\",\"url\":\"https:\/\/zielone-migdaly.pl\/\",\"logo\":{\"@type\":\"ImageObject\",\"inLanguage\":\"pl-PL\",\"@id\":\"https:\/\/zielone-migdaly.pl\/#\/schema\/logo\/image\/\",\"url\":\"https:\/\/zielone-migdaly.pl\/wp-content\/uploads\/2021\/11\/Zielone-Migdaly-Logo-WEB-2.png\",\"contentUrl\":\"https:\/\/zielone-migdaly.pl\/wp-content\/uploads\/2021\/11\/Zielone-Migdaly-Logo-WEB-2.png\",\"width\":500,\"height\":190,\"caption\":\"Zielone Migda\u0142y\"},\"image\":{\"@id\":\"https:\/\/zielone-migdaly.pl\/#\/schema\/logo\/image\/\"},\"sameAs\":[\"https:\/\/www.facebook.com\/lubiezielonemigdaly\",\"https:\/\/www.instagram.com\/lubie_zielone_migdaly\/\"]}]}<\/script>\n<!-- \/ Yoast SEO plugin. -->","yoast_head_json":{"title":"Du\u017ca makutra - FNK Bochnia - Zielone Migda\u0142y","description":"Du\u017ca makutra wykonana w Fabryce Naczy\u0144 Kamionkowych Bochnia. \u015arednica 29cm, wysoko\u015b\u0107 14,5cm. Pojemno\u015b\u0107 5 litr\u00f3w. Stan bardzo dobry.","robots":{"index":"index","follow":"follow","max-snippet":"max-snippet:-1","max-image-preview":"max-image-preview:large","max-video-preview":"max-video-preview:-1"},"canonical":"https:\/\/zielone-migdaly.pl\/index.php\/produkt\/duza-makutra-fnk-bochnia\/","og_locale":"pl_PL","og_type":"article","og_title":"Du\u017ca makutra - FNK Bochnia - Zielone Migda\u0142y","og_description":"Du\u017ca makutra wykonana w Fabryce Naczy\u0144 Kamionkowych Bochnia. \u015arednica 29cm, wysoko\u015b\u0107 14,5cm. Pojemno\u015b\u0107 5 litr\u00f3w. Stan bardzo dobry.","og_url":"https:\/\/zielone-migdaly.pl\/index.php\/produkt\/duza-makutra-fnk-bochnia\/","og_site_name":"Zielone Migda\u0142y","article_publisher":"https:\/\/www.facebook.com\/lubiezielonemigdaly","article_modified_time":"2025-03-27T13:55:03+00:00","og_image":[{"width":500,"height":750,"url":"https:\/\/zielone-migdaly.pl\/wp-content\/uploads\/2025\/03\/zielone-migdaly-02-0467.jpg","type":"image\/jpeg"}],"twitter_card":"summary_large_image","schema":{"@context":"https:\/\/schema.org","@graph":[{"@type":"WebPage","@id":"https:\/\/zielone-migdaly.pl\/index.php\/produkt\/duza-makutra-fnk-bochnia\/","url":"https:\/\/zielone-migdaly.pl\/index.php\/produkt\/duza-makutra-fnk-bochnia\/","name":"Du\u017ca makutra - FNK Bochnia - Zielone Migda\u0142y","isPartOf":{"@id":"https:\/\/zielone-migdaly.pl\/#website"},"primaryImageOfPage":{"@id":"https:\/\/zielone-migdaly.pl\/index.php\/produkt\/duza-makutra-fnk-bochnia\/#primaryimage"},"image":{"@id":"https:\/\/zielone-migdaly.pl\/index.php\/produkt\/duza-makutra-fnk-bochnia\/#primaryimage"},"thumbnailUrl":"https:\/\/zielone-migdaly.pl\/wp-content\/uploads\/2025\/03\/zielone-migdaly-02-0467.jpg","datePublished":"2025-03-27T13:55:02+00:00","dateModified":"2025-03-27T13:55:03+00:00","description":"Du\u017ca makutra wykonana w Fabryce Naczy\u0144 Kamionkowych Bochnia. \u015arednica 29cm, wysoko\u015b\u0107 14,5cm. Pojemno\u015b\u0107 5 litr\u00f3w. Stan bardzo dobry.","breadcrumb":{"@id":"https:\/\/zielone-migdaly.pl\/index.php\/produkt\/duza-makutra-fnk-bochnia\/#breadcrumb"},"inLanguage":"pl-PL","potentialAction":[{"@type":"ReadAction","target":["https:\/\/zielone-migdaly.pl\/index.php\/produkt\/duza-makutra-fnk-bochnia\/"]}]},{"@type":"ImageObject","inLanguage":"pl-PL","@id":"https:\/\/zielone-migdaly.pl\/index.php\/produkt\/duza-makutra-fnk-bochnia\/#primaryimage","url":"https:\/\/zielone-migdaly.pl\/wp-content\/uploads\/2025\/03\/zielone-migdaly-02-0467.jpg","contentUrl":"https:\/\/zielone-migdaly.pl\/wp-content\/uploads\/2025\/03\/zielone-migdaly-02-0467.jpg","width":500,"height":750},{"@type":"BreadcrumbList","@id":"https:\/\/zielone-migdaly.pl\/index.php\/produkt\/duza-makutra-fnk-bochnia\/#breadcrumb","itemListElement":[{"@type":"ListItem","position":1,"name":"Strona g\u0142\u00f3wna","item":"https:\/\/zielone-migdaly.pl\/"},{"@type":"ListItem","position":2,"name":"Sklep","item":"https:\/\/zielone-migdaly.pl\/index.php\/sklep\/"},{"@type":"ListItem","position":3,"name":"Du\u017ca makutra &#8211; FNK Bochnia"}]},{"@type":"WebSite","@id":"https:\/\/zielone-migdaly.pl\/#website","url":"https:\/\/zielone-migdaly.pl\/","name":"Zielone Migda\u0142y","description":"Sklep Vintage","publisher":{"@id":"https:\/\/zielone-migdaly.pl\/#organization"},"potentialAction":[{"@type":"SearchAction","target":{"@type":"EntryPoint","urlTemplate":"https:\/\/zielone-migdaly.pl\/?s={search_term_string}"},"query-input":"required name=search_term_string"}],"inLanguage":"pl-PL"},{"@type":"Organization","@id":"https:\/\/zielone-migdaly.pl\/#organization","name":"Zielone Migda\u0142y","url":"https:\/\/zielone-migdaly.pl\/","logo":{"@type":"ImageObject","inLanguage":"pl-PL","@id":"https:\/\/zielone-migdaly.pl\/#\/schema\/logo\/image\/","url":"https:\/\/zielone-migdaly.pl\/wp-content\/uploads\/2021\/11\/Zielone-Migdaly-Logo-WEB-2.png","contentUrl":"https:\/\/zielone-migdaly.pl\/wp-content\/uploads\/2021\/11\/Zielone-Migdaly-Logo-WEB-2.png","width":500,"height":190,"caption":"Zielone Migda\u0142y"},"image":{"@id":"https:\/\/zielone-migdaly.pl\/#\/schema\/logo\/image\/"},"sameAs":["https:\/\/www.facebook.com\/lubiezielonemigdaly","https:\/\/www.instagram.com\/lubie_zielone_migdaly\/"]}]}},"_links":{"self":[{"href":"https:\/\/zielone-migdaly.pl\/index.php\/wp-json\/wp\/v2\/product\/16124"}],"collection":[{"href":"https:\/\/zielone-migdaly.pl\/index.php\/wp-json\/wp\/v2\/product"}],"about":[{"href":"https:\/\/zielone-migdaly.pl\/index.php\/wp-json\/wp\/v2\/types\/product"}],"wp:featuredmedia":[{"embeddable":true,"href":"https:\/\/zielone-migdaly.pl\/index.php\/wp-json\/wp\/v2\/media\/16022"}],"wp:attachment":[{"href":"https:\/\/zielone-migdaly.pl\/index.php\/wp-json\/wp\/v2\/media?parent=16124"}],"wp:term":[{"taxonomy":"product_cat","embeddable":true,"href":"https:\/\/zielone-migdaly.pl\/index.php\/wp-json\/wp\/v2\/product_cat?post=16124"},{"taxonomy":"product_tag","embeddable":true,"href":"https:\/\/zielone-migdaly.pl\/index.php\/wp-json\/wp\/v2\/product_tag?post=16124"}],"curies":[{"name":"wp","href":"https:\/\/api.w.org\/{rel}","templated":true}]}}