{"id":17139,"date":"2025-05-15T13:56:06","date_gmt":"2025-05-15T11:56:06","guid":{"rendered":"https:\/\/zielone-migdaly.pl\/?post_type=product&#038;p=17139"},"modified":"2025-05-15T14:12:41","modified_gmt":"2025-05-15T12:12:41","slug":"porcelanowy-serwis-wloclawek","status":"publish","type":"product","link":"https:\/\/zielone-migdaly.pl\/index.php\/produkt\/porcelanowy-serwis-wloclawek\/","title":{"rendered":"Porcelanowy serwis &#8211; W\u0142oc\u0142awek"},"content":{"rendered":"<p>Porcelanowy serwis z czarno-niebiesk\u0105 kwiatow\u0105 dekoracj\u0105 wykonany w zak\u0142adach W\u0142oc\u0142awek. Zestaw sk\u0142ada si\u0119 z dzbanka, cukiernicy, czterech fili\u017canek i pi\u0119ciu spodk\u00f3w.<\/p>\n<p><span data-sheets-root=\"1\">Wysoko\u015b\u0107 dzbanka 22,5cm, wysoko\u015b\u0107 cukiernicy 13cm, wysoko\u015b\u0107 fili\u017canki 7,5cm, \u015brednica bez uszka 8,5cm, pojemno\u015b\u0107 220ml, \u015brednica spodka 15cm.<\/span><\/p>\n<p><span data-sheets-root=\"1\"> Stan dobry, zabrudzenie na boku dzbanka, wada na kraw\u0119dzi cukiernicy. Na jednej z fili\u017canek \u015blady osadu. <\/span><\/p>\n","protected":false},"excerpt":{"rendered":"<p>Porcelanowy serwis z czarno-niebiesk\u0105 kwiatow\u0105 dekoracj\u0105 wykonany w zak\u0142adach W\u0142oc\u0142awek. Zestaw sk\u0142ada si\u0119 z dzbanka, cukiernicy, czterech fili\u017canek i pi\u0119ciu spodk\u00f3w. Wysoko\u015b\u0107 dzbanka 22,5cm, wysoko\u015b\u0107 cukiernicy 13cm, wysoko\u015b\u0107 fili\u017canki 7,5cm, \u015brednica bez uszka 8,5cm, pojemno\u015b\u0107 220ml, \u015brednica spodka 15cm. Stan dobry, zabrudzenie na boku dzbanka, wada na kraw\u0119dzi cukiernicy. Na jednej z fili\u017canek \u015blady osadu.<\/p>\n","protected":false},"featured_media":17052,"template":"","meta":[],"product_cat":[55],"product_tag":[328,146,716,305,79,76,961,278,715,286,176],"yoast_head":"<!-- This site is optimized with the Yoast SEO plugin v23.0 - https:\/\/yoast.com\/wordpress\/plugins\/seo\/ -->\n<title>Porcelanowy serwis - W\u0142oc\u0142awek - Zielone Migda\u0142y<\/title>\n<meta name=\"description\" content=\"Porcelanowy serwis z czarno-niebiesk\u0105 kwiatow\u0105 dekoracj\u0105 wykonany w zak\u0142adach W\u0142oc\u0142awek. Zestaw sk\u0142ada si\u0119 z dzbanka, cukiernicy, czterech fili\u017canek i pi\u0119ciu spodk\u00f3w.\u00a0\" \/>\n<meta name=\"robots\" content=\"index, follow, max-snippet:-1, max-image-preview:large, max-video-preview:-1\" \/>\n<link rel=\"canonical\" href=\"https:\/\/zielone-migdaly.pl\/index.php\/produkt\/porcelanowy-serwis-wloclawek\/\" \/>\n<meta property=\"og:locale\" content=\"pl_PL\" \/>\n<meta property=\"og:type\" content=\"article\" \/>\n<meta property=\"og:title\" content=\"Porcelanowy serwis - W\u0142oc\u0142awek - Zielone Migda\u0142y\" \/>\n<meta property=\"og:description\" content=\"Porcelanowy serwis z czarno-niebiesk\u0105 kwiatow\u0105 dekoracj\u0105 wykonany w zak\u0142adach W\u0142oc\u0142awek. Zestaw sk\u0142ada si\u0119 z dzbanka, cukiernicy, czterech fili\u017canek i pi\u0119ciu spodk\u00f3w.\u00a0\" \/>\n<meta property=\"og:url\" content=\"https:\/\/zielone-migdaly.pl\/index.php\/produkt\/porcelanowy-serwis-wloclawek\/\" \/>\n<meta property=\"og:site_name\" content=\"Zielone Migda\u0142y\" \/>\n<meta property=\"article:publisher\" content=\"https:\/\/www.facebook.com\/lubiezielonemigdaly\" \/>\n<meta property=\"article:modified_time\" content=\"2025-05-15T12:12:41+00:00\" \/>\n<meta property=\"og:image\" content=\"https:\/\/zielone-migdaly.pl\/wp-content\/uploads\/2025\/05\/zielone-migdaly-02-1249.jpg\" \/>\n\t<meta property=\"og:image:width\" content=\"500\" \/>\n\t<meta property=\"og:image:height\" content=\"750\" \/>\n\t<meta property=\"og:image:type\" content=\"image\/jpeg\" \/>\n<meta name=\"twitter:card\" content=\"summary_large_image\" \/>\n<script type=\"application\/ld+json\" class=\"yoast-schema-graph\">{\"@context\":\"https:\/\/schema.org\",\"@graph\":[{\"@type\":\"WebPage\",\"@id\":\"https:\/\/zielone-migdaly.pl\/index.php\/produkt\/porcelanowy-serwis-wloclawek\/\",\"url\":\"https:\/\/zielone-migdaly.pl\/index.php\/produkt\/porcelanowy-serwis-wloclawek\/\",\"name\":\"Porcelanowy serwis - W\u0142oc\u0142awek - Zielone Migda\u0142y\",\"isPartOf\":{\"@id\":\"https:\/\/zielone-migdaly.pl\/#website\"},\"primaryImageOfPage\":{\"@id\":\"https:\/\/zielone-migdaly.pl\/index.php\/produkt\/porcelanowy-serwis-wloclawek\/#primaryimage\"},\"image\":{\"@id\":\"https:\/\/zielone-migdaly.pl\/index.php\/produkt\/porcelanowy-serwis-wloclawek\/#primaryimage\"},\"thumbnailUrl\":\"https:\/\/zielone-migdaly.pl\/wp-content\/uploads\/2025\/05\/zielone-migdaly-02-1249.jpg\",\"datePublished\":\"2025-05-15T11:56:06+00:00\",\"dateModified\":\"2025-05-15T12:12:41+00:00\",\"description\":\"Porcelanowy serwis z czarno-niebiesk\u0105 kwiatow\u0105 dekoracj\u0105 wykonany w zak\u0142adach W\u0142oc\u0142awek. Zestaw sk\u0142ada si\u0119 z dzbanka, cukiernicy, czterech fili\u017canek i pi\u0119ciu spodk\u00f3w.\u00a0\",\"breadcrumb\":{\"@id\":\"https:\/\/zielone-migdaly.pl\/index.php\/produkt\/porcelanowy-serwis-wloclawek\/#breadcrumb\"},\"inLanguage\":\"pl-PL\",\"potentialAction\":[{\"@type\":\"ReadAction\",\"target\":[\"https:\/\/zielone-migdaly.pl\/index.php\/produkt\/porcelanowy-serwis-wloclawek\/\"]}]},{\"@type\":\"ImageObject\",\"inLanguage\":\"pl-PL\",\"@id\":\"https:\/\/zielone-migdaly.pl\/index.php\/produkt\/porcelanowy-serwis-wloclawek\/#primaryimage\",\"url\":\"https:\/\/zielone-migdaly.pl\/wp-content\/uploads\/2025\/05\/zielone-migdaly-02-1249.jpg\",\"contentUrl\":\"https:\/\/zielone-migdaly.pl\/wp-content\/uploads\/2025\/05\/zielone-migdaly-02-1249.jpg\",\"width\":500,\"height\":750},{\"@type\":\"BreadcrumbList\",\"@id\":\"https:\/\/zielone-migdaly.pl\/index.php\/produkt\/porcelanowy-serwis-wloclawek\/#breadcrumb\",\"itemListElement\":[{\"@type\":\"ListItem\",\"position\":1,\"name\":\"Strona g\u0142\u00f3wna\",\"item\":\"https:\/\/zielone-migdaly.pl\/\"},{\"@type\":\"ListItem\",\"position\":2,\"name\":\"Sklep\",\"item\":\"https:\/\/zielone-migdaly.pl\/index.php\/sklep\/\"},{\"@type\":\"ListItem\",\"position\":3,\"name\":\"Porcelanowy serwis &#8211; W\u0142oc\u0142awek\"}]},{\"@type\":\"WebSite\",\"@id\":\"https:\/\/zielone-migdaly.pl\/#website\",\"url\":\"https:\/\/zielone-migdaly.pl\/\",\"name\":\"Zielone Migda\u0142y\",\"description\":\"Sklep Vintage\",\"publisher\":{\"@id\":\"https:\/\/zielone-migdaly.pl\/#organization\"},\"potentialAction\":[{\"@type\":\"SearchAction\",\"target\":{\"@type\":\"EntryPoint\",\"urlTemplate\":\"https:\/\/zielone-migdaly.pl\/?s={search_term_string}\"},\"query-input\":\"required name=search_term_string\"}],\"inLanguage\":\"pl-PL\"},{\"@type\":\"Organization\",\"@id\":\"https:\/\/zielone-migdaly.pl\/#organization\",\"name\":\"Zielone Migda\u0142y\",\"url\":\"https:\/\/zielone-migdaly.pl\/\",\"logo\":{\"@type\":\"ImageObject\",\"inLanguage\":\"pl-PL\",\"@id\":\"https:\/\/zielone-migdaly.pl\/#\/schema\/logo\/image\/\",\"url\":\"https:\/\/zielone-migdaly.pl\/wp-content\/uploads\/2021\/11\/Zielone-Migdaly-Logo-WEB-2.png\",\"contentUrl\":\"https:\/\/zielone-migdaly.pl\/wp-content\/uploads\/2021\/11\/Zielone-Migdaly-Logo-WEB-2.png\",\"width\":500,\"height\":190,\"caption\":\"Zielone Migda\u0142y\"},\"image\":{\"@id\":\"https:\/\/zielone-migdaly.pl\/#\/schema\/logo\/image\/\"},\"sameAs\":[\"https:\/\/www.facebook.com\/lubiezielonemigdaly\",\"https:\/\/www.instagram.com\/lubie_zielone_migdaly\/\"]}]}<\/script>\n<!-- \/ Yoast SEO plugin. -->","yoast_head_json":{"title":"Porcelanowy serwis - W\u0142oc\u0142awek - Zielone Migda\u0142y","description":"Porcelanowy serwis z czarno-niebiesk\u0105 kwiatow\u0105 dekoracj\u0105 wykonany w zak\u0142adach W\u0142oc\u0142awek. Zestaw sk\u0142ada si\u0119 z dzbanka, cukiernicy, czterech fili\u017canek i pi\u0119ciu spodk\u00f3w.\u00a0","robots":{"index":"index","follow":"follow","max-snippet":"max-snippet:-1","max-image-preview":"max-image-preview:large","max-video-preview":"max-video-preview:-1"},"canonical":"https:\/\/zielone-migdaly.pl\/index.php\/produkt\/porcelanowy-serwis-wloclawek\/","og_locale":"pl_PL","og_type":"article","og_title":"Porcelanowy serwis - W\u0142oc\u0142awek - Zielone Migda\u0142y","og_description":"Porcelanowy serwis z czarno-niebiesk\u0105 kwiatow\u0105 dekoracj\u0105 wykonany w zak\u0142adach W\u0142oc\u0142awek. Zestaw sk\u0142ada si\u0119 z dzbanka, cukiernicy, czterech fili\u017canek i pi\u0119ciu spodk\u00f3w.\u00a0","og_url":"https:\/\/zielone-migdaly.pl\/index.php\/produkt\/porcelanowy-serwis-wloclawek\/","og_site_name":"Zielone Migda\u0142y","article_publisher":"https:\/\/www.facebook.com\/lubiezielonemigdaly","article_modified_time":"2025-05-15T12:12:41+00:00","og_image":[{"width":500,"height":750,"url":"https:\/\/zielone-migdaly.pl\/wp-content\/uploads\/2025\/05\/zielone-migdaly-02-1249.jpg","type":"image\/jpeg"}],"twitter_card":"summary_large_image","schema":{"@context":"https:\/\/schema.org","@graph":[{"@type":"WebPage","@id":"https:\/\/zielone-migdaly.pl\/index.php\/produkt\/porcelanowy-serwis-wloclawek\/","url":"https:\/\/zielone-migdaly.pl\/index.php\/produkt\/porcelanowy-serwis-wloclawek\/","name":"Porcelanowy serwis - W\u0142oc\u0142awek - Zielone Migda\u0142y","isPartOf":{"@id":"https:\/\/zielone-migdaly.pl\/#website"},"primaryImageOfPage":{"@id":"https:\/\/zielone-migdaly.pl\/index.php\/produkt\/porcelanowy-serwis-wloclawek\/#primaryimage"},"image":{"@id":"https:\/\/zielone-migdaly.pl\/index.php\/produkt\/porcelanowy-serwis-wloclawek\/#primaryimage"},"thumbnailUrl":"https:\/\/zielone-migdaly.pl\/wp-content\/uploads\/2025\/05\/zielone-migdaly-02-1249.jpg","datePublished":"2025-05-15T11:56:06+00:00","dateModified":"2025-05-15T12:12:41+00:00","description":"Porcelanowy serwis z czarno-niebiesk\u0105 kwiatow\u0105 dekoracj\u0105 wykonany w zak\u0142adach W\u0142oc\u0142awek. Zestaw sk\u0142ada si\u0119 z dzbanka, cukiernicy, czterech fili\u017canek i pi\u0119ciu spodk\u00f3w.\u00a0","breadcrumb":{"@id":"https:\/\/zielone-migdaly.pl\/index.php\/produkt\/porcelanowy-serwis-wloclawek\/#breadcrumb"},"inLanguage":"pl-PL","potentialAction":[{"@type":"ReadAction","target":["https:\/\/zielone-migdaly.pl\/index.php\/produkt\/porcelanowy-serwis-wloclawek\/"]}]},{"@type":"ImageObject","inLanguage":"pl-PL","@id":"https:\/\/zielone-migdaly.pl\/index.php\/produkt\/porcelanowy-serwis-wloclawek\/#primaryimage","url":"https:\/\/zielone-migdaly.pl\/wp-content\/uploads\/2025\/05\/zielone-migdaly-02-1249.jpg","contentUrl":"https:\/\/zielone-migdaly.pl\/wp-content\/uploads\/2025\/05\/zielone-migdaly-02-1249.jpg","width":500,"height":750},{"@type":"BreadcrumbList","@id":"https:\/\/zielone-migdaly.pl\/index.php\/produkt\/porcelanowy-serwis-wloclawek\/#breadcrumb","itemListElement":[{"@type":"ListItem","position":1,"name":"Strona g\u0142\u00f3wna","item":"https:\/\/zielone-migdaly.pl\/"},{"@type":"ListItem","position":2,"name":"Sklep","item":"https:\/\/zielone-migdaly.pl\/index.php\/sklep\/"},{"@type":"ListItem","position":3,"name":"Porcelanowy serwis &#8211; W\u0142oc\u0142awek"}]},{"@type":"WebSite","@id":"https:\/\/zielone-migdaly.pl\/#website","url":"https:\/\/zielone-migdaly.pl\/","name":"Zielone Migda\u0142y","description":"Sklep Vintage","publisher":{"@id":"https:\/\/zielone-migdaly.pl\/#organization"},"potentialAction":[{"@type":"SearchAction","target":{"@type":"EntryPoint","urlTemplate":"https:\/\/zielone-migdaly.pl\/?s={search_term_string}"},"query-input":"required name=search_term_string"}],"inLanguage":"pl-PL"},{"@type":"Organization","@id":"https:\/\/zielone-migdaly.pl\/#organization","name":"Zielone Migda\u0142y","url":"https:\/\/zielone-migdaly.pl\/","logo":{"@type":"ImageObject","inLanguage":"pl-PL","@id":"https:\/\/zielone-migdaly.pl\/#\/schema\/logo\/image\/","url":"https:\/\/zielone-migdaly.pl\/wp-content\/uploads\/2021\/11\/Zielone-Migdaly-Logo-WEB-2.png","contentUrl":"https:\/\/zielone-migdaly.pl\/wp-content\/uploads\/2021\/11\/Zielone-Migdaly-Logo-WEB-2.png","width":500,"height":190,"caption":"Zielone Migda\u0142y"},"image":{"@id":"https:\/\/zielone-migdaly.pl\/#\/schema\/logo\/image\/"},"sameAs":["https:\/\/www.facebook.com\/lubiezielonemigdaly","https:\/\/www.instagram.com\/lubie_zielone_migdaly\/"]}]}},"_links":{"self":[{"href":"https:\/\/zielone-migdaly.pl\/index.php\/wp-json\/wp\/v2\/product\/17139"}],"collection":[{"href":"https:\/\/zielone-migdaly.pl\/index.php\/wp-json\/wp\/v2\/product"}],"about":[{"href":"https:\/\/zielone-migdaly.pl\/index.php\/wp-json\/wp\/v2\/types\/product"}],"wp:featuredmedia":[{"embeddable":true,"href":"https:\/\/zielone-migdaly.pl\/index.php\/wp-json\/wp\/v2\/media\/17052"}],"wp:attachment":[{"href":"https:\/\/zielone-migdaly.pl\/index.php\/wp-json\/wp\/v2\/media?parent=17139"}],"wp:term":[{"taxonomy":"product_cat","embeddable":true,"href":"https:\/\/zielone-migdaly.pl\/index.php\/wp-json\/wp\/v2\/product_cat?post=17139"},{"taxonomy":"product_tag","embeddable":true,"href":"https:\/\/zielone-migdaly.pl\/index.php\/wp-json\/wp\/v2\/product_tag?post=17139"}],"curies":[{"name":"wp","href":"https:\/\/api.w.org\/{rel}","templated":true}]}}