{"id":18490,"date":"2025-07-28T11:59:30","date_gmt":"2025-07-28T09:59:30","guid":{"rendered":"https:\/\/zielone-migdaly.pl\/?post_type=product&#038;p=18490"},"modified":"2025-08-26T20:14:58","modified_gmt":"2025-08-26T18:14:58","slug":"bialo-pomaranczowy-serwis-maria-teresa-bogucice","status":"publish","type":"product","link":"https:\/\/zielone-migdaly.pl\/index.php\/produkt\/bialo-pomaranczowy-serwis-maria-teresa-bogucice\/","title":{"rendered":"Bia\u0142o-pomara\u0144czowy serwis Maria Teresa &#8211; Bogucice"},"content":{"rendered":"<p>Bia\u0142o-pomara\u0144czowy serwis z porcelany do mokki, wz\u00f3r Maria Teresa wykonany w zak\u0142adach Bogucice. Pe\u0142ny zestaw dla sze\u015bciu os\u00f3b.<\/p>\n<p><span data-sheets-root=\"1\">Wysoko\u015b\u0107 dzbanka 17,5cm, mlecznika 8cm, cukiernicy 9cm, \u015brednica spodk\u00f3w 11,5cm, wysoko\u015b\u0107 fili\u017canki 5cm, \u015brednica bez uszka 7cm. Pojemno\u015b\u0107 fili\u017canek 80ml. <\/span><\/p>\n<p><span data-sheets-root=\"1\">Stan bardzo dobry, niewielkie \u015blady u\u017cywania, drobne wady produkcyjne. Na uszku jednej fili\u017canki produkcyjna rysa. <\/span><\/p>\n<p>&nbsp;<\/p>\n","protected":false},"excerpt":{"rendered":"<p>Bia\u0142o-pomara\u0144czowy serwis z porcelany do mokki, wz\u00f3r Maria Teresa wykonany w zak\u0142adach Bogucice. Pe\u0142ny zestaw dla sze\u015bciu os\u00f3b. Wysoko\u015b\u0107 dzbanka 17,5cm, mlecznika 8cm, cukiernicy 9cm, \u015brednica spodk\u00f3w 11,5cm, wysoko\u015b\u0107 fili\u017canki 5cm, \u015brednica bez uszka 7cm. Pojemno\u015b\u0107 fili\u017canek 80ml. Stan bardzo dobry, niewielkie \u015blady u\u017cywania, drobne wady produkcyjne. Na uszku jednej fili\u017canki produkcyjna rysa. &nbsp;<\/p>\n","protected":false},"featured_media":18423,"template":"","meta":[],"product_cat":[55],"product_tag":[328,287,372,79,398,76,863,278,286],"yoast_head":"<!-- This site is optimized with the Yoast SEO plugin v23.0 - https:\/\/yoast.com\/wordpress\/plugins\/seo\/ -->\n<title>Bia\u0142o-pomara\u0144czowy serwis Maria Teresa - Bogucice - Zielone Migda\u0142y<\/title>\n<meta name=\"description\" content=\"Bia\u0142o-pomara\u0144czowy serwis z porcelany do mokki, wz\u00f3r Maria Teresa wykonany w zak\u0142adach Bogucice. Pe\u0142ny zestaw dla sze\u015bciu os\u00f3b.\" \/>\n<meta name=\"robots\" content=\"index, follow, max-snippet:-1, max-image-preview:large, max-video-preview:-1\" \/>\n<link rel=\"canonical\" href=\"https:\/\/zielone-migdaly.pl\/index.php\/produkt\/bialo-pomaranczowy-serwis-maria-teresa-bogucice\/\" \/>\n<meta property=\"og:locale\" content=\"pl_PL\" \/>\n<meta property=\"og:type\" content=\"article\" \/>\n<meta property=\"og:title\" content=\"Bia\u0142o-pomara\u0144czowy serwis Maria Teresa - Bogucice - Zielone Migda\u0142y\" \/>\n<meta property=\"og:description\" content=\"Bia\u0142o-pomara\u0144czowy serwis z porcelany do mokki, wz\u00f3r Maria Teresa wykonany w zak\u0142adach Bogucice. Pe\u0142ny zestaw dla sze\u015bciu os\u00f3b.\" \/>\n<meta property=\"og:url\" content=\"https:\/\/zielone-migdaly.pl\/index.php\/produkt\/bialo-pomaranczowy-serwis-maria-teresa-bogucice\/\" \/>\n<meta property=\"og:site_name\" content=\"Zielone Migda\u0142y\" \/>\n<meta property=\"article:publisher\" content=\"https:\/\/www.facebook.com\/lubiezielonemigdaly\" \/>\n<meta property=\"article:modified_time\" content=\"2025-08-26T18:14:58+00:00\" \/>\n<meta property=\"og:image\" content=\"https:\/\/zielone-migdaly.pl\/wp-content\/uploads\/2025\/07\/zielone-migdaly-04-0351.jpg\" \/>\n\t<meta property=\"og:image:width\" content=\"500\" \/>\n\t<meta property=\"og:image:height\" content=\"750\" \/>\n\t<meta property=\"og:image:type\" content=\"image\/jpeg\" \/>\n<meta name=\"twitter:card\" content=\"summary_large_image\" \/>\n<script type=\"application\/ld+json\" class=\"yoast-schema-graph\">{\"@context\":\"https:\/\/schema.org\",\"@graph\":[{\"@type\":\"WebPage\",\"@id\":\"https:\/\/zielone-migdaly.pl\/index.php\/produkt\/bialo-pomaranczowy-serwis-maria-teresa-bogucice\/\",\"url\":\"https:\/\/zielone-migdaly.pl\/index.php\/produkt\/bialo-pomaranczowy-serwis-maria-teresa-bogucice\/\",\"name\":\"Bia\u0142o-pomara\u0144czowy serwis Maria Teresa - Bogucice - Zielone Migda\u0142y\",\"isPartOf\":{\"@id\":\"https:\/\/zielone-migdaly.pl\/#website\"},\"primaryImageOfPage\":{\"@id\":\"https:\/\/zielone-migdaly.pl\/index.php\/produkt\/bialo-pomaranczowy-serwis-maria-teresa-bogucice\/#primaryimage\"},\"image\":{\"@id\":\"https:\/\/zielone-migdaly.pl\/index.php\/produkt\/bialo-pomaranczowy-serwis-maria-teresa-bogucice\/#primaryimage\"},\"thumbnailUrl\":\"https:\/\/zielone-migdaly.pl\/wp-content\/uploads\/2025\/07\/zielone-migdaly-04-0351.jpg\",\"datePublished\":\"2025-07-28T09:59:30+00:00\",\"dateModified\":\"2025-08-26T18:14:58+00:00\",\"description\":\"Bia\u0142o-pomara\u0144czowy serwis z porcelany do mokki, wz\u00f3r Maria Teresa wykonany w zak\u0142adach Bogucice. Pe\u0142ny zestaw dla sze\u015bciu os\u00f3b.\",\"breadcrumb\":{\"@id\":\"https:\/\/zielone-migdaly.pl\/index.php\/produkt\/bialo-pomaranczowy-serwis-maria-teresa-bogucice\/#breadcrumb\"},\"inLanguage\":\"pl-PL\",\"potentialAction\":[{\"@type\":\"ReadAction\",\"target\":[\"https:\/\/zielone-migdaly.pl\/index.php\/produkt\/bialo-pomaranczowy-serwis-maria-teresa-bogucice\/\"]}]},{\"@type\":\"ImageObject\",\"inLanguage\":\"pl-PL\",\"@id\":\"https:\/\/zielone-migdaly.pl\/index.php\/produkt\/bialo-pomaranczowy-serwis-maria-teresa-bogucice\/#primaryimage\",\"url\":\"https:\/\/zielone-migdaly.pl\/wp-content\/uploads\/2025\/07\/zielone-migdaly-04-0351.jpg\",\"contentUrl\":\"https:\/\/zielone-migdaly.pl\/wp-content\/uploads\/2025\/07\/zielone-migdaly-04-0351.jpg\",\"width\":500,\"height\":750},{\"@type\":\"BreadcrumbList\",\"@id\":\"https:\/\/zielone-migdaly.pl\/index.php\/produkt\/bialo-pomaranczowy-serwis-maria-teresa-bogucice\/#breadcrumb\",\"itemListElement\":[{\"@type\":\"ListItem\",\"position\":1,\"name\":\"Strona g\u0142\u00f3wna\",\"item\":\"https:\/\/zielone-migdaly.pl\/\"},{\"@type\":\"ListItem\",\"position\":2,\"name\":\"Sklep\",\"item\":\"https:\/\/zielone-migdaly.pl\/index.php\/sklep\/\"},{\"@type\":\"ListItem\",\"position\":3,\"name\":\"Bia\u0142o-pomara\u0144czowy serwis Maria Teresa &#8211; Bogucice\"}]},{\"@type\":\"WebSite\",\"@id\":\"https:\/\/zielone-migdaly.pl\/#website\",\"url\":\"https:\/\/zielone-migdaly.pl\/\",\"name\":\"Zielone Migda\u0142y\",\"description\":\"Sklep Vintage\",\"publisher\":{\"@id\":\"https:\/\/zielone-migdaly.pl\/#organization\"},\"potentialAction\":[{\"@type\":\"SearchAction\",\"target\":{\"@type\":\"EntryPoint\",\"urlTemplate\":\"https:\/\/zielone-migdaly.pl\/?s={search_term_string}\"},\"query-input\":\"required name=search_term_string\"}],\"inLanguage\":\"pl-PL\"},{\"@type\":\"Organization\",\"@id\":\"https:\/\/zielone-migdaly.pl\/#organization\",\"name\":\"Zielone Migda\u0142y\",\"url\":\"https:\/\/zielone-migdaly.pl\/\",\"logo\":{\"@type\":\"ImageObject\",\"inLanguage\":\"pl-PL\",\"@id\":\"https:\/\/zielone-migdaly.pl\/#\/schema\/logo\/image\/\",\"url\":\"https:\/\/zielone-migdaly.pl\/wp-content\/uploads\/2021\/11\/Zielone-Migdaly-Logo-WEB-2.png\",\"contentUrl\":\"https:\/\/zielone-migdaly.pl\/wp-content\/uploads\/2021\/11\/Zielone-Migdaly-Logo-WEB-2.png\",\"width\":500,\"height\":190,\"caption\":\"Zielone Migda\u0142y\"},\"image\":{\"@id\":\"https:\/\/zielone-migdaly.pl\/#\/schema\/logo\/image\/\"},\"sameAs\":[\"https:\/\/www.facebook.com\/lubiezielonemigdaly\",\"https:\/\/www.instagram.com\/lubie_zielone_migdaly\/\"]}]}<\/script>\n<!-- \/ Yoast SEO plugin. -->","yoast_head_json":{"title":"Bia\u0142o-pomara\u0144czowy serwis Maria Teresa - Bogucice - Zielone Migda\u0142y","description":"Bia\u0142o-pomara\u0144czowy serwis z porcelany do mokki, wz\u00f3r Maria Teresa wykonany w zak\u0142adach Bogucice. Pe\u0142ny zestaw dla sze\u015bciu os\u00f3b.","robots":{"index":"index","follow":"follow","max-snippet":"max-snippet:-1","max-image-preview":"max-image-preview:large","max-video-preview":"max-video-preview:-1"},"canonical":"https:\/\/zielone-migdaly.pl\/index.php\/produkt\/bialo-pomaranczowy-serwis-maria-teresa-bogucice\/","og_locale":"pl_PL","og_type":"article","og_title":"Bia\u0142o-pomara\u0144czowy serwis Maria Teresa - Bogucice - Zielone Migda\u0142y","og_description":"Bia\u0142o-pomara\u0144czowy serwis z porcelany do mokki, wz\u00f3r Maria Teresa wykonany w zak\u0142adach Bogucice. Pe\u0142ny zestaw dla sze\u015bciu os\u00f3b.","og_url":"https:\/\/zielone-migdaly.pl\/index.php\/produkt\/bialo-pomaranczowy-serwis-maria-teresa-bogucice\/","og_site_name":"Zielone Migda\u0142y","article_publisher":"https:\/\/www.facebook.com\/lubiezielonemigdaly","article_modified_time":"2025-08-26T18:14:58+00:00","og_image":[{"width":500,"height":750,"url":"https:\/\/zielone-migdaly.pl\/wp-content\/uploads\/2025\/07\/zielone-migdaly-04-0351.jpg","type":"image\/jpeg"}],"twitter_card":"summary_large_image","schema":{"@context":"https:\/\/schema.org","@graph":[{"@type":"WebPage","@id":"https:\/\/zielone-migdaly.pl\/index.php\/produkt\/bialo-pomaranczowy-serwis-maria-teresa-bogucice\/","url":"https:\/\/zielone-migdaly.pl\/index.php\/produkt\/bialo-pomaranczowy-serwis-maria-teresa-bogucice\/","name":"Bia\u0142o-pomara\u0144czowy serwis Maria Teresa - Bogucice - Zielone Migda\u0142y","isPartOf":{"@id":"https:\/\/zielone-migdaly.pl\/#website"},"primaryImageOfPage":{"@id":"https:\/\/zielone-migdaly.pl\/index.php\/produkt\/bialo-pomaranczowy-serwis-maria-teresa-bogucice\/#primaryimage"},"image":{"@id":"https:\/\/zielone-migdaly.pl\/index.php\/produkt\/bialo-pomaranczowy-serwis-maria-teresa-bogucice\/#primaryimage"},"thumbnailUrl":"https:\/\/zielone-migdaly.pl\/wp-content\/uploads\/2025\/07\/zielone-migdaly-04-0351.jpg","datePublished":"2025-07-28T09:59:30+00:00","dateModified":"2025-08-26T18:14:58+00:00","description":"Bia\u0142o-pomara\u0144czowy serwis z porcelany do mokki, wz\u00f3r Maria Teresa wykonany w zak\u0142adach Bogucice. Pe\u0142ny zestaw dla sze\u015bciu os\u00f3b.","breadcrumb":{"@id":"https:\/\/zielone-migdaly.pl\/index.php\/produkt\/bialo-pomaranczowy-serwis-maria-teresa-bogucice\/#breadcrumb"},"inLanguage":"pl-PL","potentialAction":[{"@type":"ReadAction","target":["https:\/\/zielone-migdaly.pl\/index.php\/produkt\/bialo-pomaranczowy-serwis-maria-teresa-bogucice\/"]}]},{"@type":"ImageObject","inLanguage":"pl-PL","@id":"https:\/\/zielone-migdaly.pl\/index.php\/produkt\/bialo-pomaranczowy-serwis-maria-teresa-bogucice\/#primaryimage","url":"https:\/\/zielone-migdaly.pl\/wp-content\/uploads\/2025\/07\/zielone-migdaly-04-0351.jpg","contentUrl":"https:\/\/zielone-migdaly.pl\/wp-content\/uploads\/2025\/07\/zielone-migdaly-04-0351.jpg","width":500,"height":750},{"@type":"BreadcrumbList","@id":"https:\/\/zielone-migdaly.pl\/index.php\/produkt\/bialo-pomaranczowy-serwis-maria-teresa-bogucice\/#breadcrumb","itemListElement":[{"@type":"ListItem","position":1,"name":"Strona g\u0142\u00f3wna","item":"https:\/\/zielone-migdaly.pl\/"},{"@type":"ListItem","position":2,"name":"Sklep","item":"https:\/\/zielone-migdaly.pl\/index.php\/sklep\/"},{"@type":"ListItem","position":3,"name":"Bia\u0142o-pomara\u0144czowy serwis Maria Teresa &#8211; Bogucice"}]},{"@type":"WebSite","@id":"https:\/\/zielone-migdaly.pl\/#website","url":"https:\/\/zielone-migdaly.pl\/","name":"Zielone Migda\u0142y","description":"Sklep Vintage","publisher":{"@id":"https:\/\/zielone-migdaly.pl\/#organization"},"potentialAction":[{"@type":"SearchAction","target":{"@type":"EntryPoint","urlTemplate":"https:\/\/zielone-migdaly.pl\/?s={search_term_string}"},"query-input":"required name=search_term_string"}],"inLanguage":"pl-PL"},{"@type":"Organization","@id":"https:\/\/zielone-migdaly.pl\/#organization","name":"Zielone Migda\u0142y","url":"https:\/\/zielone-migdaly.pl\/","logo":{"@type":"ImageObject","inLanguage":"pl-PL","@id":"https:\/\/zielone-migdaly.pl\/#\/schema\/logo\/image\/","url":"https:\/\/zielone-migdaly.pl\/wp-content\/uploads\/2021\/11\/Zielone-Migdaly-Logo-WEB-2.png","contentUrl":"https:\/\/zielone-migdaly.pl\/wp-content\/uploads\/2021\/11\/Zielone-Migdaly-Logo-WEB-2.png","width":500,"height":190,"caption":"Zielone Migda\u0142y"},"image":{"@id":"https:\/\/zielone-migdaly.pl\/#\/schema\/logo\/image\/"},"sameAs":["https:\/\/www.facebook.com\/lubiezielonemigdaly","https:\/\/www.instagram.com\/lubie_zielone_migdaly\/"]}]}},"_links":{"self":[{"href":"https:\/\/zielone-migdaly.pl\/index.php\/wp-json\/wp\/v2\/product\/18490"}],"collection":[{"href":"https:\/\/zielone-migdaly.pl\/index.php\/wp-json\/wp\/v2\/product"}],"about":[{"href":"https:\/\/zielone-migdaly.pl\/index.php\/wp-json\/wp\/v2\/types\/product"}],"wp:featuredmedia":[{"embeddable":true,"href":"https:\/\/zielone-migdaly.pl\/index.php\/wp-json\/wp\/v2\/media\/18423"}],"wp:attachment":[{"href":"https:\/\/zielone-migdaly.pl\/index.php\/wp-json\/wp\/v2\/media?parent=18490"}],"wp:term":[{"taxonomy":"product_cat","embeddable":true,"href":"https:\/\/zielone-migdaly.pl\/index.php\/wp-json\/wp\/v2\/product_cat?post=18490"},{"taxonomy":"product_tag","embeddable":true,"href":"https:\/\/zielone-migdaly.pl\/index.php\/wp-json\/wp\/v2\/product_tag?post=18490"}],"curies":[{"name":"wp","href":"https:\/\/api.w.org\/{rel}","templated":true}]}}