{"id":20368,"date":"2025-10-30T13:12:01","date_gmt":"2025-10-30T12:12:01","guid":{"rendered":"https:\/\/zielone-migdaly.pl\/?post_type=product&#038;p=20368"},"modified":"2025-10-30T13:12:02","modified_gmt":"2025-10-30T12:12:02","slug":"ceramiczny-kwiatowy-dzbanek-tulowice","status":"publish","type":"product","link":"https:\/\/zielone-migdaly.pl\/index.php\/produkt\/ceramiczny-kwiatowy-dzbanek-tulowice\/","title":{"rendered":"Ceramiczny kwiatowy dzbanek &#8211; Tu\u0142owice"},"content":{"rendered":"<p>Ceramiczny kwiatowy dzbanek wykonany w zak\u0142adach Tu\u0142owice.<\/p>\n<p><span data-sheets-root=\"1\">Wysoko\u015b\u0107 16,5cm, d\u0142ugo\u015b\u0107 ok. 20cm. <\/span><\/p>\n<p><span data-sheets-root=\"1\">S<\/span><span data-sheets-root=\"1\">tan bardzo dobry, drobne wady produkcyjne, niewielkie \u015blady u\u017cywania. <\/span><\/p>\n","protected":false},"excerpt":{"rendered":"<p>Ceramiczny kwiatowy dzbanek wykonany w zak\u0142adach Tu\u0142owice. Wysoko\u015b\u0107 16,5cm, d\u0142ugo\u015b\u0107 ok. 20cm. Stan bardzo dobry, drobne wady produkcyjne, niewielkie \u015blady u\u017cywania.<\/p>\n","protected":false},"featured_media":20300,"template":"","meta":[],"product_cat":[52],"product_tag":[1201,73,269,69,716,71,72,74,600,95],"yoast_head":"<!-- This site is optimized with the Yoast SEO plugin v23.0 - https:\/\/yoast.com\/wordpress\/plugins\/seo\/ -->\n<title>Ceramiczny kwiatowy dzbanek - Tu\u0142owice - Zielone Migda\u0142y<\/title>\n<meta name=\"description\" content=\"Ceramiczny kwiatowy dzbanek wykonany w zak\u0142adach Tu\u0142owice. Wysoko\u015b\u0107 16,5cm, d\u0142ugo\u015b\u0107 ok. 20cm. Stan bardzo dobry, drobne wady produkcyjne.\" \/>\n<meta name=\"robots\" content=\"index, follow, max-snippet:-1, max-image-preview:large, max-video-preview:-1\" \/>\n<link rel=\"canonical\" href=\"https:\/\/zielone-migdaly.pl\/index.php\/produkt\/ceramiczny-kwiatowy-dzbanek-tulowice\/\" \/>\n<meta property=\"og:locale\" content=\"pl_PL\" \/>\n<meta property=\"og:type\" content=\"article\" \/>\n<meta property=\"og:title\" content=\"Ceramiczny kwiatowy dzbanek - Tu\u0142owice - Zielone Migda\u0142y\" \/>\n<meta property=\"og:description\" content=\"Ceramiczny kwiatowy dzbanek wykonany w zak\u0142adach Tu\u0142owice. Wysoko\u015b\u0107 16,5cm, d\u0142ugo\u015b\u0107 ok. 20cm. Stan bardzo dobry, drobne wady produkcyjne.\" \/>\n<meta property=\"og:url\" content=\"https:\/\/zielone-migdaly.pl\/index.php\/produkt\/ceramiczny-kwiatowy-dzbanek-tulowice\/\" \/>\n<meta property=\"og:site_name\" content=\"Zielone Migda\u0142y\" \/>\n<meta property=\"article:publisher\" content=\"https:\/\/www.facebook.com\/lubiezielonemigdaly\" \/>\n<meta property=\"article:modified_time\" content=\"2025-10-30T12:12:02+00:00\" \/>\n<meta property=\"og:image\" content=\"https:\/\/zielone-migdaly.pl\/wp-content\/uploads\/2025\/10\/zielone-migdaly-05-0933-rotated.jpg\" \/>\n\t<meta property=\"og:image:width\" content=\"500\" \/>\n\t<meta property=\"og:image:height\" content=\"750\" \/>\n\t<meta property=\"og:image:type\" content=\"image\/jpeg\" \/>\n<meta name=\"twitter:card\" content=\"summary_large_image\" \/>\n<script type=\"application\/ld+json\" class=\"yoast-schema-graph\">{\"@context\":\"https:\/\/schema.org\",\"@graph\":[{\"@type\":\"WebPage\",\"@id\":\"https:\/\/zielone-migdaly.pl\/index.php\/produkt\/ceramiczny-kwiatowy-dzbanek-tulowice\/\",\"url\":\"https:\/\/zielone-migdaly.pl\/index.php\/produkt\/ceramiczny-kwiatowy-dzbanek-tulowice\/\",\"name\":\"Ceramiczny kwiatowy dzbanek - Tu\u0142owice - Zielone Migda\u0142y\",\"isPartOf\":{\"@id\":\"https:\/\/zielone-migdaly.pl\/#website\"},\"primaryImageOfPage\":{\"@id\":\"https:\/\/zielone-migdaly.pl\/index.php\/produkt\/ceramiczny-kwiatowy-dzbanek-tulowice\/#primaryimage\"},\"image\":{\"@id\":\"https:\/\/zielone-migdaly.pl\/index.php\/produkt\/ceramiczny-kwiatowy-dzbanek-tulowice\/#primaryimage\"},\"thumbnailUrl\":\"https:\/\/zielone-migdaly.pl\/wp-content\/uploads\/2025\/10\/zielone-migdaly-05-0933-rotated.jpg\",\"datePublished\":\"2025-10-30T12:12:01+00:00\",\"dateModified\":\"2025-10-30T12:12:02+00:00\",\"description\":\"Ceramiczny kwiatowy dzbanek wykonany w zak\u0142adach Tu\u0142owice. Wysoko\u015b\u0107 16,5cm, d\u0142ugo\u015b\u0107 ok. 20cm. Stan bardzo dobry, drobne wady produkcyjne.\",\"breadcrumb\":{\"@id\":\"https:\/\/zielone-migdaly.pl\/index.php\/produkt\/ceramiczny-kwiatowy-dzbanek-tulowice\/#breadcrumb\"},\"inLanguage\":\"pl-PL\",\"potentialAction\":[{\"@type\":\"ReadAction\",\"target\":[\"https:\/\/zielone-migdaly.pl\/index.php\/produkt\/ceramiczny-kwiatowy-dzbanek-tulowice\/\"]}]},{\"@type\":\"ImageObject\",\"inLanguage\":\"pl-PL\",\"@id\":\"https:\/\/zielone-migdaly.pl\/index.php\/produkt\/ceramiczny-kwiatowy-dzbanek-tulowice\/#primaryimage\",\"url\":\"https:\/\/zielone-migdaly.pl\/wp-content\/uploads\/2025\/10\/zielone-migdaly-05-0933-rotated.jpg\",\"contentUrl\":\"https:\/\/zielone-migdaly.pl\/wp-content\/uploads\/2025\/10\/zielone-migdaly-05-0933-rotated.jpg\",\"width\":500,\"height\":750},{\"@type\":\"BreadcrumbList\",\"@id\":\"https:\/\/zielone-migdaly.pl\/index.php\/produkt\/ceramiczny-kwiatowy-dzbanek-tulowice\/#breadcrumb\",\"itemListElement\":[{\"@type\":\"ListItem\",\"position\":1,\"name\":\"Strona g\u0142\u00f3wna\",\"item\":\"https:\/\/zielone-migdaly.pl\/\"},{\"@type\":\"ListItem\",\"position\":2,\"name\":\"Sklep\",\"item\":\"https:\/\/zielone-migdaly.pl\/index.php\/sklep\/\"},{\"@type\":\"ListItem\",\"position\":3,\"name\":\"Ceramiczny kwiatowy dzbanek &#8211; Tu\u0142owice\"}]},{\"@type\":\"WebSite\",\"@id\":\"https:\/\/zielone-migdaly.pl\/#website\",\"url\":\"https:\/\/zielone-migdaly.pl\/\",\"name\":\"Zielone Migda\u0142y\",\"description\":\"Sklep Vintage\",\"publisher\":{\"@id\":\"https:\/\/zielone-migdaly.pl\/#organization\"},\"potentialAction\":[{\"@type\":\"SearchAction\",\"target\":{\"@type\":\"EntryPoint\",\"urlTemplate\":\"https:\/\/zielone-migdaly.pl\/?s={search_term_string}\"},\"query-input\":\"required name=search_term_string\"}],\"inLanguage\":\"pl-PL\"},{\"@type\":\"Organization\",\"@id\":\"https:\/\/zielone-migdaly.pl\/#organization\",\"name\":\"Zielone Migda\u0142y\",\"url\":\"https:\/\/zielone-migdaly.pl\/\",\"logo\":{\"@type\":\"ImageObject\",\"inLanguage\":\"pl-PL\",\"@id\":\"https:\/\/zielone-migdaly.pl\/#\/schema\/logo\/image\/\",\"url\":\"https:\/\/zielone-migdaly.pl\/wp-content\/uploads\/2021\/11\/Zielone-Migdaly-Logo-WEB-2.png\",\"contentUrl\":\"https:\/\/zielone-migdaly.pl\/wp-content\/uploads\/2021\/11\/Zielone-Migdaly-Logo-WEB-2.png\",\"width\":500,\"height\":190,\"caption\":\"Zielone Migda\u0142y\"},\"image\":{\"@id\":\"https:\/\/zielone-migdaly.pl\/#\/schema\/logo\/image\/\"},\"sameAs\":[\"https:\/\/www.facebook.com\/lubiezielonemigdaly\",\"https:\/\/www.instagram.com\/lubie_zielone_migdaly\/\"]}]}<\/script>\n<!-- \/ Yoast SEO plugin. -->","yoast_head_json":{"title":"Ceramiczny kwiatowy dzbanek - Tu\u0142owice - Zielone Migda\u0142y","description":"Ceramiczny kwiatowy dzbanek wykonany w zak\u0142adach Tu\u0142owice. Wysoko\u015b\u0107 16,5cm, d\u0142ugo\u015b\u0107 ok. 20cm. Stan bardzo dobry, drobne wady produkcyjne.","robots":{"index":"index","follow":"follow","max-snippet":"max-snippet:-1","max-image-preview":"max-image-preview:large","max-video-preview":"max-video-preview:-1"},"canonical":"https:\/\/zielone-migdaly.pl\/index.php\/produkt\/ceramiczny-kwiatowy-dzbanek-tulowice\/","og_locale":"pl_PL","og_type":"article","og_title":"Ceramiczny kwiatowy dzbanek - Tu\u0142owice - Zielone Migda\u0142y","og_description":"Ceramiczny kwiatowy dzbanek wykonany w zak\u0142adach Tu\u0142owice. Wysoko\u015b\u0107 16,5cm, d\u0142ugo\u015b\u0107 ok. 20cm. Stan bardzo dobry, drobne wady produkcyjne.","og_url":"https:\/\/zielone-migdaly.pl\/index.php\/produkt\/ceramiczny-kwiatowy-dzbanek-tulowice\/","og_site_name":"Zielone Migda\u0142y","article_publisher":"https:\/\/www.facebook.com\/lubiezielonemigdaly","article_modified_time":"2025-10-30T12:12:02+00:00","og_image":[{"width":500,"height":750,"url":"https:\/\/zielone-migdaly.pl\/wp-content\/uploads\/2025\/10\/zielone-migdaly-05-0933-rotated.jpg","type":"image\/jpeg"}],"twitter_card":"summary_large_image","schema":{"@context":"https:\/\/schema.org","@graph":[{"@type":"WebPage","@id":"https:\/\/zielone-migdaly.pl\/index.php\/produkt\/ceramiczny-kwiatowy-dzbanek-tulowice\/","url":"https:\/\/zielone-migdaly.pl\/index.php\/produkt\/ceramiczny-kwiatowy-dzbanek-tulowice\/","name":"Ceramiczny kwiatowy dzbanek - Tu\u0142owice - Zielone Migda\u0142y","isPartOf":{"@id":"https:\/\/zielone-migdaly.pl\/#website"},"primaryImageOfPage":{"@id":"https:\/\/zielone-migdaly.pl\/index.php\/produkt\/ceramiczny-kwiatowy-dzbanek-tulowice\/#primaryimage"},"image":{"@id":"https:\/\/zielone-migdaly.pl\/index.php\/produkt\/ceramiczny-kwiatowy-dzbanek-tulowice\/#primaryimage"},"thumbnailUrl":"https:\/\/zielone-migdaly.pl\/wp-content\/uploads\/2025\/10\/zielone-migdaly-05-0933-rotated.jpg","datePublished":"2025-10-30T12:12:01+00:00","dateModified":"2025-10-30T12:12:02+00:00","description":"Ceramiczny kwiatowy dzbanek wykonany w zak\u0142adach Tu\u0142owice. Wysoko\u015b\u0107 16,5cm, d\u0142ugo\u015b\u0107 ok. 20cm. Stan bardzo dobry, drobne wady produkcyjne.","breadcrumb":{"@id":"https:\/\/zielone-migdaly.pl\/index.php\/produkt\/ceramiczny-kwiatowy-dzbanek-tulowice\/#breadcrumb"},"inLanguage":"pl-PL","potentialAction":[{"@type":"ReadAction","target":["https:\/\/zielone-migdaly.pl\/index.php\/produkt\/ceramiczny-kwiatowy-dzbanek-tulowice\/"]}]},{"@type":"ImageObject","inLanguage":"pl-PL","@id":"https:\/\/zielone-migdaly.pl\/index.php\/produkt\/ceramiczny-kwiatowy-dzbanek-tulowice\/#primaryimage","url":"https:\/\/zielone-migdaly.pl\/wp-content\/uploads\/2025\/10\/zielone-migdaly-05-0933-rotated.jpg","contentUrl":"https:\/\/zielone-migdaly.pl\/wp-content\/uploads\/2025\/10\/zielone-migdaly-05-0933-rotated.jpg","width":500,"height":750},{"@type":"BreadcrumbList","@id":"https:\/\/zielone-migdaly.pl\/index.php\/produkt\/ceramiczny-kwiatowy-dzbanek-tulowice\/#breadcrumb","itemListElement":[{"@type":"ListItem","position":1,"name":"Strona g\u0142\u00f3wna","item":"https:\/\/zielone-migdaly.pl\/"},{"@type":"ListItem","position":2,"name":"Sklep","item":"https:\/\/zielone-migdaly.pl\/index.php\/sklep\/"},{"@type":"ListItem","position":3,"name":"Ceramiczny kwiatowy dzbanek &#8211; Tu\u0142owice"}]},{"@type":"WebSite","@id":"https:\/\/zielone-migdaly.pl\/#website","url":"https:\/\/zielone-migdaly.pl\/","name":"Zielone Migda\u0142y","description":"Sklep Vintage","publisher":{"@id":"https:\/\/zielone-migdaly.pl\/#organization"},"potentialAction":[{"@type":"SearchAction","target":{"@type":"EntryPoint","urlTemplate":"https:\/\/zielone-migdaly.pl\/?s={search_term_string}"},"query-input":"required name=search_term_string"}],"inLanguage":"pl-PL"},{"@type":"Organization","@id":"https:\/\/zielone-migdaly.pl\/#organization","name":"Zielone Migda\u0142y","url":"https:\/\/zielone-migdaly.pl\/","logo":{"@type":"ImageObject","inLanguage":"pl-PL","@id":"https:\/\/zielone-migdaly.pl\/#\/schema\/logo\/image\/","url":"https:\/\/zielone-migdaly.pl\/wp-content\/uploads\/2021\/11\/Zielone-Migdaly-Logo-WEB-2.png","contentUrl":"https:\/\/zielone-migdaly.pl\/wp-content\/uploads\/2021\/11\/Zielone-Migdaly-Logo-WEB-2.png","width":500,"height":190,"caption":"Zielone Migda\u0142y"},"image":{"@id":"https:\/\/zielone-migdaly.pl\/#\/schema\/logo\/image\/"},"sameAs":["https:\/\/www.facebook.com\/lubiezielonemigdaly","https:\/\/www.instagram.com\/lubie_zielone_migdaly\/"]}]}},"_links":{"self":[{"href":"https:\/\/zielone-migdaly.pl\/index.php\/wp-json\/wp\/v2\/product\/20368"}],"collection":[{"href":"https:\/\/zielone-migdaly.pl\/index.php\/wp-json\/wp\/v2\/product"}],"about":[{"href":"https:\/\/zielone-migdaly.pl\/index.php\/wp-json\/wp\/v2\/types\/product"}],"wp:featuredmedia":[{"embeddable":true,"href":"https:\/\/zielone-migdaly.pl\/index.php\/wp-json\/wp\/v2\/media\/20300"}],"wp:attachment":[{"href":"https:\/\/zielone-migdaly.pl\/index.php\/wp-json\/wp\/v2\/media?parent=20368"}],"wp:term":[{"taxonomy":"product_cat","embeddable":true,"href":"https:\/\/zielone-migdaly.pl\/index.php\/wp-json\/wp\/v2\/product_cat?post=20368"},{"taxonomy":"product_tag","embeddable":true,"href":"https:\/\/zielone-migdaly.pl\/index.php\/wp-json\/wp\/v2\/product_tag?post=20368"}],"curies":[{"name":"wp","href":"https:\/\/api.w.org\/{rel}","templated":true}]}}