{"id":22224,"date":"2026-02-12T15:19:37","date_gmt":"2026-02-12T14:19:37","guid":{"rendered":"https:\/\/zielone-migdaly.pl\/?post_type=product&#038;p=22224"},"modified":"2026-02-12T15:19:37","modified_gmt":"2026-02-12T14:19:37","slug":"zestaw-szklanych-rozalinowych-mis","status":"publish","type":"product","link":"https:\/\/zielone-migdaly.pl\/index.php\/produkt\/zestaw-szklanych-rozalinowych-mis\/","title":{"rendered":"Zestaw szklanych rozalinowych mis"},"content":{"rendered":"<p>Zestaw szklanych rozalinowych mis &#8211; jednej du\u017cej i pi\u0119ciu ma\u0142ych. Szk\u0142o cz\u0119\u015bciowo matowione, dekorowane z\u0142otymi paskami.<\/p>\n<p><span data-sheets-root=\"1\">\u015arednica du\u017cej na g\u00f3rze 18cm, wysoko\u015b\u0107 10cm. \u015arednica ma\u0142ych\u00a0 na g\u00f3rze 9cm, wysoko\u015b\u0107 6cm. <\/span><\/p>\n<p><span data-sheets-root=\"1\">Stan dobry, zabrudzenia na matowych powierzchniach, drobne ryski u\u017cytkowe, na dw\u00f3ch miseczkach po jednym ma\u0142ym ubytku, na trzeciej mikorubytek jak uk\u0142ucie szpilk\u0105. <\/span><\/p>\n","protected":false},"excerpt":{"rendered":"<p>Zestaw szklanych rozalinowych mis &#8211; jednej du\u017cej i pi\u0119ciu ma\u0142ych. Szk\u0142o cz\u0119\u015bciowo matowione, dekorowane z\u0142otymi paskami. \u015arednica du\u017cej na g\u00f3rze 18cm, wysoko\u015b\u0107 10cm. \u015arednica ma\u0142ych\u00a0 na g\u00f3rze 9cm, wysoko\u015b\u0107 6cm. Stan dobry, zabrudzenia na matowych powierzchniach, drobne ryski u\u017cytkowe, na dw\u00f3ch miseczkach po jednym ma\u0142ym ubytku, na trzeciej mikorubytek jak uk\u0142ucie szpilk\u0105.<\/p>\n","protected":false},"featured_media":22208,"template":"","meta":[],"product_cat":[53],"product_tag":[431,239,169,238,263,183,56,279],"yoast_head":"<!-- This site is optimized with the Yoast SEO plugin v23.0 - https:\/\/yoast.com\/wordpress\/plugins\/seo\/ -->\n<title>Zestaw szklanych rozalinowych mis - Zielone Migda\u0142y<\/title>\n<meta name=\"description\" content=\"Zestaw szklanych rozalinowych mis - jednej du\u017cej i pi\u0119ciu ma\u0142ych. Szk\u0142o cz\u0119\u015bciowo matowione, dekorowane z\u0142otymi paskami.\u00a0\" \/>\n<meta name=\"robots\" content=\"index, follow, max-snippet:-1, max-image-preview:large, max-video-preview:-1\" \/>\n<link rel=\"canonical\" href=\"https:\/\/zielone-migdaly.pl\/index.php\/produkt\/zestaw-szklanych-rozalinowych-mis\/\" \/>\n<meta property=\"og:locale\" content=\"pl_PL\" \/>\n<meta property=\"og:type\" content=\"article\" \/>\n<meta property=\"og:title\" content=\"Zestaw szklanych rozalinowych mis - Zielone Migda\u0142y\" \/>\n<meta property=\"og:description\" content=\"Zestaw szklanych rozalinowych mis - jednej du\u017cej i pi\u0119ciu ma\u0142ych. Szk\u0142o cz\u0119\u015bciowo matowione, dekorowane z\u0142otymi paskami.\u00a0\" \/>\n<meta property=\"og:url\" content=\"https:\/\/zielone-migdaly.pl\/index.php\/produkt\/zestaw-szklanych-rozalinowych-mis\/\" \/>\n<meta property=\"og:site_name\" content=\"Zielone Migda\u0142y\" \/>\n<meta property=\"article:publisher\" content=\"https:\/\/www.facebook.com\/lubiezielonemigdaly\" \/>\n<meta property=\"og:image\" content=\"https:\/\/zielone-migdaly.pl\/wp-content\/uploads\/2026\/02\/zielone-migdaly-07-0109.jpg\" \/>\n\t<meta property=\"og:image:width\" content=\"500\" \/>\n\t<meta property=\"og:image:height\" content=\"750\" \/>\n\t<meta property=\"og:image:type\" content=\"image\/jpeg\" \/>\n<meta name=\"twitter:card\" content=\"summary_large_image\" \/>\n<script type=\"application\/ld+json\" class=\"yoast-schema-graph\">{\"@context\":\"https:\/\/schema.org\",\"@graph\":[{\"@type\":\"WebPage\",\"@id\":\"https:\/\/zielone-migdaly.pl\/index.php\/produkt\/zestaw-szklanych-rozalinowych-mis\/\",\"url\":\"https:\/\/zielone-migdaly.pl\/index.php\/produkt\/zestaw-szklanych-rozalinowych-mis\/\",\"name\":\"Zestaw szklanych rozalinowych mis - Zielone Migda\u0142y\",\"isPartOf\":{\"@id\":\"https:\/\/zielone-migdaly.pl\/#website\"},\"primaryImageOfPage\":{\"@id\":\"https:\/\/zielone-migdaly.pl\/index.php\/produkt\/zestaw-szklanych-rozalinowych-mis\/#primaryimage\"},\"image\":{\"@id\":\"https:\/\/zielone-migdaly.pl\/index.php\/produkt\/zestaw-szklanych-rozalinowych-mis\/#primaryimage\"},\"thumbnailUrl\":\"https:\/\/zielone-migdaly.pl\/wp-content\/uploads\/2026\/02\/zielone-migdaly-07-0109.jpg\",\"datePublished\":\"2026-02-12T14:19:37+00:00\",\"dateModified\":\"2026-02-12T14:19:37+00:00\",\"description\":\"Zestaw szklanych rozalinowych mis - jednej du\u017cej i pi\u0119ciu ma\u0142ych. Szk\u0142o cz\u0119\u015bciowo matowione, dekorowane z\u0142otymi paskami.\u00a0\",\"breadcrumb\":{\"@id\":\"https:\/\/zielone-migdaly.pl\/index.php\/produkt\/zestaw-szklanych-rozalinowych-mis\/#breadcrumb\"},\"inLanguage\":\"pl-PL\",\"potentialAction\":[{\"@type\":\"ReadAction\",\"target\":[\"https:\/\/zielone-migdaly.pl\/index.php\/produkt\/zestaw-szklanych-rozalinowych-mis\/\"]}]},{\"@type\":\"ImageObject\",\"inLanguage\":\"pl-PL\",\"@id\":\"https:\/\/zielone-migdaly.pl\/index.php\/produkt\/zestaw-szklanych-rozalinowych-mis\/#primaryimage\",\"url\":\"https:\/\/zielone-migdaly.pl\/wp-content\/uploads\/2026\/02\/zielone-migdaly-07-0109.jpg\",\"contentUrl\":\"https:\/\/zielone-migdaly.pl\/wp-content\/uploads\/2026\/02\/zielone-migdaly-07-0109.jpg\",\"width\":500,\"height\":750},{\"@type\":\"BreadcrumbList\",\"@id\":\"https:\/\/zielone-migdaly.pl\/index.php\/produkt\/zestaw-szklanych-rozalinowych-mis\/#breadcrumb\",\"itemListElement\":[{\"@type\":\"ListItem\",\"position\":1,\"name\":\"Strona g\u0142\u00f3wna\",\"item\":\"https:\/\/zielone-migdaly.pl\/\"},{\"@type\":\"ListItem\",\"position\":2,\"name\":\"Sklep\",\"item\":\"https:\/\/zielone-migdaly.pl\/index.php\/sklep\/\"},{\"@type\":\"ListItem\",\"position\":3,\"name\":\"Zestaw szklanych rozalinowych mis\"}]},{\"@type\":\"WebSite\",\"@id\":\"https:\/\/zielone-migdaly.pl\/#website\",\"url\":\"https:\/\/zielone-migdaly.pl\/\",\"name\":\"Zielone Migda\u0142y\",\"description\":\"Sklep Vintage\",\"publisher\":{\"@id\":\"https:\/\/zielone-migdaly.pl\/#organization\"},\"potentialAction\":[{\"@type\":\"SearchAction\",\"target\":{\"@type\":\"EntryPoint\",\"urlTemplate\":\"https:\/\/zielone-migdaly.pl\/?s={search_term_string}\"},\"query-input\":\"required name=search_term_string\"}],\"inLanguage\":\"pl-PL\"},{\"@type\":\"Organization\",\"@id\":\"https:\/\/zielone-migdaly.pl\/#organization\",\"name\":\"Zielone Migda\u0142y\",\"url\":\"https:\/\/zielone-migdaly.pl\/\",\"logo\":{\"@type\":\"ImageObject\",\"inLanguage\":\"pl-PL\",\"@id\":\"https:\/\/zielone-migdaly.pl\/#\/schema\/logo\/image\/\",\"url\":\"https:\/\/zielone-migdaly.pl\/wp-content\/uploads\/2021\/11\/Zielone-Migdaly-Logo-WEB-2.png\",\"contentUrl\":\"https:\/\/zielone-migdaly.pl\/wp-content\/uploads\/2021\/11\/Zielone-Migdaly-Logo-WEB-2.png\",\"width\":500,\"height\":190,\"caption\":\"Zielone Migda\u0142y\"},\"image\":{\"@id\":\"https:\/\/zielone-migdaly.pl\/#\/schema\/logo\/image\/\"},\"sameAs\":[\"https:\/\/www.facebook.com\/lubiezielonemigdaly\",\"https:\/\/www.instagram.com\/lubie_zielone_migdaly\/\"]}]}<\/script>\n<!-- \/ Yoast SEO plugin. -->","yoast_head_json":{"title":"Zestaw szklanych rozalinowych mis - Zielone Migda\u0142y","description":"Zestaw szklanych rozalinowych mis - jednej du\u017cej i pi\u0119ciu ma\u0142ych. Szk\u0142o cz\u0119\u015bciowo matowione, dekorowane z\u0142otymi paskami.\u00a0","robots":{"index":"index","follow":"follow","max-snippet":"max-snippet:-1","max-image-preview":"max-image-preview:large","max-video-preview":"max-video-preview:-1"},"canonical":"https:\/\/zielone-migdaly.pl\/index.php\/produkt\/zestaw-szklanych-rozalinowych-mis\/","og_locale":"pl_PL","og_type":"article","og_title":"Zestaw szklanych rozalinowych mis - Zielone Migda\u0142y","og_description":"Zestaw szklanych rozalinowych mis - jednej du\u017cej i pi\u0119ciu ma\u0142ych. Szk\u0142o cz\u0119\u015bciowo matowione, dekorowane z\u0142otymi paskami.\u00a0","og_url":"https:\/\/zielone-migdaly.pl\/index.php\/produkt\/zestaw-szklanych-rozalinowych-mis\/","og_site_name":"Zielone Migda\u0142y","article_publisher":"https:\/\/www.facebook.com\/lubiezielonemigdaly","og_image":[{"width":500,"height":750,"url":"https:\/\/zielone-migdaly.pl\/wp-content\/uploads\/2026\/02\/zielone-migdaly-07-0109.jpg","type":"image\/jpeg"}],"twitter_card":"summary_large_image","schema":{"@context":"https:\/\/schema.org","@graph":[{"@type":"WebPage","@id":"https:\/\/zielone-migdaly.pl\/index.php\/produkt\/zestaw-szklanych-rozalinowych-mis\/","url":"https:\/\/zielone-migdaly.pl\/index.php\/produkt\/zestaw-szklanych-rozalinowych-mis\/","name":"Zestaw szklanych rozalinowych mis - Zielone Migda\u0142y","isPartOf":{"@id":"https:\/\/zielone-migdaly.pl\/#website"},"primaryImageOfPage":{"@id":"https:\/\/zielone-migdaly.pl\/index.php\/produkt\/zestaw-szklanych-rozalinowych-mis\/#primaryimage"},"image":{"@id":"https:\/\/zielone-migdaly.pl\/index.php\/produkt\/zestaw-szklanych-rozalinowych-mis\/#primaryimage"},"thumbnailUrl":"https:\/\/zielone-migdaly.pl\/wp-content\/uploads\/2026\/02\/zielone-migdaly-07-0109.jpg","datePublished":"2026-02-12T14:19:37+00:00","dateModified":"2026-02-12T14:19:37+00:00","description":"Zestaw szklanych rozalinowych mis - jednej du\u017cej i pi\u0119ciu ma\u0142ych. Szk\u0142o cz\u0119\u015bciowo matowione, dekorowane z\u0142otymi paskami.\u00a0","breadcrumb":{"@id":"https:\/\/zielone-migdaly.pl\/index.php\/produkt\/zestaw-szklanych-rozalinowych-mis\/#breadcrumb"},"inLanguage":"pl-PL","potentialAction":[{"@type":"ReadAction","target":["https:\/\/zielone-migdaly.pl\/index.php\/produkt\/zestaw-szklanych-rozalinowych-mis\/"]}]},{"@type":"ImageObject","inLanguage":"pl-PL","@id":"https:\/\/zielone-migdaly.pl\/index.php\/produkt\/zestaw-szklanych-rozalinowych-mis\/#primaryimage","url":"https:\/\/zielone-migdaly.pl\/wp-content\/uploads\/2026\/02\/zielone-migdaly-07-0109.jpg","contentUrl":"https:\/\/zielone-migdaly.pl\/wp-content\/uploads\/2026\/02\/zielone-migdaly-07-0109.jpg","width":500,"height":750},{"@type":"BreadcrumbList","@id":"https:\/\/zielone-migdaly.pl\/index.php\/produkt\/zestaw-szklanych-rozalinowych-mis\/#breadcrumb","itemListElement":[{"@type":"ListItem","position":1,"name":"Strona g\u0142\u00f3wna","item":"https:\/\/zielone-migdaly.pl\/"},{"@type":"ListItem","position":2,"name":"Sklep","item":"https:\/\/zielone-migdaly.pl\/index.php\/sklep\/"},{"@type":"ListItem","position":3,"name":"Zestaw szklanych rozalinowych mis"}]},{"@type":"WebSite","@id":"https:\/\/zielone-migdaly.pl\/#website","url":"https:\/\/zielone-migdaly.pl\/","name":"Zielone Migda\u0142y","description":"Sklep Vintage","publisher":{"@id":"https:\/\/zielone-migdaly.pl\/#organization"},"potentialAction":[{"@type":"SearchAction","target":{"@type":"EntryPoint","urlTemplate":"https:\/\/zielone-migdaly.pl\/?s={search_term_string}"},"query-input":"required name=search_term_string"}],"inLanguage":"pl-PL"},{"@type":"Organization","@id":"https:\/\/zielone-migdaly.pl\/#organization","name":"Zielone Migda\u0142y","url":"https:\/\/zielone-migdaly.pl\/","logo":{"@type":"ImageObject","inLanguage":"pl-PL","@id":"https:\/\/zielone-migdaly.pl\/#\/schema\/logo\/image\/","url":"https:\/\/zielone-migdaly.pl\/wp-content\/uploads\/2021\/11\/Zielone-Migdaly-Logo-WEB-2.png","contentUrl":"https:\/\/zielone-migdaly.pl\/wp-content\/uploads\/2021\/11\/Zielone-Migdaly-Logo-WEB-2.png","width":500,"height":190,"caption":"Zielone Migda\u0142y"},"image":{"@id":"https:\/\/zielone-migdaly.pl\/#\/schema\/logo\/image\/"},"sameAs":["https:\/\/www.facebook.com\/lubiezielonemigdaly","https:\/\/www.instagram.com\/lubie_zielone_migdaly\/"]}]}},"_links":{"self":[{"href":"https:\/\/zielone-migdaly.pl\/index.php\/wp-json\/wp\/v2\/product\/22224"}],"collection":[{"href":"https:\/\/zielone-migdaly.pl\/index.php\/wp-json\/wp\/v2\/product"}],"about":[{"href":"https:\/\/zielone-migdaly.pl\/index.php\/wp-json\/wp\/v2\/types\/product"}],"wp:featuredmedia":[{"embeddable":true,"href":"https:\/\/zielone-migdaly.pl\/index.php\/wp-json\/wp\/v2\/media\/22208"}],"wp:attachment":[{"href":"https:\/\/zielone-migdaly.pl\/index.php\/wp-json\/wp\/v2\/media?parent=22224"}],"wp:term":[{"taxonomy":"product_cat","embeddable":true,"href":"https:\/\/zielone-migdaly.pl\/index.php\/wp-json\/wp\/v2\/product_cat?post=22224"},{"taxonomy":"product_tag","embeddable":true,"href":"https:\/\/zielone-migdaly.pl\/index.php\/wp-json\/wp\/v2\/product_tag?post=22224"}],"curies":[{"name":"wp","href":"https:\/\/api.w.org\/{rel}","templated":true}]}}