{"id":22518,"date":"2026-02-26T11:43:39","date_gmt":"2026-02-26T10:43:39","guid":{"rendered":"https:\/\/zielone-migdaly.pl\/?post_type=product&#038;p=22518"},"modified":"2026-02-26T11:43:39","modified_gmt":"2026-02-26T10:43:39","slug":"porcelanowy-serwis-z-kwiatuszkami-wawel","status":"publish","type":"product","link":"https:\/\/zielone-migdaly.pl\/index.php\/produkt\/porcelanowy-serwis-z-kwiatuszkami-wawel\/","title":{"rendered":"Porcelanowy serwis z kwiatuszkami &#8211; Wawel"},"content":{"rendered":"<p>Porcelanowy serwis z kwiatuszkami wykonany w wytw\u00f3rni Wawel. Zestaw sk\u0142ada si\u0119 z dzbanka, mlecznika, cukiernicy i sze\u015bciu fili\u017canek ze spodkami.<\/p>\n<p><span data-sheets-root=\"1\">Wysoko\u015b\u0107 dzbanka 17,5cm, cukiernicy 10cm, mlecznika 8,5cm. Wysoko\u015b\u0107 fili\u017canek 4,5cm, \u015brednica bez uszka 8cm, \u015brednica spodk\u00f3w 12cm. <\/span><\/p>\n<p><span data-sheets-root=\"1\">Stan dobry, drobne wady z produkcji [zatopione brudki, niedoszkliwienia]. Na kraw\u0119dzi dzbanka wada, ma\u0142y ubytek na kraw\u0119dzi pokrywki, drobne ryski na spodkach. <\/span><\/p>\n","protected":false},"excerpt":{"rendered":"<p>Porcelanowy serwis z kwiatuszkami wykonany w wytw\u00f3rni Wawel. Zestaw sk\u0142ada si\u0119 z dzbanka, mlecznika, cukiernicy i sze\u015bciu fili\u017canek ze spodkami. Wysoko\u015b\u0107 dzbanka 17,5cm, cukiernicy 10cm, mlecznika 8,5cm. Wysoko\u015b\u0107 fili\u017canek 4,5cm, \u015brednica bez uszka 8cm, \u015brednica spodk\u00f3w 12cm. Stan dobry, drobne wady z produkcji [zatopione brudki, niedoszkliwienia]. Na kraw\u0119dzi dzbanka wada, ma\u0142y ubytek na kraw\u0119dzi pokrywki, [&hellip;]<\/p>\n","protected":false},"featured_media":22469,"template":"","meta":[],"product_cat":[55],"product_tag":[328,716,79,76,723,278,147],"yoast_head":"<!-- This site is optimized with the Yoast SEO plugin v23.0 - https:\/\/yoast.com\/wordpress\/plugins\/seo\/ -->\n<title>Porcelanowy serwis z kwiatuszkami - Wawel - Zielone Migda\u0142y<\/title>\n<meta name=\"description\" content=\"Porcelanowy serwis z kwiatuszkami wykonany w wytw\u00f3rni Wawel. Zestaw sk\u0142ada si\u0119 z dzbanka, mlecznika, cukiernicy i sze\u015bciu fili\u017canek ze spodkami.\" \/>\n<meta name=\"robots\" content=\"index, follow, max-snippet:-1, max-image-preview:large, max-video-preview:-1\" \/>\n<link rel=\"canonical\" href=\"https:\/\/zielone-migdaly.pl\/index.php\/produkt\/porcelanowy-serwis-z-kwiatuszkami-wawel\/\" \/>\n<meta property=\"og:locale\" content=\"pl_PL\" \/>\n<meta property=\"og:type\" content=\"article\" \/>\n<meta property=\"og:title\" content=\"Porcelanowy serwis z kwiatuszkami - Wawel - Zielone Migda\u0142y\" \/>\n<meta property=\"og:description\" content=\"Porcelanowy serwis z kwiatuszkami wykonany w wytw\u00f3rni Wawel. Zestaw sk\u0142ada si\u0119 z dzbanka, mlecznika, cukiernicy i sze\u015bciu fili\u017canek ze spodkami.\" \/>\n<meta property=\"og:url\" content=\"https:\/\/zielone-migdaly.pl\/index.php\/produkt\/porcelanowy-serwis-z-kwiatuszkami-wawel\/\" \/>\n<meta property=\"og:site_name\" content=\"Zielone Migda\u0142y\" \/>\n<meta property=\"article:publisher\" content=\"https:\/\/www.facebook.com\/lubiezielonemigdaly\" \/>\n<meta property=\"og:image\" content=\"https:\/\/zielone-migdaly.pl\/wp-content\/uploads\/2026\/02\/zielone-migdaly-07-0404.jpg\" \/>\n\t<meta property=\"og:image:width\" content=\"500\" \/>\n\t<meta property=\"og:image:height\" content=\"750\" \/>\n\t<meta property=\"og:image:type\" content=\"image\/jpeg\" \/>\n<meta name=\"twitter:card\" content=\"summary_large_image\" \/>\n<script type=\"application\/ld+json\" class=\"yoast-schema-graph\">{\"@context\":\"https:\/\/schema.org\",\"@graph\":[{\"@type\":\"WebPage\",\"@id\":\"https:\/\/zielone-migdaly.pl\/index.php\/produkt\/porcelanowy-serwis-z-kwiatuszkami-wawel\/\",\"url\":\"https:\/\/zielone-migdaly.pl\/index.php\/produkt\/porcelanowy-serwis-z-kwiatuszkami-wawel\/\",\"name\":\"Porcelanowy serwis z kwiatuszkami - Wawel - Zielone Migda\u0142y\",\"isPartOf\":{\"@id\":\"https:\/\/zielone-migdaly.pl\/#website\"},\"primaryImageOfPage\":{\"@id\":\"https:\/\/zielone-migdaly.pl\/index.php\/produkt\/porcelanowy-serwis-z-kwiatuszkami-wawel\/#primaryimage\"},\"image\":{\"@id\":\"https:\/\/zielone-migdaly.pl\/index.php\/produkt\/porcelanowy-serwis-z-kwiatuszkami-wawel\/#primaryimage\"},\"thumbnailUrl\":\"https:\/\/zielone-migdaly.pl\/wp-content\/uploads\/2026\/02\/zielone-migdaly-07-0404.jpg\",\"datePublished\":\"2026-02-26T10:43:39+00:00\",\"dateModified\":\"2026-02-26T10:43:39+00:00\",\"description\":\"Porcelanowy serwis z kwiatuszkami wykonany w wytw\u00f3rni Wawel. Zestaw sk\u0142ada si\u0119 z dzbanka, mlecznika, cukiernicy i sze\u015bciu fili\u017canek ze spodkami.\",\"breadcrumb\":{\"@id\":\"https:\/\/zielone-migdaly.pl\/index.php\/produkt\/porcelanowy-serwis-z-kwiatuszkami-wawel\/#breadcrumb\"},\"inLanguage\":\"pl-PL\",\"potentialAction\":[{\"@type\":\"ReadAction\",\"target\":[\"https:\/\/zielone-migdaly.pl\/index.php\/produkt\/porcelanowy-serwis-z-kwiatuszkami-wawel\/\"]}]},{\"@type\":\"ImageObject\",\"inLanguage\":\"pl-PL\",\"@id\":\"https:\/\/zielone-migdaly.pl\/index.php\/produkt\/porcelanowy-serwis-z-kwiatuszkami-wawel\/#primaryimage\",\"url\":\"https:\/\/zielone-migdaly.pl\/wp-content\/uploads\/2026\/02\/zielone-migdaly-07-0404.jpg\",\"contentUrl\":\"https:\/\/zielone-migdaly.pl\/wp-content\/uploads\/2026\/02\/zielone-migdaly-07-0404.jpg\",\"width\":500,\"height\":750},{\"@type\":\"BreadcrumbList\",\"@id\":\"https:\/\/zielone-migdaly.pl\/index.php\/produkt\/porcelanowy-serwis-z-kwiatuszkami-wawel\/#breadcrumb\",\"itemListElement\":[{\"@type\":\"ListItem\",\"position\":1,\"name\":\"Strona g\u0142\u00f3wna\",\"item\":\"https:\/\/zielone-migdaly.pl\/\"},{\"@type\":\"ListItem\",\"position\":2,\"name\":\"Sklep\",\"item\":\"https:\/\/zielone-migdaly.pl\/index.php\/sklep\/\"},{\"@type\":\"ListItem\",\"position\":3,\"name\":\"Porcelanowy serwis z kwiatuszkami &#8211; Wawel\"}]},{\"@type\":\"WebSite\",\"@id\":\"https:\/\/zielone-migdaly.pl\/#website\",\"url\":\"https:\/\/zielone-migdaly.pl\/\",\"name\":\"Zielone Migda\u0142y\",\"description\":\"Sklep Vintage\",\"publisher\":{\"@id\":\"https:\/\/zielone-migdaly.pl\/#organization\"},\"potentialAction\":[{\"@type\":\"SearchAction\",\"target\":{\"@type\":\"EntryPoint\",\"urlTemplate\":\"https:\/\/zielone-migdaly.pl\/?s={search_term_string}\"},\"query-input\":\"required name=search_term_string\"}],\"inLanguage\":\"pl-PL\"},{\"@type\":\"Organization\",\"@id\":\"https:\/\/zielone-migdaly.pl\/#organization\",\"name\":\"Zielone Migda\u0142y\",\"url\":\"https:\/\/zielone-migdaly.pl\/\",\"logo\":{\"@type\":\"ImageObject\",\"inLanguage\":\"pl-PL\",\"@id\":\"https:\/\/zielone-migdaly.pl\/#\/schema\/logo\/image\/\",\"url\":\"https:\/\/zielone-migdaly.pl\/wp-content\/uploads\/2021\/11\/Zielone-Migdaly-Logo-WEB-2.png\",\"contentUrl\":\"https:\/\/zielone-migdaly.pl\/wp-content\/uploads\/2021\/11\/Zielone-Migdaly-Logo-WEB-2.png\",\"width\":500,\"height\":190,\"caption\":\"Zielone Migda\u0142y\"},\"image\":{\"@id\":\"https:\/\/zielone-migdaly.pl\/#\/schema\/logo\/image\/\"},\"sameAs\":[\"https:\/\/www.facebook.com\/lubiezielonemigdaly\",\"https:\/\/www.instagram.com\/lubie_zielone_migdaly\/\"]}]}<\/script>\n<!-- \/ Yoast SEO plugin. -->","yoast_head_json":{"title":"Porcelanowy serwis z kwiatuszkami - Wawel - Zielone Migda\u0142y","description":"Porcelanowy serwis z kwiatuszkami wykonany w wytw\u00f3rni Wawel. Zestaw sk\u0142ada si\u0119 z dzbanka, mlecznika, cukiernicy i sze\u015bciu fili\u017canek ze spodkami.","robots":{"index":"index","follow":"follow","max-snippet":"max-snippet:-1","max-image-preview":"max-image-preview:large","max-video-preview":"max-video-preview:-1"},"canonical":"https:\/\/zielone-migdaly.pl\/index.php\/produkt\/porcelanowy-serwis-z-kwiatuszkami-wawel\/","og_locale":"pl_PL","og_type":"article","og_title":"Porcelanowy serwis z kwiatuszkami - Wawel - Zielone Migda\u0142y","og_description":"Porcelanowy serwis z kwiatuszkami wykonany w wytw\u00f3rni Wawel. Zestaw sk\u0142ada si\u0119 z dzbanka, mlecznika, cukiernicy i sze\u015bciu fili\u017canek ze spodkami.","og_url":"https:\/\/zielone-migdaly.pl\/index.php\/produkt\/porcelanowy-serwis-z-kwiatuszkami-wawel\/","og_site_name":"Zielone Migda\u0142y","article_publisher":"https:\/\/www.facebook.com\/lubiezielonemigdaly","og_image":[{"width":500,"height":750,"url":"https:\/\/zielone-migdaly.pl\/wp-content\/uploads\/2026\/02\/zielone-migdaly-07-0404.jpg","type":"image\/jpeg"}],"twitter_card":"summary_large_image","schema":{"@context":"https:\/\/schema.org","@graph":[{"@type":"WebPage","@id":"https:\/\/zielone-migdaly.pl\/index.php\/produkt\/porcelanowy-serwis-z-kwiatuszkami-wawel\/","url":"https:\/\/zielone-migdaly.pl\/index.php\/produkt\/porcelanowy-serwis-z-kwiatuszkami-wawel\/","name":"Porcelanowy serwis z kwiatuszkami - Wawel - Zielone Migda\u0142y","isPartOf":{"@id":"https:\/\/zielone-migdaly.pl\/#website"},"primaryImageOfPage":{"@id":"https:\/\/zielone-migdaly.pl\/index.php\/produkt\/porcelanowy-serwis-z-kwiatuszkami-wawel\/#primaryimage"},"image":{"@id":"https:\/\/zielone-migdaly.pl\/index.php\/produkt\/porcelanowy-serwis-z-kwiatuszkami-wawel\/#primaryimage"},"thumbnailUrl":"https:\/\/zielone-migdaly.pl\/wp-content\/uploads\/2026\/02\/zielone-migdaly-07-0404.jpg","datePublished":"2026-02-26T10:43:39+00:00","dateModified":"2026-02-26T10:43:39+00:00","description":"Porcelanowy serwis z kwiatuszkami wykonany w wytw\u00f3rni Wawel. Zestaw sk\u0142ada si\u0119 z dzbanka, mlecznika, cukiernicy i sze\u015bciu fili\u017canek ze spodkami.","breadcrumb":{"@id":"https:\/\/zielone-migdaly.pl\/index.php\/produkt\/porcelanowy-serwis-z-kwiatuszkami-wawel\/#breadcrumb"},"inLanguage":"pl-PL","potentialAction":[{"@type":"ReadAction","target":["https:\/\/zielone-migdaly.pl\/index.php\/produkt\/porcelanowy-serwis-z-kwiatuszkami-wawel\/"]}]},{"@type":"ImageObject","inLanguage":"pl-PL","@id":"https:\/\/zielone-migdaly.pl\/index.php\/produkt\/porcelanowy-serwis-z-kwiatuszkami-wawel\/#primaryimage","url":"https:\/\/zielone-migdaly.pl\/wp-content\/uploads\/2026\/02\/zielone-migdaly-07-0404.jpg","contentUrl":"https:\/\/zielone-migdaly.pl\/wp-content\/uploads\/2026\/02\/zielone-migdaly-07-0404.jpg","width":500,"height":750},{"@type":"BreadcrumbList","@id":"https:\/\/zielone-migdaly.pl\/index.php\/produkt\/porcelanowy-serwis-z-kwiatuszkami-wawel\/#breadcrumb","itemListElement":[{"@type":"ListItem","position":1,"name":"Strona g\u0142\u00f3wna","item":"https:\/\/zielone-migdaly.pl\/"},{"@type":"ListItem","position":2,"name":"Sklep","item":"https:\/\/zielone-migdaly.pl\/index.php\/sklep\/"},{"@type":"ListItem","position":3,"name":"Porcelanowy serwis z kwiatuszkami &#8211; Wawel"}]},{"@type":"WebSite","@id":"https:\/\/zielone-migdaly.pl\/#website","url":"https:\/\/zielone-migdaly.pl\/","name":"Zielone Migda\u0142y","description":"Sklep Vintage","publisher":{"@id":"https:\/\/zielone-migdaly.pl\/#organization"},"potentialAction":[{"@type":"SearchAction","target":{"@type":"EntryPoint","urlTemplate":"https:\/\/zielone-migdaly.pl\/?s={search_term_string}"},"query-input":"required name=search_term_string"}],"inLanguage":"pl-PL"},{"@type":"Organization","@id":"https:\/\/zielone-migdaly.pl\/#organization","name":"Zielone Migda\u0142y","url":"https:\/\/zielone-migdaly.pl\/","logo":{"@type":"ImageObject","inLanguage":"pl-PL","@id":"https:\/\/zielone-migdaly.pl\/#\/schema\/logo\/image\/","url":"https:\/\/zielone-migdaly.pl\/wp-content\/uploads\/2021\/11\/Zielone-Migdaly-Logo-WEB-2.png","contentUrl":"https:\/\/zielone-migdaly.pl\/wp-content\/uploads\/2021\/11\/Zielone-Migdaly-Logo-WEB-2.png","width":500,"height":190,"caption":"Zielone Migda\u0142y"},"image":{"@id":"https:\/\/zielone-migdaly.pl\/#\/schema\/logo\/image\/"},"sameAs":["https:\/\/www.facebook.com\/lubiezielonemigdaly","https:\/\/www.instagram.com\/lubie_zielone_migdaly\/"]}]}},"_links":{"self":[{"href":"https:\/\/zielone-migdaly.pl\/index.php\/wp-json\/wp\/v2\/product\/22518"}],"collection":[{"href":"https:\/\/zielone-migdaly.pl\/index.php\/wp-json\/wp\/v2\/product"}],"about":[{"href":"https:\/\/zielone-migdaly.pl\/index.php\/wp-json\/wp\/v2\/types\/product"}],"wp:featuredmedia":[{"embeddable":true,"href":"https:\/\/zielone-migdaly.pl\/index.php\/wp-json\/wp\/v2\/media\/22469"}],"wp:attachment":[{"href":"https:\/\/zielone-migdaly.pl\/index.php\/wp-json\/wp\/v2\/media?parent=22518"}],"wp:term":[{"taxonomy":"product_cat","embeddable":true,"href":"https:\/\/zielone-migdaly.pl\/index.php\/wp-json\/wp\/v2\/product_cat?post=22518"},{"taxonomy":"product_tag","embeddable":true,"href":"https:\/\/zielone-migdaly.pl\/index.php\/wp-json\/wp\/v2\/product_tag?post=22518"}],"curies":[{"name":"wp","href":"https:\/\/api.w.org\/{rel}","templated":true}]}}