{"id":22521,"date":"2026-02-26T11:43:50","date_gmt":"2026-02-26T10:43:50","guid":{"rendered":"https:\/\/zielone-migdaly.pl\/?post_type=product&#038;p=22521"},"modified":"2026-03-12T13:53:50","modified_gmt":"2026-03-12T12:53:50","slug":"ceramiczny-wazon-w-kropki-chodziez","status":"publish","type":"product","link":"https:\/\/zielone-migdaly.pl\/index.php\/produkt\/ceramiczny-wazon-w-kropki-chodziez\/","title":{"rendered":"Ceramiczny wazon w kropki &#8211; Chodzie\u017c"},"content":{"rendered":"<p>Ceramiczny wazon w kropki wykonany w zak\u0142adach Chodzie\u017c.<\/p>\n<p><span data-sheets-root=\"1\">Wysoko\u015b\u0107 14,5cm, \u015brednica na g\u00f3rze 9,5cm. <\/span><\/p>\n<p><span data-sheets-root=\"1\">Stan dobry, drobne wady z produkcji, niewielkie \u015blady u\u017cywania. <\/span><\/p>\n","protected":false},"excerpt":{"rendered":"<p>Ceramiczny wazon w kropki wykonany w zak\u0142adach Chodzie\u017c. Wysoko\u015b\u0107 14,5cm, \u015brednica na g\u00f3rze 9,5cm. Stan dobry, drobne wady z produkcji, niewielkie \u015blady u\u017cywania.<\/p>\n","protected":false},"featured_media":22501,"template":"","meta":[],"product_cat":[52],"product_tag":[328,73,77,366,71,596,61,179,100],"yoast_head":"<!-- This site is optimized with the Yoast SEO plugin v23.0 - https:\/\/yoast.com\/wordpress\/plugins\/seo\/ -->\n<title>Ceramiczny wazon w kropki - Chodzie\u017c - Zielone Migda\u0142y<\/title>\n<meta name=\"description\" content=\"Ceramiczny wazon w kropki wykonany w zak\u0142adach Chodzie\u017c. Wysoko\u015b\u0107 14,5cm, \u015brednica na g\u00f3rze 9,5cm. Stan dobry.\" \/>\n<meta name=\"robots\" content=\"index, follow, max-snippet:-1, max-image-preview:large, max-video-preview:-1\" \/>\n<link rel=\"canonical\" href=\"https:\/\/zielone-migdaly.pl\/index.php\/produkt\/ceramiczny-wazon-w-kropki-chodziez\/\" \/>\n<meta property=\"og:locale\" content=\"pl_PL\" \/>\n<meta property=\"og:type\" content=\"article\" \/>\n<meta property=\"og:title\" content=\"Ceramiczny wazon w kropki - Chodzie\u017c - Zielone Migda\u0142y\" \/>\n<meta property=\"og:description\" content=\"Ceramiczny wazon w kropki wykonany w zak\u0142adach Chodzie\u017c. Wysoko\u015b\u0107 14,5cm, \u015brednica na g\u00f3rze 9,5cm. Stan dobry.\" \/>\n<meta property=\"og:url\" content=\"https:\/\/zielone-migdaly.pl\/index.php\/produkt\/ceramiczny-wazon-w-kropki-chodziez\/\" \/>\n<meta property=\"og:site_name\" content=\"Zielone Migda\u0142y\" \/>\n<meta property=\"article:publisher\" content=\"https:\/\/www.facebook.com\/lubiezielonemigdaly\" \/>\n<meta property=\"article:modified_time\" content=\"2026-03-12T12:53:50+00:00\" \/>\n<meta property=\"og:image\" content=\"https:\/\/zielone-migdaly.pl\/wp-content\/uploads\/2026\/02\/zielone-migdaly-07-0454.jpg\" \/>\n\t<meta property=\"og:image:width\" content=\"500\" \/>\n\t<meta property=\"og:image:height\" content=\"750\" \/>\n\t<meta property=\"og:image:type\" content=\"image\/jpeg\" \/>\n<meta name=\"twitter:card\" content=\"summary_large_image\" \/>\n<script type=\"application\/ld+json\" class=\"yoast-schema-graph\">{\"@context\":\"https:\/\/schema.org\",\"@graph\":[{\"@type\":\"WebPage\",\"@id\":\"https:\/\/zielone-migdaly.pl\/index.php\/produkt\/ceramiczny-wazon-w-kropki-chodziez\/\",\"url\":\"https:\/\/zielone-migdaly.pl\/index.php\/produkt\/ceramiczny-wazon-w-kropki-chodziez\/\",\"name\":\"Ceramiczny wazon w kropki - Chodzie\u017c - Zielone Migda\u0142y\",\"isPartOf\":{\"@id\":\"https:\/\/zielone-migdaly.pl\/#website\"},\"primaryImageOfPage\":{\"@id\":\"https:\/\/zielone-migdaly.pl\/index.php\/produkt\/ceramiczny-wazon-w-kropki-chodziez\/#primaryimage\"},\"image\":{\"@id\":\"https:\/\/zielone-migdaly.pl\/index.php\/produkt\/ceramiczny-wazon-w-kropki-chodziez\/#primaryimage\"},\"thumbnailUrl\":\"https:\/\/zielone-migdaly.pl\/wp-content\/uploads\/2026\/02\/zielone-migdaly-07-0454.jpg\",\"datePublished\":\"2026-02-26T10:43:50+00:00\",\"dateModified\":\"2026-03-12T12:53:50+00:00\",\"description\":\"Ceramiczny wazon w kropki wykonany w zak\u0142adach Chodzie\u017c. Wysoko\u015b\u0107 14,5cm, \u015brednica na g\u00f3rze 9,5cm. Stan dobry.\",\"breadcrumb\":{\"@id\":\"https:\/\/zielone-migdaly.pl\/index.php\/produkt\/ceramiczny-wazon-w-kropki-chodziez\/#breadcrumb\"},\"inLanguage\":\"pl-PL\",\"potentialAction\":[{\"@type\":\"ReadAction\",\"target\":[\"https:\/\/zielone-migdaly.pl\/index.php\/produkt\/ceramiczny-wazon-w-kropki-chodziez\/\"]}]},{\"@type\":\"ImageObject\",\"inLanguage\":\"pl-PL\",\"@id\":\"https:\/\/zielone-migdaly.pl\/index.php\/produkt\/ceramiczny-wazon-w-kropki-chodziez\/#primaryimage\",\"url\":\"https:\/\/zielone-migdaly.pl\/wp-content\/uploads\/2026\/02\/zielone-migdaly-07-0454.jpg\",\"contentUrl\":\"https:\/\/zielone-migdaly.pl\/wp-content\/uploads\/2026\/02\/zielone-migdaly-07-0454.jpg\",\"width\":500,\"height\":750},{\"@type\":\"BreadcrumbList\",\"@id\":\"https:\/\/zielone-migdaly.pl\/index.php\/produkt\/ceramiczny-wazon-w-kropki-chodziez\/#breadcrumb\",\"itemListElement\":[{\"@type\":\"ListItem\",\"position\":1,\"name\":\"Strona g\u0142\u00f3wna\",\"item\":\"https:\/\/zielone-migdaly.pl\/\"},{\"@type\":\"ListItem\",\"position\":2,\"name\":\"Sklep\",\"item\":\"https:\/\/zielone-migdaly.pl\/index.php\/sklep\/\"},{\"@type\":\"ListItem\",\"position\":3,\"name\":\"Ceramiczny wazon w kropki &#8211; Chodzie\u017c\"}]},{\"@type\":\"WebSite\",\"@id\":\"https:\/\/zielone-migdaly.pl\/#website\",\"url\":\"https:\/\/zielone-migdaly.pl\/\",\"name\":\"Zielone Migda\u0142y\",\"description\":\"Sklep Vintage\",\"publisher\":{\"@id\":\"https:\/\/zielone-migdaly.pl\/#organization\"},\"potentialAction\":[{\"@type\":\"SearchAction\",\"target\":{\"@type\":\"EntryPoint\",\"urlTemplate\":\"https:\/\/zielone-migdaly.pl\/?s={search_term_string}\"},\"query-input\":\"required name=search_term_string\"}],\"inLanguage\":\"pl-PL\"},{\"@type\":\"Organization\",\"@id\":\"https:\/\/zielone-migdaly.pl\/#organization\",\"name\":\"Zielone Migda\u0142y\",\"url\":\"https:\/\/zielone-migdaly.pl\/\",\"logo\":{\"@type\":\"ImageObject\",\"inLanguage\":\"pl-PL\",\"@id\":\"https:\/\/zielone-migdaly.pl\/#\/schema\/logo\/image\/\",\"url\":\"https:\/\/zielone-migdaly.pl\/wp-content\/uploads\/2021\/11\/Zielone-Migdaly-Logo-WEB-2.png\",\"contentUrl\":\"https:\/\/zielone-migdaly.pl\/wp-content\/uploads\/2021\/11\/Zielone-Migdaly-Logo-WEB-2.png\",\"width\":500,\"height\":190,\"caption\":\"Zielone Migda\u0142y\"},\"image\":{\"@id\":\"https:\/\/zielone-migdaly.pl\/#\/schema\/logo\/image\/\"},\"sameAs\":[\"https:\/\/www.facebook.com\/lubiezielonemigdaly\",\"https:\/\/www.instagram.com\/lubie_zielone_migdaly\/\"]}]}<\/script>\n<!-- \/ Yoast SEO plugin. -->","yoast_head_json":{"title":"Ceramiczny wazon w kropki - Chodzie\u017c - Zielone Migda\u0142y","description":"Ceramiczny wazon w kropki wykonany w zak\u0142adach Chodzie\u017c. Wysoko\u015b\u0107 14,5cm, \u015brednica na g\u00f3rze 9,5cm. Stan dobry.","robots":{"index":"index","follow":"follow","max-snippet":"max-snippet:-1","max-image-preview":"max-image-preview:large","max-video-preview":"max-video-preview:-1"},"canonical":"https:\/\/zielone-migdaly.pl\/index.php\/produkt\/ceramiczny-wazon-w-kropki-chodziez\/","og_locale":"pl_PL","og_type":"article","og_title":"Ceramiczny wazon w kropki - Chodzie\u017c - Zielone Migda\u0142y","og_description":"Ceramiczny wazon w kropki wykonany w zak\u0142adach Chodzie\u017c. Wysoko\u015b\u0107 14,5cm, \u015brednica na g\u00f3rze 9,5cm. Stan dobry.","og_url":"https:\/\/zielone-migdaly.pl\/index.php\/produkt\/ceramiczny-wazon-w-kropki-chodziez\/","og_site_name":"Zielone Migda\u0142y","article_publisher":"https:\/\/www.facebook.com\/lubiezielonemigdaly","article_modified_time":"2026-03-12T12:53:50+00:00","og_image":[{"width":500,"height":750,"url":"https:\/\/zielone-migdaly.pl\/wp-content\/uploads\/2026\/02\/zielone-migdaly-07-0454.jpg","type":"image\/jpeg"}],"twitter_card":"summary_large_image","schema":{"@context":"https:\/\/schema.org","@graph":[{"@type":"WebPage","@id":"https:\/\/zielone-migdaly.pl\/index.php\/produkt\/ceramiczny-wazon-w-kropki-chodziez\/","url":"https:\/\/zielone-migdaly.pl\/index.php\/produkt\/ceramiczny-wazon-w-kropki-chodziez\/","name":"Ceramiczny wazon w kropki - Chodzie\u017c - Zielone Migda\u0142y","isPartOf":{"@id":"https:\/\/zielone-migdaly.pl\/#website"},"primaryImageOfPage":{"@id":"https:\/\/zielone-migdaly.pl\/index.php\/produkt\/ceramiczny-wazon-w-kropki-chodziez\/#primaryimage"},"image":{"@id":"https:\/\/zielone-migdaly.pl\/index.php\/produkt\/ceramiczny-wazon-w-kropki-chodziez\/#primaryimage"},"thumbnailUrl":"https:\/\/zielone-migdaly.pl\/wp-content\/uploads\/2026\/02\/zielone-migdaly-07-0454.jpg","datePublished":"2026-02-26T10:43:50+00:00","dateModified":"2026-03-12T12:53:50+00:00","description":"Ceramiczny wazon w kropki wykonany w zak\u0142adach Chodzie\u017c. Wysoko\u015b\u0107 14,5cm, \u015brednica na g\u00f3rze 9,5cm. Stan dobry.","breadcrumb":{"@id":"https:\/\/zielone-migdaly.pl\/index.php\/produkt\/ceramiczny-wazon-w-kropki-chodziez\/#breadcrumb"},"inLanguage":"pl-PL","potentialAction":[{"@type":"ReadAction","target":["https:\/\/zielone-migdaly.pl\/index.php\/produkt\/ceramiczny-wazon-w-kropki-chodziez\/"]}]},{"@type":"ImageObject","inLanguage":"pl-PL","@id":"https:\/\/zielone-migdaly.pl\/index.php\/produkt\/ceramiczny-wazon-w-kropki-chodziez\/#primaryimage","url":"https:\/\/zielone-migdaly.pl\/wp-content\/uploads\/2026\/02\/zielone-migdaly-07-0454.jpg","contentUrl":"https:\/\/zielone-migdaly.pl\/wp-content\/uploads\/2026\/02\/zielone-migdaly-07-0454.jpg","width":500,"height":750},{"@type":"BreadcrumbList","@id":"https:\/\/zielone-migdaly.pl\/index.php\/produkt\/ceramiczny-wazon-w-kropki-chodziez\/#breadcrumb","itemListElement":[{"@type":"ListItem","position":1,"name":"Strona g\u0142\u00f3wna","item":"https:\/\/zielone-migdaly.pl\/"},{"@type":"ListItem","position":2,"name":"Sklep","item":"https:\/\/zielone-migdaly.pl\/index.php\/sklep\/"},{"@type":"ListItem","position":3,"name":"Ceramiczny wazon w kropki &#8211; Chodzie\u017c"}]},{"@type":"WebSite","@id":"https:\/\/zielone-migdaly.pl\/#website","url":"https:\/\/zielone-migdaly.pl\/","name":"Zielone Migda\u0142y","description":"Sklep Vintage","publisher":{"@id":"https:\/\/zielone-migdaly.pl\/#organization"},"potentialAction":[{"@type":"SearchAction","target":{"@type":"EntryPoint","urlTemplate":"https:\/\/zielone-migdaly.pl\/?s={search_term_string}"},"query-input":"required name=search_term_string"}],"inLanguage":"pl-PL"},{"@type":"Organization","@id":"https:\/\/zielone-migdaly.pl\/#organization","name":"Zielone Migda\u0142y","url":"https:\/\/zielone-migdaly.pl\/","logo":{"@type":"ImageObject","inLanguage":"pl-PL","@id":"https:\/\/zielone-migdaly.pl\/#\/schema\/logo\/image\/","url":"https:\/\/zielone-migdaly.pl\/wp-content\/uploads\/2021\/11\/Zielone-Migdaly-Logo-WEB-2.png","contentUrl":"https:\/\/zielone-migdaly.pl\/wp-content\/uploads\/2021\/11\/Zielone-Migdaly-Logo-WEB-2.png","width":500,"height":190,"caption":"Zielone Migda\u0142y"},"image":{"@id":"https:\/\/zielone-migdaly.pl\/#\/schema\/logo\/image\/"},"sameAs":["https:\/\/www.facebook.com\/lubiezielonemigdaly","https:\/\/www.instagram.com\/lubie_zielone_migdaly\/"]}]}},"_links":{"self":[{"href":"https:\/\/zielone-migdaly.pl\/index.php\/wp-json\/wp\/v2\/product\/22521"}],"collection":[{"href":"https:\/\/zielone-migdaly.pl\/index.php\/wp-json\/wp\/v2\/product"}],"about":[{"href":"https:\/\/zielone-migdaly.pl\/index.php\/wp-json\/wp\/v2\/types\/product"}],"wp:featuredmedia":[{"embeddable":true,"href":"https:\/\/zielone-migdaly.pl\/index.php\/wp-json\/wp\/v2\/media\/22501"}],"wp:attachment":[{"href":"https:\/\/zielone-migdaly.pl\/index.php\/wp-json\/wp\/v2\/media?parent=22521"}],"wp:term":[{"taxonomy":"product_cat","embeddable":true,"href":"https:\/\/zielone-migdaly.pl\/index.php\/wp-json\/wp\/v2\/product_cat?post=22521"},{"taxonomy":"product_tag","embeddable":true,"href":"https:\/\/zielone-migdaly.pl\/index.php\/wp-json\/wp\/v2\/product_tag?post=22521"}],"curies":[{"name":"wp","href":"https:\/\/api.w.org\/{rel}","templated":true}]}}