{"id":22840,"date":"2026-03-16T13:25:21","date_gmt":"2026-03-16T12:25:21","guid":{"rendered":"https:\/\/zielone-migdaly.pl\/?post_type=product&#038;p=22840"},"modified":"2026-03-16T13:25:21","modified_gmt":"2026-03-16T12:25:21","slug":"duzy-krysztalowy-kosz","status":"publish","type":"product","link":"https:\/\/zielone-migdaly.pl\/index.php\/produkt\/duzy-krysztalowy-kosz\/","title":{"rendered":"Du\u017cy kryszta\u0142owy kosz"},"content":{"rendered":"<p>Du\u017cy kryszta\u0142owy kosz z pami\u0105tkowym napisem na boku.<\/p>\n<p><span data-sheets-root=\"1\">D\u0142ugo\u015b\u0107 29,5cm, wysoko\u015b\u0107 26,5cm.<\/span><\/p>\n<p><span data-sheets-root=\"1\"> Stan bardzo dobry, drobne rysy u\u017cytkowe. <\/span><\/p>\n","protected":false},"excerpt":{"rendered":"<p>Du\u017cy kryszta\u0142owy kosz z pami\u0105tkowym napisem na boku. D\u0142ugo\u015b\u0107 29,5cm, wysoko\u015b\u0107 26,5cm. Stan bardzo dobry, drobne rysy u\u017cytkowe.<\/p>\n","protected":false},"featured_media":22833,"template":"","meta":[],"product_cat":[53],"product_tag":[170,2085,928,638,162,2086,56,899],"yoast_head":"<!-- This site is optimized with the Yoast SEO plugin v23.0 - https:\/\/yoast.com\/wordpress\/plugins\/seo\/ -->\n<title>Du\u017cy kryszta\u0142owy kosz - Zielone Migda\u0142y<\/title>\n<meta name=\"description\" content=\"Du\u017cy kryszta\u0142owy kosz z pami\u0105tkowym napisem na boku.\u00a0D\u0142ugo\u015b\u0107 29,5cm, wysoko\u015b\u0107 26,5cm. Stan bardzo dobry, drobne rysy u\u017cytkowe.\" \/>\n<meta name=\"robots\" content=\"index, follow, max-snippet:-1, max-image-preview:large, max-video-preview:-1\" \/>\n<link rel=\"canonical\" href=\"https:\/\/zielone-migdaly.pl\/index.php\/produkt\/duzy-krysztalowy-kosz\/\" \/>\n<meta property=\"og:locale\" content=\"pl_PL\" \/>\n<meta property=\"og:type\" content=\"article\" \/>\n<meta property=\"og:title\" content=\"Du\u017cy kryszta\u0142owy kosz - Zielone Migda\u0142y\" \/>\n<meta property=\"og:description\" content=\"Du\u017cy kryszta\u0142owy kosz z pami\u0105tkowym napisem na boku.\u00a0D\u0142ugo\u015b\u0107 29,5cm, wysoko\u015b\u0107 26,5cm. Stan bardzo dobry, drobne rysy u\u017cytkowe.\" \/>\n<meta property=\"og:url\" content=\"https:\/\/zielone-migdaly.pl\/index.php\/produkt\/duzy-krysztalowy-kosz\/\" \/>\n<meta property=\"og:site_name\" content=\"Zielone Migda\u0142y\" \/>\n<meta property=\"article:publisher\" content=\"https:\/\/www.facebook.com\/lubiezielonemigdaly\" \/>\n<meta property=\"og:image\" content=\"https:\/\/zielone-migdaly.pl\/wp-content\/uploads\/2026\/03\/zielone-migdaly-07-0382.jpg\" \/>\n\t<meta property=\"og:image:width\" content=\"500\" \/>\n\t<meta property=\"og:image:height\" content=\"750\" \/>\n\t<meta property=\"og:image:type\" content=\"image\/jpeg\" \/>\n<meta name=\"twitter:card\" content=\"summary_large_image\" \/>\n<script type=\"application\/ld+json\" class=\"yoast-schema-graph\">{\"@context\":\"https:\/\/schema.org\",\"@graph\":[{\"@type\":\"WebPage\",\"@id\":\"https:\/\/zielone-migdaly.pl\/index.php\/produkt\/duzy-krysztalowy-kosz\/\",\"url\":\"https:\/\/zielone-migdaly.pl\/index.php\/produkt\/duzy-krysztalowy-kosz\/\",\"name\":\"Du\u017cy kryszta\u0142owy kosz - Zielone Migda\u0142y\",\"isPartOf\":{\"@id\":\"https:\/\/zielone-migdaly.pl\/#website\"},\"primaryImageOfPage\":{\"@id\":\"https:\/\/zielone-migdaly.pl\/index.php\/produkt\/duzy-krysztalowy-kosz\/#primaryimage\"},\"image\":{\"@id\":\"https:\/\/zielone-migdaly.pl\/index.php\/produkt\/duzy-krysztalowy-kosz\/#primaryimage\"},\"thumbnailUrl\":\"https:\/\/zielone-migdaly.pl\/wp-content\/uploads\/2026\/03\/zielone-migdaly-07-0382.jpg\",\"datePublished\":\"2026-03-16T12:25:21+00:00\",\"dateModified\":\"2026-03-16T12:25:21+00:00\",\"description\":\"Du\u017cy kryszta\u0142owy kosz z pami\u0105tkowym napisem na boku.\u00a0D\u0142ugo\u015b\u0107 29,5cm, wysoko\u015b\u0107 26,5cm. Stan bardzo dobry, drobne rysy u\u017cytkowe.\",\"breadcrumb\":{\"@id\":\"https:\/\/zielone-migdaly.pl\/index.php\/produkt\/duzy-krysztalowy-kosz\/#breadcrumb\"},\"inLanguage\":\"pl-PL\",\"potentialAction\":[{\"@type\":\"ReadAction\",\"target\":[\"https:\/\/zielone-migdaly.pl\/index.php\/produkt\/duzy-krysztalowy-kosz\/\"]}]},{\"@type\":\"ImageObject\",\"inLanguage\":\"pl-PL\",\"@id\":\"https:\/\/zielone-migdaly.pl\/index.php\/produkt\/duzy-krysztalowy-kosz\/#primaryimage\",\"url\":\"https:\/\/zielone-migdaly.pl\/wp-content\/uploads\/2026\/03\/zielone-migdaly-07-0382.jpg\",\"contentUrl\":\"https:\/\/zielone-migdaly.pl\/wp-content\/uploads\/2026\/03\/zielone-migdaly-07-0382.jpg\",\"width\":500,\"height\":750},{\"@type\":\"BreadcrumbList\",\"@id\":\"https:\/\/zielone-migdaly.pl\/index.php\/produkt\/duzy-krysztalowy-kosz\/#breadcrumb\",\"itemListElement\":[{\"@type\":\"ListItem\",\"position\":1,\"name\":\"Strona g\u0142\u00f3wna\",\"item\":\"https:\/\/zielone-migdaly.pl\/\"},{\"@type\":\"ListItem\",\"position\":2,\"name\":\"Sklep\",\"item\":\"https:\/\/zielone-migdaly.pl\/index.php\/sklep\/\"},{\"@type\":\"ListItem\",\"position\":3,\"name\":\"Du\u017cy kryszta\u0142owy kosz\"}]},{\"@type\":\"WebSite\",\"@id\":\"https:\/\/zielone-migdaly.pl\/#website\",\"url\":\"https:\/\/zielone-migdaly.pl\/\",\"name\":\"Zielone Migda\u0142y\",\"description\":\"Sklep Vintage\",\"publisher\":{\"@id\":\"https:\/\/zielone-migdaly.pl\/#organization\"},\"potentialAction\":[{\"@type\":\"SearchAction\",\"target\":{\"@type\":\"EntryPoint\",\"urlTemplate\":\"https:\/\/zielone-migdaly.pl\/?s={search_term_string}\"},\"query-input\":\"required name=search_term_string\"}],\"inLanguage\":\"pl-PL\"},{\"@type\":\"Organization\",\"@id\":\"https:\/\/zielone-migdaly.pl\/#organization\",\"name\":\"Zielone Migda\u0142y\",\"url\":\"https:\/\/zielone-migdaly.pl\/\",\"logo\":{\"@type\":\"ImageObject\",\"inLanguage\":\"pl-PL\",\"@id\":\"https:\/\/zielone-migdaly.pl\/#\/schema\/logo\/image\/\",\"url\":\"https:\/\/zielone-migdaly.pl\/wp-content\/uploads\/2021\/11\/Zielone-Migdaly-Logo-WEB-2.png\",\"contentUrl\":\"https:\/\/zielone-migdaly.pl\/wp-content\/uploads\/2021\/11\/Zielone-Migdaly-Logo-WEB-2.png\",\"width\":500,\"height\":190,\"caption\":\"Zielone Migda\u0142y\"},\"image\":{\"@id\":\"https:\/\/zielone-migdaly.pl\/#\/schema\/logo\/image\/\"},\"sameAs\":[\"https:\/\/www.facebook.com\/lubiezielonemigdaly\",\"https:\/\/www.instagram.com\/lubie_zielone_migdaly\/\"]}]}<\/script>\n<!-- \/ Yoast SEO plugin. -->","yoast_head_json":{"title":"Du\u017cy kryszta\u0142owy kosz - Zielone Migda\u0142y","description":"Du\u017cy kryszta\u0142owy kosz z pami\u0105tkowym napisem na boku.\u00a0D\u0142ugo\u015b\u0107 29,5cm, wysoko\u015b\u0107 26,5cm. Stan bardzo dobry, drobne rysy u\u017cytkowe.","robots":{"index":"index","follow":"follow","max-snippet":"max-snippet:-1","max-image-preview":"max-image-preview:large","max-video-preview":"max-video-preview:-1"},"canonical":"https:\/\/zielone-migdaly.pl\/index.php\/produkt\/duzy-krysztalowy-kosz\/","og_locale":"pl_PL","og_type":"article","og_title":"Du\u017cy kryszta\u0142owy kosz - Zielone Migda\u0142y","og_description":"Du\u017cy kryszta\u0142owy kosz z pami\u0105tkowym napisem na boku.\u00a0D\u0142ugo\u015b\u0107 29,5cm, wysoko\u015b\u0107 26,5cm. Stan bardzo dobry, drobne rysy u\u017cytkowe.","og_url":"https:\/\/zielone-migdaly.pl\/index.php\/produkt\/duzy-krysztalowy-kosz\/","og_site_name":"Zielone Migda\u0142y","article_publisher":"https:\/\/www.facebook.com\/lubiezielonemigdaly","og_image":[{"width":500,"height":750,"url":"https:\/\/zielone-migdaly.pl\/wp-content\/uploads\/2026\/03\/zielone-migdaly-07-0382.jpg","type":"image\/jpeg"}],"twitter_card":"summary_large_image","schema":{"@context":"https:\/\/schema.org","@graph":[{"@type":"WebPage","@id":"https:\/\/zielone-migdaly.pl\/index.php\/produkt\/duzy-krysztalowy-kosz\/","url":"https:\/\/zielone-migdaly.pl\/index.php\/produkt\/duzy-krysztalowy-kosz\/","name":"Du\u017cy kryszta\u0142owy kosz - Zielone Migda\u0142y","isPartOf":{"@id":"https:\/\/zielone-migdaly.pl\/#website"},"primaryImageOfPage":{"@id":"https:\/\/zielone-migdaly.pl\/index.php\/produkt\/duzy-krysztalowy-kosz\/#primaryimage"},"image":{"@id":"https:\/\/zielone-migdaly.pl\/index.php\/produkt\/duzy-krysztalowy-kosz\/#primaryimage"},"thumbnailUrl":"https:\/\/zielone-migdaly.pl\/wp-content\/uploads\/2026\/03\/zielone-migdaly-07-0382.jpg","datePublished":"2026-03-16T12:25:21+00:00","dateModified":"2026-03-16T12:25:21+00:00","description":"Du\u017cy kryszta\u0142owy kosz z pami\u0105tkowym napisem na boku.\u00a0D\u0142ugo\u015b\u0107 29,5cm, wysoko\u015b\u0107 26,5cm. Stan bardzo dobry, drobne rysy u\u017cytkowe.","breadcrumb":{"@id":"https:\/\/zielone-migdaly.pl\/index.php\/produkt\/duzy-krysztalowy-kosz\/#breadcrumb"},"inLanguage":"pl-PL","potentialAction":[{"@type":"ReadAction","target":["https:\/\/zielone-migdaly.pl\/index.php\/produkt\/duzy-krysztalowy-kosz\/"]}]},{"@type":"ImageObject","inLanguage":"pl-PL","@id":"https:\/\/zielone-migdaly.pl\/index.php\/produkt\/duzy-krysztalowy-kosz\/#primaryimage","url":"https:\/\/zielone-migdaly.pl\/wp-content\/uploads\/2026\/03\/zielone-migdaly-07-0382.jpg","contentUrl":"https:\/\/zielone-migdaly.pl\/wp-content\/uploads\/2026\/03\/zielone-migdaly-07-0382.jpg","width":500,"height":750},{"@type":"BreadcrumbList","@id":"https:\/\/zielone-migdaly.pl\/index.php\/produkt\/duzy-krysztalowy-kosz\/#breadcrumb","itemListElement":[{"@type":"ListItem","position":1,"name":"Strona g\u0142\u00f3wna","item":"https:\/\/zielone-migdaly.pl\/"},{"@type":"ListItem","position":2,"name":"Sklep","item":"https:\/\/zielone-migdaly.pl\/index.php\/sklep\/"},{"@type":"ListItem","position":3,"name":"Du\u017cy kryszta\u0142owy kosz"}]},{"@type":"WebSite","@id":"https:\/\/zielone-migdaly.pl\/#website","url":"https:\/\/zielone-migdaly.pl\/","name":"Zielone Migda\u0142y","description":"Sklep Vintage","publisher":{"@id":"https:\/\/zielone-migdaly.pl\/#organization"},"potentialAction":[{"@type":"SearchAction","target":{"@type":"EntryPoint","urlTemplate":"https:\/\/zielone-migdaly.pl\/?s={search_term_string}"},"query-input":"required name=search_term_string"}],"inLanguage":"pl-PL"},{"@type":"Organization","@id":"https:\/\/zielone-migdaly.pl\/#organization","name":"Zielone Migda\u0142y","url":"https:\/\/zielone-migdaly.pl\/","logo":{"@type":"ImageObject","inLanguage":"pl-PL","@id":"https:\/\/zielone-migdaly.pl\/#\/schema\/logo\/image\/","url":"https:\/\/zielone-migdaly.pl\/wp-content\/uploads\/2021\/11\/Zielone-Migdaly-Logo-WEB-2.png","contentUrl":"https:\/\/zielone-migdaly.pl\/wp-content\/uploads\/2021\/11\/Zielone-Migdaly-Logo-WEB-2.png","width":500,"height":190,"caption":"Zielone Migda\u0142y"},"image":{"@id":"https:\/\/zielone-migdaly.pl\/#\/schema\/logo\/image\/"},"sameAs":["https:\/\/www.facebook.com\/lubiezielonemigdaly","https:\/\/www.instagram.com\/lubie_zielone_migdaly\/"]}]}},"_links":{"self":[{"href":"https:\/\/zielone-migdaly.pl\/index.php\/wp-json\/wp\/v2\/product\/22840"}],"collection":[{"href":"https:\/\/zielone-migdaly.pl\/index.php\/wp-json\/wp\/v2\/product"}],"about":[{"href":"https:\/\/zielone-migdaly.pl\/index.php\/wp-json\/wp\/v2\/types\/product"}],"wp:featuredmedia":[{"embeddable":true,"href":"https:\/\/zielone-migdaly.pl\/index.php\/wp-json\/wp\/v2\/media\/22833"}],"wp:attachment":[{"href":"https:\/\/zielone-migdaly.pl\/index.php\/wp-json\/wp\/v2\/media?parent=22840"}],"wp:term":[{"taxonomy":"product_cat","embeddable":true,"href":"https:\/\/zielone-migdaly.pl\/index.php\/wp-json\/wp\/v2\/product_cat?post=22840"},{"taxonomy":"product_tag","embeddable":true,"href":"https:\/\/zielone-migdaly.pl\/index.php\/wp-json\/wp\/v2\/product_tag?post=22840"}],"curies":[{"name":"wp","href":"https:\/\/api.w.org\/{rel}","templated":true}]}}