{"id":23094,"date":"2026-03-26T12:11:12","date_gmt":"2026-03-26T11:11:12","guid":{"rendered":"https:\/\/zielone-migdaly.pl\/?post_type=product&#038;p=23094"},"modified":"2026-03-26T12:10:29","modified_gmt":"2026-03-26T11:10:29","slug":"puszka-po-napoju-kakaowym-choco-express-hanka","status":"publish","type":"product","link":"https:\/\/zielone-migdaly.pl\/index.php\/produkt\/puszka-po-napoju-kakaowym-choco-express-hanka\/","title":{"rendered":"Puszka po napoju kakaowym Choco Express &#8211; Hanka"},"content":{"rendered":"<p class=\"desc-p\">Puszka po napoju kakaowym Choco Expres pochodz\u0105ca ze \u015al\u0105skich Zak\u0142ad\u00f3w Przemys\u0142u Cukierniczego &#8221;Hanka&#8221; w Siemianowicach \u015al\u0105skich.<\/p>\n<p><span data-sheets-root=\"1\">Wysoko\u015b\u0107 15,5cm. <\/span><\/p>\n<p><span data-sheets-root=\"1\">Stan dobry, drobne ryski, zabrudzenia.<\/span><\/p>\n<p>Cena dotyczy jednej sztuki.<\/p>\n","protected":false},"excerpt":{"rendered":"<p>Puszka po napoju kakaowym Choco Expres pochodz\u0105ca ze \u015al\u0105skich Zak\u0142ad\u00f3w Przemys\u0142u Cukierniczego &#8221;Hanka&#8221; w Siemianowicach \u015al\u0105skich. Wysoko\u015b\u0107 15,5cm. Stan dobry, drobne ryski, zabrudzenia. Cena dotyczy jednej sztuki.<\/p>\n","protected":false},"featured_media":23066,"template":"","meta":[],"product_cat":[1221],"product_tag":[2102,2099,2100,241,426,2103,281,2101],"yoast_head":"<!-- This site is optimized with the Yoast SEO plugin v23.0 - https:\/\/yoast.com\/wordpress\/plugins\/seo\/ -->\n<title>Puszka po napoju kakaowym Choco Express - Hanka - Zielone Migda\u0142y<\/title>\n<meta name=\"description\" content=\"Puszka po napoju kakaowym Choco Expres pochodz\u0105ca ze \u015al\u0105skich Zak\u0142ad\u00f3w Przemys\u0142u Cukierniczego &#039;&#039;Hanka&#039;&#039; w Siemianowicach \u015al\u0105skich. Wysoko\u015b\u0107 15,5cm. Stan dobry, drobne ryski, zabrudzenia.\" \/>\n<meta name=\"robots\" content=\"index, follow, max-snippet:-1, max-image-preview:large, max-video-preview:-1\" \/>\n<link rel=\"canonical\" href=\"https:\/\/zielone-migdaly.pl\/index.php\/produkt\/puszka-po-napoju-kakaowym-choco-express-hanka\/\" \/>\n<meta property=\"og:locale\" content=\"pl_PL\" \/>\n<meta property=\"og:type\" content=\"article\" \/>\n<meta property=\"og:title\" content=\"Puszka po napoju kakaowym Choco Express - Hanka - Zielone Migda\u0142y\" \/>\n<meta property=\"og:description\" content=\"Puszka po napoju kakaowym Choco Expres pochodz\u0105ca ze \u015al\u0105skich Zak\u0142ad\u00f3w Przemys\u0142u Cukierniczego &#039;&#039;Hanka&#039;&#039; w Siemianowicach \u015al\u0105skich. Wysoko\u015b\u0107 15,5cm. Stan dobry, drobne ryski, zabrudzenia.\" \/>\n<meta property=\"og:url\" content=\"https:\/\/zielone-migdaly.pl\/index.php\/produkt\/puszka-po-napoju-kakaowym-choco-express-hanka\/\" \/>\n<meta property=\"og:site_name\" content=\"Zielone Migda\u0142y\" \/>\n<meta property=\"article:publisher\" content=\"https:\/\/www.facebook.com\/lubiezielonemigdaly\" \/>\n<meta property=\"article:modified_time\" content=\"2026-03-26T11:10:29+00:00\" \/>\n<meta property=\"og:image\" content=\"https:\/\/zielone-migdaly.pl\/wp-content\/uploads\/2026\/03\/zielone-migdaly-07-1023.jpg\" \/>\n\t<meta property=\"og:image:width\" content=\"500\" \/>\n\t<meta property=\"og:image:height\" content=\"750\" \/>\n\t<meta property=\"og:image:type\" content=\"image\/jpeg\" \/>\n<meta name=\"twitter:card\" content=\"summary_large_image\" \/>\n<script type=\"application\/ld+json\" class=\"yoast-schema-graph\">{\"@context\":\"https:\/\/schema.org\",\"@graph\":[{\"@type\":\"WebPage\",\"@id\":\"https:\/\/zielone-migdaly.pl\/index.php\/produkt\/puszka-po-napoju-kakaowym-choco-express-hanka\/\",\"url\":\"https:\/\/zielone-migdaly.pl\/index.php\/produkt\/puszka-po-napoju-kakaowym-choco-express-hanka\/\",\"name\":\"Puszka po napoju kakaowym Choco Express - Hanka - Zielone Migda\u0142y\",\"isPartOf\":{\"@id\":\"https:\/\/zielone-migdaly.pl\/#website\"},\"primaryImageOfPage\":{\"@id\":\"https:\/\/zielone-migdaly.pl\/index.php\/produkt\/puszka-po-napoju-kakaowym-choco-express-hanka\/#primaryimage\"},\"image\":{\"@id\":\"https:\/\/zielone-migdaly.pl\/index.php\/produkt\/puszka-po-napoju-kakaowym-choco-express-hanka\/#primaryimage\"},\"thumbnailUrl\":\"https:\/\/zielone-migdaly.pl\/wp-content\/uploads\/2026\/03\/zielone-migdaly-07-1023.jpg\",\"datePublished\":\"2026-03-26T11:11:12+00:00\",\"dateModified\":\"2026-03-26T11:10:29+00:00\",\"description\":\"Puszka po napoju kakaowym Choco Expres pochodz\u0105ca ze \u015al\u0105skich Zak\u0142ad\u00f3w Przemys\u0142u Cukierniczego ''Hanka'' w Siemianowicach \u015al\u0105skich. Wysoko\u015b\u0107 15,5cm. Stan dobry, drobne ryski, zabrudzenia.\",\"breadcrumb\":{\"@id\":\"https:\/\/zielone-migdaly.pl\/index.php\/produkt\/puszka-po-napoju-kakaowym-choco-express-hanka\/#breadcrumb\"},\"inLanguage\":\"pl-PL\",\"potentialAction\":[{\"@type\":\"ReadAction\",\"target\":[\"https:\/\/zielone-migdaly.pl\/index.php\/produkt\/puszka-po-napoju-kakaowym-choco-express-hanka\/\"]}]},{\"@type\":\"ImageObject\",\"inLanguage\":\"pl-PL\",\"@id\":\"https:\/\/zielone-migdaly.pl\/index.php\/produkt\/puszka-po-napoju-kakaowym-choco-express-hanka\/#primaryimage\",\"url\":\"https:\/\/zielone-migdaly.pl\/wp-content\/uploads\/2026\/03\/zielone-migdaly-07-1023.jpg\",\"contentUrl\":\"https:\/\/zielone-migdaly.pl\/wp-content\/uploads\/2026\/03\/zielone-migdaly-07-1023.jpg\",\"width\":500,\"height\":750},{\"@type\":\"BreadcrumbList\",\"@id\":\"https:\/\/zielone-migdaly.pl\/index.php\/produkt\/puszka-po-napoju-kakaowym-choco-express-hanka\/#breadcrumb\",\"itemListElement\":[{\"@type\":\"ListItem\",\"position\":1,\"name\":\"Strona g\u0142\u00f3wna\",\"item\":\"https:\/\/zielone-migdaly.pl\/\"},{\"@type\":\"ListItem\",\"position\":2,\"name\":\"Sklep\",\"item\":\"https:\/\/zielone-migdaly.pl\/index.php\/sklep\/\"},{\"@type\":\"ListItem\",\"position\":3,\"name\":\"Puszka po napoju kakaowym Choco Express &#8211; Hanka\"}]},{\"@type\":\"WebSite\",\"@id\":\"https:\/\/zielone-migdaly.pl\/#website\",\"url\":\"https:\/\/zielone-migdaly.pl\/\",\"name\":\"Zielone Migda\u0142y\",\"description\":\"Sklep Vintage\",\"publisher\":{\"@id\":\"https:\/\/zielone-migdaly.pl\/#organization\"},\"potentialAction\":[{\"@type\":\"SearchAction\",\"target\":{\"@type\":\"EntryPoint\",\"urlTemplate\":\"https:\/\/zielone-migdaly.pl\/?s={search_term_string}\"},\"query-input\":\"required name=search_term_string\"}],\"inLanguage\":\"pl-PL\"},{\"@type\":\"Organization\",\"@id\":\"https:\/\/zielone-migdaly.pl\/#organization\",\"name\":\"Zielone Migda\u0142y\",\"url\":\"https:\/\/zielone-migdaly.pl\/\",\"logo\":{\"@type\":\"ImageObject\",\"inLanguage\":\"pl-PL\",\"@id\":\"https:\/\/zielone-migdaly.pl\/#\/schema\/logo\/image\/\",\"url\":\"https:\/\/zielone-migdaly.pl\/wp-content\/uploads\/2021\/11\/Zielone-Migdaly-Logo-WEB-2.png\",\"contentUrl\":\"https:\/\/zielone-migdaly.pl\/wp-content\/uploads\/2021\/11\/Zielone-Migdaly-Logo-WEB-2.png\",\"width\":500,\"height\":190,\"caption\":\"Zielone Migda\u0142y\"},\"image\":{\"@id\":\"https:\/\/zielone-migdaly.pl\/#\/schema\/logo\/image\/\"},\"sameAs\":[\"https:\/\/www.facebook.com\/lubiezielonemigdaly\",\"https:\/\/www.instagram.com\/lubie_zielone_migdaly\/\"]}]}<\/script>\n<!-- \/ Yoast SEO plugin. -->","yoast_head_json":{"title":"Puszka po napoju kakaowym Choco Express - Hanka - Zielone Migda\u0142y","description":"Puszka po napoju kakaowym Choco Expres pochodz\u0105ca ze \u015al\u0105skich Zak\u0142ad\u00f3w Przemys\u0142u Cukierniczego ''Hanka'' w Siemianowicach \u015al\u0105skich. Wysoko\u015b\u0107 15,5cm. Stan dobry, drobne ryski, zabrudzenia.","robots":{"index":"index","follow":"follow","max-snippet":"max-snippet:-1","max-image-preview":"max-image-preview:large","max-video-preview":"max-video-preview:-1"},"canonical":"https:\/\/zielone-migdaly.pl\/index.php\/produkt\/puszka-po-napoju-kakaowym-choco-express-hanka\/","og_locale":"pl_PL","og_type":"article","og_title":"Puszka po napoju kakaowym Choco Express - Hanka - Zielone Migda\u0142y","og_description":"Puszka po napoju kakaowym Choco Expres pochodz\u0105ca ze \u015al\u0105skich Zak\u0142ad\u00f3w Przemys\u0142u Cukierniczego ''Hanka'' w Siemianowicach \u015al\u0105skich. Wysoko\u015b\u0107 15,5cm. Stan dobry, drobne ryski, zabrudzenia.","og_url":"https:\/\/zielone-migdaly.pl\/index.php\/produkt\/puszka-po-napoju-kakaowym-choco-express-hanka\/","og_site_name":"Zielone Migda\u0142y","article_publisher":"https:\/\/www.facebook.com\/lubiezielonemigdaly","article_modified_time":"2026-03-26T11:10:29+00:00","og_image":[{"width":500,"height":750,"url":"https:\/\/zielone-migdaly.pl\/wp-content\/uploads\/2026\/03\/zielone-migdaly-07-1023.jpg","type":"image\/jpeg"}],"twitter_card":"summary_large_image","schema":{"@context":"https:\/\/schema.org","@graph":[{"@type":"WebPage","@id":"https:\/\/zielone-migdaly.pl\/index.php\/produkt\/puszka-po-napoju-kakaowym-choco-express-hanka\/","url":"https:\/\/zielone-migdaly.pl\/index.php\/produkt\/puszka-po-napoju-kakaowym-choco-express-hanka\/","name":"Puszka po napoju kakaowym Choco Express - Hanka - Zielone Migda\u0142y","isPartOf":{"@id":"https:\/\/zielone-migdaly.pl\/#website"},"primaryImageOfPage":{"@id":"https:\/\/zielone-migdaly.pl\/index.php\/produkt\/puszka-po-napoju-kakaowym-choco-express-hanka\/#primaryimage"},"image":{"@id":"https:\/\/zielone-migdaly.pl\/index.php\/produkt\/puszka-po-napoju-kakaowym-choco-express-hanka\/#primaryimage"},"thumbnailUrl":"https:\/\/zielone-migdaly.pl\/wp-content\/uploads\/2026\/03\/zielone-migdaly-07-1023.jpg","datePublished":"2026-03-26T11:11:12+00:00","dateModified":"2026-03-26T11:10:29+00:00","description":"Puszka po napoju kakaowym Choco Expres pochodz\u0105ca ze \u015al\u0105skich Zak\u0142ad\u00f3w Przemys\u0142u Cukierniczego ''Hanka'' w Siemianowicach \u015al\u0105skich. Wysoko\u015b\u0107 15,5cm. Stan dobry, drobne ryski, zabrudzenia.","breadcrumb":{"@id":"https:\/\/zielone-migdaly.pl\/index.php\/produkt\/puszka-po-napoju-kakaowym-choco-express-hanka\/#breadcrumb"},"inLanguage":"pl-PL","potentialAction":[{"@type":"ReadAction","target":["https:\/\/zielone-migdaly.pl\/index.php\/produkt\/puszka-po-napoju-kakaowym-choco-express-hanka\/"]}]},{"@type":"ImageObject","inLanguage":"pl-PL","@id":"https:\/\/zielone-migdaly.pl\/index.php\/produkt\/puszka-po-napoju-kakaowym-choco-express-hanka\/#primaryimage","url":"https:\/\/zielone-migdaly.pl\/wp-content\/uploads\/2026\/03\/zielone-migdaly-07-1023.jpg","contentUrl":"https:\/\/zielone-migdaly.pl\/wp-content\/uploads\/2026\/03\/zielone-migdaly-07-1023.jpg","width":500,"height":750},{"@type":"BreadcrumbList","@id":"https:\/\/zielone-migdaly.pl\/index.php\/produkt\/puszka-po-napoju-kakaowym-choco-express-hanka\/#breadcrumb","itemListElement":[{"@type":"ListItem","position":1,"name":"Strona g\u0142\u00f3wna","item":"https:\/\/zielone-migdaly.pl\/"},{"@type":"ListItem","position":2,"name":"Sklep","item":"https:\/\/zielone-migdaly.pl\/index.php\/sklep\/"},{"@type":"ListItem","position":3,"name":"Puszka po napoju kakaowym Choco Express &#8211; Hanka"}]},{"@type":"WebSite","@id":"https:\/\/zielone-migdaly.pl\/#website","url":"https:\/\/zielone-migdaly.pl\/","name":"Zielone Migda\u0142y","description":"Sklep Vintage","publisher":{"@id":"https:\/\/zielone-migdaly.pl\/#organization"},"potentialAction":[{"@type":"SearchAction","target":{"@type":"EntryPoint","urlTemplate":"https:\/\/zielone-migdaly.pl\/?s={search_term_string}"},"query-input":"required name=search_term_string"}],"inLanguage":"pl-PL"},{"@type":"Organization","@id":"https:\/\/zielone-migdaly.pl\/#organization","name":"Zielone Migda\u0142y","url":"https:\/\/zielone-migdaly.pl\/","logo":{"@type":"ImageObject","inLanguage":"pl-PL","@id":"https:\/\/zielone-migdaly.pl\/#\/schema\/logo\/image\/","url":"https:\/\/zielone-migdaly.pl\/wp-content\/uploads\/2021\/11\/Zielone-Migdaly-Logo-WEB-2.png","contentUrl":"https:\/\/zielone-migdaly.pl\/wp-content\/uploads\/2021\/11\/Zielone-Migdaly-Logo-WEB-2.png","width":500,"height":190,"caption":"Zielone Migda\u0142y"},"image":{"@id":"https:\/\/zielone-migdaly.pl\/#\/schema\/logo\/image\/"},"sameAs":["https:\/\/www.facebook.com\/lubiezielonemigdaly","https:\/\/www.instagram.com\/lubie_zielone_migdaly\/"]}]}},"_links":{"self":[{"href":"https:\/\/zielone-migdaly.pl\/index.php\/wp-json\/wp\/v2\/product\/23094"}],"collection":[{"href":"https:\/\/zielone-migdaly.pl\/index.php\/wp-json\/wp\/v2\/product"}],"about":[{"href":"https:\/\/zielone-migdaly.pl\/index.php\/wp-json\/wp\/v2\/types\/product"}],"wp:featuredmedia":[{"embeddable":true,"href":"https:\/\/zielone-migdaly.pl\/index.php\/wp-json\/wp\/v2\/media\/23066"}],"wp:attachment":[{"href":"https:\/\/zielone-migdaly.pl\/index.php\/wp-json\/wp\/v2\/media?parent=23094"}],"wp:term":[{"taxonomy":"product_cat","embeddable":true,"href":"https:\/\/zielone-migdaly.pl\/index.php\/wp-json\/wp\/v2\/product_cat?post=23094"},{"taxonomy":"product_tag","embeddable":true,"href":"https:\/\/zielone-migdaly.pl\/index.php\/wp-json\/wp\/v2\/product_tag?post=23094"}],"curies":[{"name":"wp","href":"https:\/\/api.w.org\/{rel}","templated":true}]}}