{"id":23287,"date":"2026-04-09T13:15:45","date_gmt":"2026-04-09T11:15:45","guid":{"rendered":"https:\/\/zielone-migdaly.pl\/?post_type=product&#038;p=23287"},"modified":"2026-04-09T13:18:14","modified_gmt":"2026-04-09T11:18:14","slug":"porcelanowe-trio-z-niebieska-kratka-seltmann-weiden","status":"publish","type":"product","link":"https:\/\/zielone-migdaly.pl\/index.php\/produkt\/porcelanowe-trio-z-niebieska-kratka-seltmann-weiden\/","title":{"rendered":"Porcelanowe trio z niebiesk\u0105 kratk\u0105 &#8211; Seltmann Weiden"},"content":{"rendered":"<p>Porcelanowe trio z niebiesk\u0105 kratk\u0105 wykonane przez firm\u0119 Seltmann Weiden.<\/p>\n<p><span data-sheets-root=\"1\">\u015arednica fili\u017canki 9,5cm, wysoko\u015b\u0107 5,5cm, \u015brednica spodka 14,5cm, talerzyka 19,5cm. <\/span><\/p>\n<p><span data-sheets-root=\"1\">Stan bardzo dobry, drobne ryski u\u017cytkowe, na dw\u00f3ch fili\u017cankach drobne zabrudzenia, na jednej mikroubytek szkliwa jak uk\u0142ucie szpilk\u0105.<\/span><\/p>\n<p>Cena dotyczy jednego zestawu [fili\u017canka + spodek + talerzyk].<\/p>\n","protected":false},"excerpt":{"rendered":"<p>Porcelanowe trio z niebiesk\u0105 kratk\u0105 wykonane przez firm\u0119 Seltmann Weiden. \u015arednica fili\u017canki 9,5cm, wysoko\u015b\u0107 5,5cm, \u015brednica spodka 14,5cm, talerzyka 19,5cm. Stan bardzo dobry, drobne ryski u\u017cytkowe, na dw\u00f3ch fili\u017cankach drobne zabrudzenia, na jednej mikroubytek szkliwa jak uk\u0142ucie szpilk\u0105. Cena dotyczy jednego zestawu [fili\u017canka + spodek + talerzyk].<\/p>\n","protected":false},"featured_media":23249,"template":"","meta":[],"product_cat":[55],"product_tag":[328,96,104,305,123,76,1667,1666,982,276,981],"yoast_head":"<!-- This site is optimized with the Yoast SEO plugin v23.0 - https:\/\/yoast.com\/wordpress\/plugins\/seo\/ -->\n<title>Porcelanowe trio z niebiesk\u0105 kratk\u0105 - Seltmann Weiden - Zielone Migda\u0142y<\/title>\n<meta name=\"description\" content=\"Porcelanowe trio z niebiesk\u0105 kratk\u0105 wykonane przez firm\u0119 Seltmann Weiden.\u00a0\u015arednica fili\u017canki 9,5cm, wysoko\u015b\u0107 5,5cm, \u015brednica spodka 14,5cm, talerzyka 19,5cm. Stan bardzo dobry.\" \/>\n<meta name=\"robots\" content=\"index, follow, max-snippet:-1, max-image-preview:large, max-video-preview:-1\" \/>\n<link rel=\"canonical\" href=\"https:\/\/zielone-migdaly.pl\/index.php\/produkt\/porcelanowe-trio-z-niebieska-kratka-seltmann-weiden\/\" \/>\n<meta property=\"og:locale\" content=\"pl_PL\" \/>\n<meta property=\"og:type\" content=\"article\" \/>\n<meta property=\"og:title\" content=\"Porcelanowe trio z niebiesk\u0105 kratk\u0105 - Seltmann Weiden - Zielone Migda\u0142y\" \/>\n<meta property=\"og:description\" content=\"Porcelanowe trio z niebiesk\u0105 kratk\u0105 wykonane przez firm\u0119 Seltmann Weiden.\u00a0\u015arednica fili\u017canki 9,5cm, wysoko\u015b\u0107 5,5cm, \u015brednica spodka 14,5cm, talerzyka 19,5cm. Stan bardzo dobry.\" \/>\n<meta property=\"og:url\" content=\"https:\/\/zielone-migdaly.pl\/index.php\/produkt\/porcelanowe-trio-z-niebieska-kratka-seltmann-weiden\/\" \/>\n<meta property=\"og:site_name\" content=\"Zielone Migda\u0142y\" \/>\n<meta property=\"article:publisher\" content=\"https:\/\/www.facebook.com\/lubiezielonemigdaly\" \/>\n<meta property=\"article:modified_time\" content=\"2026-04-09T11:18:14+00:00\" \/>\n<meta property=\"og:image\" content=\"https:\/\/zielone-migdaly.pl\/wp-content\/uploads\/2026\/03\/zielone-migdaly-07-1122.jpg\" \/>\n\t<meta property=\"og:image:width\" content=\"500\" \/>\n\t<meta property=\"og:image:height\" content=\"750\" \/>\n\t<meta property=\"og:image:type\" content=\"image\/jpeg\" \/>\n<meta name=\"twitter:card\" content=\"summary_large_image\" \/>\n<script type=\"application\/ld+json\" class=\"yoast-schema-graph\">{\"@context\":\"https:\/\/schema.org\",\"@graph\":[{\"@type\":\"WebPage\",\"@id\":\"https:\/\/zielone-migdaly.pl\/index.php\/produkt\/porcelanowe-trio-z-niebieska-kratka-seltmann-weiden\/\",\"url\":\"https:\/\/zielone-migdaly.pl\/index.php\/produkt\/porcelanowe-trio-z-niebieska-kratka-seltmann-weiden\/\",\"name\":\"Porcelanowe trio z niebiesk\u0105 kratk\u0105 - Seltmann Weiden - Zielone Migda\u0142y\",\"isPartOf\":{\"@id\":\"https:\/\/zielone-migdaly.pl\/#website\"},\"primaryImageOfPage\":{\"@id\":\"https:\/\/zielone-migdaly.pl\/index.php\/produkt\/porcelanowe-trio-z-niebieska-kratka-seltmann-weiden\/#primaryimage\"},\"image\":{\"@id\":\"https:\/\/zielone-migdaly.pl\/index.php\/produkt\/porcelanowe-trio-z-niebieska-kratka-seltmann-weiden\/#primaryimage\"},\"thumbnailUrl\":\"https:\/\/zielone-migdaly.pl\/wp-content\/uploads\/2026\/03\/zielone-migdaly-07-1122.jpg\",\"datePublished\":\"2026-04-09T11:15:45+00:00\",\"dateModified\":\"2026-04-09T11:18:14+00:00\",\"description\":\"Porcelanowe trio z niebiesk\u0105 kratk\u0105 wykonane przez firm\u0119 Seltmann Weiden.\u00a0\u015arednica fili\u017canki 9,5cm, wysoko\u015b\u0107 5,5cm, \u015brednica spodka 14,5cm, talerzyka 19,5cm. Stan bardzo dobry.\",\"breadcrumb\":{\"@id\":\"https:\/\/zielone-migdaly.pl\/index.php\/produkt\/porcelanowe-trio-z-niebieska-kratka-seltmann-weiden\/#breadcrumb\"},\"inLanguage\":\"pl-PL\",\"potentialAction\":[{\"@type\":\"ReadAction\",\"target\":[\"https:\/\/zielone-migdaly.pl\/index.php\/produkt\/porcelanowe-trio-z-niebieska-kratka-seltmann-weiden\/\"]}]},{\"@type\":\"ImageObject\",\"inLanguage\":\"pl-PL\",\"@id\":\"https:\/\/zielone-migdaly.pl\/index.php\/produkt\/porcelanowe-trio-z-niebieska-kratka-seltmann-weiden\/#primaryimage\",\"url\":\"https:\/\/zielone-migdaly.pl\/wp-content\/uploads\/2026\/03\/zielone-migdaly-07-1122.jpg\",\"contentUrl\":\"https:\/\/zielone-migdaly.pl\/wp-content\/uploads\/2026\/03\/zielone-migdaly-07-1122.jpg\",\"width\":500,\"height\":750},{\"@type\":\"BreadcrumbList\",\"@id\":\"https:\/\/zielone-migdaly.pl\/index.php\/produkt\/porcelanowe-trio-z-niebieska-kratka-seltmann-weiden\/#breadcrumb\",\"itemListElement\":[{\"@type\":\"ListItem\",\"position\":1,\"name\":\"Strona g\u0142\u00f3wna\",\"item\":\"https:\/\/zielone-migdaly.pl\/\"},{\"@type\":\"ListItem\",\"position\":2,\"name\":\"Sklep\",\"item\":\"https:\/\/zielone-migdaly.pl\/index.php\/sklep\/\"},{\"@type\":\"ListItem\",\"position\":3,\"name\":\"Porcelanowe trio z niebiesk\u0105 kratk\u0105 &#8211; Seltmann Weiden\"}]},{\"@type\":\"WebSite\",\"@id\":\"https:\/\/zielone-migdaly.pl\/#website\",\"url\":\"https:\/\/zielone-migdaly.pl\/\",\"name\":\"Zielone Migda\u0142y\",\"description\":\"Sklep Vintage\",\"publisher\":{\"@id\":\"https:\/\/zielone-migdaly.pl\/#organization\"},\"potentialAction\":[{\"@type\":\"SearchAction\",\"target\":{\"@type\":\"EntryPoint\",\"urlTemplate\":\"https:\/\/zielone-migdaly.pl\/?s={search_term_string}\"},\"query-input\":\"required name=search_term_string\"}],\"inLanguage\":\"pl-PL\"},{\"@type\":\"Organization\",\"@id\":\"https:\/\/zielone-migdaly.pl\/#organization\",\"name\":\"Zielone Migda\u0142y\",\"url\":\"https:\/\/zielone-migdaly.pl\/\",\"logo\":{\"@type\":\"ImageObject\",\"inLanguage\":\"pl-PL\",\"@id\":\"https:\/\/zielone-migdaly.pl\/#\/schema\/logo\/image\/\",\"url\":\"https:\/\/zielone-migdaly.pl\/wp-content\/uploads\/2021\/11\/Zielone-Migdaly-Logo-WEB-2.png\",\"contentUrl\":\"https:\/\/zielone-migdaly.pl\/wp-content\/uploads\/2021\/11\/Zielone-Migdaly-Logo-WEB-2.png\",\"width\":500,\"height\":190,\"caption\":\"Zielone Migda\u0142y\"},\"image\":{\"@id\":\"https:\/\/zielone-migdaly.pl\/#\/schema\/logo\/image\/\"},\"sameAs\":[\"https:\/\/www.facebook.com\/lubiezielonemigdaly\",\"https:\/\/www.instagram.com\/lubie_zielone_migdaly\/\"]}]}<\/script>\n<!-- \/ Yoast SEO plugin. -->","yoast_head_json":{"title":"Porcelanowe trio z niebiesk\u0105 kratk\u0105 - Seltmann Weiden - Zielone Migda\u0142y","description":"Porcelanowe trio z niebiesk\u0105 kratk\u0105 wykonane przez firm\u0119 Seltmann Weiden.\u00a0\u015arednica fili\u017canki 9,5cm, wysoko\u015b\u0107 5,5cm, \u015brednica spodka 14,5cm, talerzyka 19,5cm. Stan bardzo dobry.","robots":{"index":"index","follow":"follow","max-snippet":"max-snippet:-1","max-image-preview":"max-image-preview:large","max-video-preview":"max-video-preview:-1"},"canonical":"https:\/\/zielone-migdaly.pl\/index.php\/produkt\/porcelanowe-trio-z-niebieska-kratka-seltmann-weiden\/","og_locale":"pl_PL","og_type":"article","og_title":"Porcelanowe trio z niebiesk\u0105 kratk\u0105 - Seltmann Weiden - Zielone Migda\u0142y","og_description":"Porcelanowe trio z niebiesk\u0105 kratk\u0105 wykonane przez firm\u0119 Seltmann Weiden.\u00a0\u015arednica fili\u017canki 9,5cm, wysoko\u015b\u0107 5,5cm, \u015brednica spodka 14,5cm, talerzyka 19,5cm. Stan bardzo dobry.","og_url":"https:\/\/zielone-migdaly.pl\/index.php\/produkt\/porcelanowe-trio-z-niebieska-kratka-seltmann-weiden\/","og_site_name":"Zielone Migda\u0142y","article_publisher":"https:\/\/www.facebook.com\/lubiezielonemigdaly","article_modified_time":"2026-04-09T11:18:14+00:00","og_image":[{"width":500,"height":750,"url":"https:\/\/zielone-migdaly.pl\/wp-content\/uploads\/2026\/03\/zielone-migdaly-07-1122.jpg","type":"image\/jpeg"}],"twitter_card":"summary_large_image","schema":{"@context":"https:\/\/schema.org","@graph":[{"@type":"WebPage","@id":"https:\/\/zielone-migdaly.pl\/index.php\/produkt\/porcelanowe-trio-z-niebieska-kratka-seltmann-weiden\/","url":"https:\/\/zielone-migdaly.pl\/index.php\/produkt\/porcelanowe-trio-z-niebieska-kratka-seltmann-weiden\/","name":"Porcelanowe trio z niebiesk\u0105 kratk\u0105 - Seltmann Weiden - Zielone Migda\u0142y","isPartOf":{"@id":"https:\/\/zielone-migdaly.pl\/#website"},"primaryImageOfPage":{"@id":"https:\/\/zielone-migdaly.pl\/index.php\/produkt\/porcelanowe-trio-z-niebieska-kratka-seltmann-weiden\/#primaryimage"},"image":{"@id":"https:\/\/zielone-migdaly.pl\/index.php\/produkt\/porcelanowe-trio-z-niebieska-kratka-seltmann-weiden\/#primaryimage"},"thumbnailUrl":"https:\/\/zielone-migdaly.pl\/wp-content\/uploads\/2026\/03\/zielone-migdaly-07-1122.jpg","datePublished":"2026-04-09T11:15:45+00:00","dateModified":"2026-04-09T11:18:14+00:00","description":"Porcelanowe trio z niebiesk\u0105 kratk\u0105 wykonane przez firm\u0119 Seltmann Weiden.\u00a0\u015arednica fili\u017canki 9,5cm, wysoko\u015b\u0107 5,5cm, \u015brednica spodka 14,5cm, talerzyka 19,5cm. Stan bardzo dobry.","breadcrumb":{"@id":"https:\/\/zielone-migdaly.pl\/index.php\/produkt\/porcelanowe-trio-z-niebieska-kratka-seltmann-weiden\/#breadcrumb"},"inLanguage":"pl-PL","potentialAction":[{"@type":"ReadAction","target":["https:\/\/zielone-migdaly.pl\/index.php\/produkt\/porcelanowe-trio-z-niebieska-kratka-seltmann-weiden\/"]}]},{"@type":"ImageObject","inLanguage":"pl-PL","@id":"https:\/\/zielone-migdaly.pl\/index.php\/produkt\/porcelanowe-trio-z-niebieska-kratka-seltmann-weiden\/#primaryimage","url":"https:\/\/zielone-migdaly.pl\/wp-content\/uploads\/2026\/03\/zielone-migdaly-07-1122.jpg","contentUrl":"https:\/\/zielone-migdaly.pl\/wp-content\/uploads\/2026\/03\/zielone-migdaly-07-1122.jpg","width":500,"height":750},{"@type":"BreadcrumbList","@id":"https:\/\/zielone-migdaly.pl\/index.php\/produkt\/porcelanowe-trio-z-niebieska-kratka-seltmann-weiden\/#breadcrumb","itemListElement":[{"@type":"ListItem","position":1,"name":"Strona g\u0142\u00f3wna","item":"https:\/\/zielone-migdaly.pl\/"},{"@type":"ListItem","position":2,"name":"Sklep","item":"https:\/\/zielone-migdaly.pl\/index.php\/sklep\/"},{"@type":"ListItem","position":3,"name":"Porcelanowe trio z niebiesk\u0105 kratk\u0105 &#8211; Seltmann Weiden"}]},{"@type":"WebSite","@id":"https:\/\/zielone-migdaly.pl\/#website","url":"https:\/\/zielone-migdaly.pl\/","name":"Zielone Migda\u0142y","description":"Sklep Vintage","publisher":{"@id":"https:\/\/zielone-migdaly.pl\/#organization"},"potentialAction":[{"@type":"SearchAction","target":{"@type":"EntryPoint","urlTemplate":"https:\/\/zielone-migdaly.pl\/?s={search_term_string}"},"query-input":"required name=search_term_string"}],"inLanguage":"pl-PL"},{"@type":"Organization","@id":"https:\/\/zielone-migdaly.pl\/#organization","name":"Zielone Migda\u0142y","url":"https:\/\/zielone-migdaly.pl\/","logo":{"@type":"ImageObject","inLanguage":"pl-PL","@id":"https:\/\/zielone-migdaly.pl\/#\/schema\/logo\/image\/","url":"https:\/\/zielone-migdaly.pl\/wp-content\/uploads\/2021\/11\/Zielone-Migdaly-Logo-WEB-2.png","contentUrl":"https:\/\/zielone-migdaly.pl\/wp-content\/uploads\/2021\/11\/Zielone-Migdaly-Logo-WEB-2.png","width":500,"height":190,"caption":"Zielone Migda\u0142y"},"image":{"@id":"https:\/\/zielone-migdaly.pl\/#\/schema\/logo\/image\/"},"sameAs":["https:\/\/www.facebook.com\/lubiezielonemigdaly","https:\/\/www.instagram.com\/lubie_zielone_migdaly\/"]}]}},"_links":{"self":[{"href":"https:\/\/zielone-migdaly.pl\/index.php\/wp-json\/wp\/v2\/product\/23287"}],"collection":[{"href":"https:\/\/zielone-migdaly.pl\/index.php\/wp-json\/wp\/v2\/product"}],"about":[{"href":"https:\/\/zielone-migdaly.pl\/index.php\/wp-json\/wp\/v2\/types\/product"}],"wp:featuredmedia":[{"embeddable":true,"href":"https:\/\/zielone-migdaly.pl\/index.php\/wp-json\/wp\/v2\/media\/23249"}],"wp:attachment":[{"href":"https:\/\/zielone-migdaly.pl\/index.php\/wp-json\/wp\/v2\/media?parent=23287"}],"wp:term":[{"taxonomy":"product_cat","embeddable":true,"href":"https:\/\/zielone-migdaly.pl\/index.php\/wp-json\/wp\/v2\/product_cat?post=23287"},{"taxonomy":"product_tag","embeddable":true,"href":"https:\/\/zielone-migdaly.pl\/index.php\/wp-json\/wp\/v2\/product_tag?post=23287"}],"curies":[{"name":"wp","href":"https:\/\/api.w.org\/{rel}","templated":true}]}}