{"id":23333,"date":"2026-04-09T13:17:17","date_gmt":"2026-04-09T11:17:17","guid":{"rendered":"https:\/\/zielone-migdaly.pl\/?post_type=product&#038;p=23333"},"modified":"2026-04-09T13:17:18","modified_gmt":"2026-04-09T11:17:18","slug":"ceramiczny-kufel-karczma-piwna-1989-kwk-victoria","status":"publish","type":"product","link":"https:\/\/zielone-migdaly.pl\/index.php\/produkt\/ceramiczny-kufel-karczma-piwna-1989-kwk-victoria\/","title":{"rendered":"Ceramiczny kufel \u2013 karczma piwna 1989 KWK Victoria"},"content":{"rendered":"<p>Ceramiczny kufel wykonany z okazji karczmy piwnej 1989 dla KWK Victoria w Wa\u0142brzychu przez ZMO Jarosz\u00f3w.<\/p>\n<p><span data-sheets-root=\"1\">Wysoko\u015b\u0107 21,5cm, \u015brednica na g\u00f3rze 9cm. <\/span><\/p>\n<p><span data-sheets-root=\"1\">Stan bardzo dobry-, drobne \u015blady u\u017cywania.\u00a0<\/span><\/p>\n","protected":false},"excerpt":{"rendered":"<p>Ceramiczny kufel wykonany z okazji karczmy piwnej 1989 dla KWK Victoria w Wa\u0142brzychu przez ZMO Jarosz\u00f3w. Wysoko\u015b\u0107 21,5cm, \u015brednica na g\u00f3rze 9cm. Stan bardzo dobry-, drobne \u015blady u\u017cywania.\u00a0<\/p>\n","protected":false},"featured_media":23306,"template":"","meta":[],"product_cat":[52],"product_tag":[2107,1509,173,73,1392,1726,506,2108,71,149,1393],"yoast_head":"<!-- This site is optimized with the Yoast SEO plugin v23.0 - https:\/\/yoast.com\/wordpress\/plugins\/seo\/ -->\n<title>Ceramiczny kufel \u2013 karczma piwna 1989 KWK Victoria - Zielone Migda\u0142y<\/title>\n<meta name=\"description\" content=\"Ceramiczny kufel wykonany z okazji karczmy piwnej 1989 dla KWK Victoria w Wa\u0142brzychu przez ZMO Jarosz\u00f3w.\u00a0Wysoko\u015b\u0107 21,5cm, \u015brednica na g\u00f3rze 9cm. Stan bardzo dobry-, drobne \u015blady u\u017cywania.\u00a0\" \/>\n<meta name=\"robots\" content=\"index, follow, max-snippet:-1, max-image-preview:large, max-video-preview:-1\" \/>\n<link rel=\"canonical\" href=\"https:\/\/zielone-migdaly.pl\/index.php\/produkt\/ceramiczny-kufel-karczma-piwna-1989-kwk-victoria\/\" \/>\n<meta property=\"og:locale\" content=\"pl_PL\" \/>\n<meta property=\"og:type\" content=\"article\" \/>\n<meta property=\"og:title\" content=\"Ceramiczny kufel \u2013 karczma piwna 1989 KWK Victoria - Zielone Migda\u0142y\" \/>\n<meta property=\"og:description\" content=\"Ceramiczny kufel wykonany z okazji karczmy piwnej 1989 dla KWK Victoria w Wa\u0142brzychu przez ZMO Jarosz\u00f3w.\u00a0Wysoko\u015b\u0107 21,5cm, \u015brednica na g\u00f3rze 9cm. Stan bardzo dobry-, drobne \u015blady u\u017cywania.\u00a0\" \/>\n<meta property=\"og:url\" content=\"https:\/\/zielone-migdaly.pl\/index.php\/produkt\/ceramiczny-kufel-karczma-piwna-1989-kwk-victoria\/\" \/>\n<meta property=\"og:site_name\" content=\"Zielone Migda\u0142y\" \/>\n<meta property=\"article:publisher\" content=\"https:\/\/www.facebook.com\/lubiezielonemigdaly\" \/>\n<meta property=\"article:modified_time\" content=\"2026-04-09T11:17:18+00:00\" \/>\n<meta property=\"og:image\" content=\"https:\/\/zielone-migdaly.pl\/wp-content\/uploads\/2026\/04\/zielone-migdaly-07-1223.jpg\" \/>\n\t<meta property=\"og:image:width\" content=\"500\" \/>\n\t<meta property=\"og:image:height\" content=\"750\" \/>\n\t<meta property=\"og:image:type\" content=\"image\/jpeg\" \/>\n<meta name=\"twitter:card\" content=\"summary_large_image\" \/>\n<script type=\"application\/ld+json\" class=\"yoast-schema-graph\">{\"@context\":\"https:\/\/schema.org\",\"@graph\":[{\"@type\":\"WebPage\",\"@id\":\"https:\/\/zielone-migdaly.pl\/index.php\/produkt\/ceramiczny-kufel-karczma-piwna-1989-kwk-victoria\/\",\"url\":\"https:\/\/zielone-migdaly.pl\/index.php\/produkt\/ceramiczny-kufel-karczma-piwna-1989-kwk-victoria\/\",\"name\":\"Ceramiczny kufel \u2013 karczma piwna 1989 KWK Victoria - Zielone Migda\u0142y\",\"isPartOf\":{\"@id\":\"https:\/\/zielone-migdaly.pl\/#website\"},\"primaryImageOfPage\":{\"@id\":\"https:\/\/zielone-migdaly.pl\/index.php\/produkt\/ceramiczny-kufel-karczma-piwna-1989-kwk-victoria\/#primaryimage\"},\"image\":{\"@id\":\"https:\/\/zielone-migdaly.pl\/index.php\/produkt\/ceramiczny-kufel-karczma-piwna-1989-kwk-victoria\/#primaryimage\"},\"thumbnailUrl\":\"https:\/\/zielone-migdaly.pl\/wp-content\/uploads\/2026\/04\/zielone-migdaly-07-1223.jpg\",\"datePublished\":\"2026-04-09T11:17:17+00:00\",\"dateModified\":\"2026-04-09T11:17:18+00:00\",\"description\":\"Ceramiczny kufel wykonany z okazji karczmy piwnej 1989 dla KWK Victoria w Wa\u0142brzychu przez ZMO Jarosz\u00f3w.\u00a0Wysoko\u015b\u0107 21,5cm, \u015brednica na g\u00f3rze 9cm. Stan bardzo dobry-, drobne \u015blady u\u017cywania.\u00a0\",\"breadcrumb\":{\"@id\":\"https:\/\/zielone-migdaly.pl\/index.php\/produkt\/ceramiczny-kufel-karczma-piwna-1989-kwk-victoria\/#breadcrumb\"},\"inLanguage\":\"pl-PL\",\"potentialAction\":[{\"@type\":\"ReadAction\",\"target\":[\"https:\/\/zielone-migdaly.pl\/index.php\/produkt\/ceramiczny-kufel-karczma-piwna-1989-kwk-victoria\/\"]}]},{\"@type\":\"ImageObject\",\"inLanguage\":\"pl-PL\",\"@id\":\"https:\/\/zielone-migdaly.pl\/index.php\/produkt\/ceramiczny-kufel-karczma-piwna-1989-kwk-victoria\/#primaryimage\",\"url\":\"https:\/\/zielone-migdaly.pl\/wp-content\/uploads\/2026\/04\/zielone-migdaly-07-1223.jpg\",\"contentUrl\":\"https:\/\/zielone-migdaly.pl\/wp-content\/uploads\/2026\/04\/zielone-migdaly-07-1223.jpg\",\"width\":500,\"height\":750},{\"@type\":\"BreadcrumbList\",\"@id\":\"https:\/\/zielone-migdaly.pl\/index.php\/produkt\/ceramiczny-kufel-karczma-piwna-1989-kwk-victoria\/#breadcrumb\",\"itemListElement\":[{\"@type\":\"ListItem\",\"position\":1,\"name\":\"Strona g\u0142\u00f3wna\",\"item\":\"https:\/\/zielone-migdaly.pl\/\"},{\"@type\":\"ListItem\",\"position\":2,\"name\":\"Sklep\",\"item\":\"https:\/\/zielone-migdaly.pl\/index.php\/sklep\/\"},{\"@type\":\"ListItem\",\"position\":3,\"name\":\"Ceramiczny kufel \u2013 karczma piwna 1989 KWK Victoria\"}]},{\"@type\":\"WebSite\",\"@id\":\"https:\/\/zielone-migdaly.pl\/#website\",\"url\":\"https:\/\/zielone-migdaly.pl\/\",\"name\":\"Zielone Migda\u0142y\",\"description\":\"Sklep Vintage\",\"publisher\":{\"@id\":\"https:\/\/zielone-migdaly.pl\/#organization\"},\"potentialAction\":[{\"@type\":\"SearchAction\",\"target\":{\"@type\":\"EntryPoint\",\"urlTemplate\":\"https:\/\/zielone-migdaly.pl\/?s={search_term_string}\"},\"query-input\":\"required name=search_term_string\"}],\"inLanguage\":\"pl-PL\"},{\"@type\":\"Organization\",\"@id\":\"https:\/\/zielone-migdaly.pl\/#organization\",\"name\":\"Zielone Migda\u0142y\",\"url\":\"https:\/\/zielone-migdaly.pl\/\",\"logo\":{\"@type\":\"ImageObject\",\"inLanguage\":\"pl-PL\",\"@id\":\"https:\/\/zielone-migdaly.pl\/#\/schema\/logo\/image\/\",\"url\":\"https:\/\/zielone-migdaly.pl\/wp-content\/uploads\/2021\/11\/Zielone-Migdaly-Logo-WEB-2.png\",\"contentUrl\":\"https:\/\/zielone-migdaly.pl\/wp-content\/uploads\/2021\/11\/Zielone-Migdaly-Logo-WEB-2.png\",\"width\":500,\"height\":190,\"caption\":\"Zielone Migda\u0142y\"},\"image\":{\"@id\":\"https:\/\/zielone-migdaly.pl\/#\/schema\/logo\/image\/\"},\"sameAs\":[\"https:\/\/www.facebook.com\/lubiezielonemigdaly\",\"https:\/\/www.instagram.com\/lubie_zielone_migdaly\/\"]}]}<\/script>\n<!-- \/ Yoast SEO plugin. -->","yoast_head_json":{"title":"Ceramiczny kufel \u2013 karczma piwna 1989 KWK Victoria - Zielone Migda\u0142y","description":"Ceramiczny kufel wykonany z okazji karczmy piwnej 1989 dla KWK Victoria w Wa\u0142brzychu przez ZMO Jarosz\u00f3w.\u00a0Wysoko\u015b\u0107 21,5cm, \u015brednica na g\u00f3rze 9cm. Stan bardzo dobry-, drobne \u015blady u\u017cywania.\u00a0","robots":{"index":"index","follow":"follow","max-snippet":"max-snippet:-1","max-image-preview":"max-image-preview:large","max-video-preview":"max-video-preview:-1"},"canonical":"https:\/\/zielone-migdaly.pl\/index.php\/produkt\/ceramiczny-kufel-karczma-piwna-1989-kwk-victoria\/","og_locale":"pl_PL","og_type":"article","og_title":"Ceramiczny kufel \u2013 karczma piwna 1989 KWK Victoria - Zielone Migda\u0142y","og_description":"Ceramiczny kufel wykonany z okazji karczmy piwnej 1989 dla KWK Victoria w Wa\u0142brzychu przez ZMO Jarosz\u00f3w.\u00a0Wysoko\u015b\u0107 21,5cm, \u015brednica na g\u00f3rze 9cm. Stan bardzo dobry-, drobne \u015blady u\u017cywania.\u00a0","og_url":"https:\/\/zielone-migdaly.pl\/index.php\/produkt\/ceramiczny-kufel-karczma-piwna-1989-kwk-victoria\/","og_site_name":"Zielone Migda\u0142y","article_publisher":"https:\/\/www.facebook.com\/lubiezielonemigdaly","article_modified_time":"2026-04-09T11:17:18+00:00","og_image":[{"width":500,"height":750,"url":"https:\/\/zielone-migdaly.pl\/wp-content\/uploads\/2026\/04\/zielone-migdaly-07-1223.jpg","type":"image\/jpeg"}],"twitter_card":"summary_large_image","schema":{"@context":"https:\/\/schema.org","@graph":[{"@type":"WebPage","@id":"https:\/\/zielone-migdaly.pl\/index.php\/produkt\/ceramiczny-kufel-karczma-piwna-1989-kwk-victoria\/","url":"https:\/\/zielone-migdaly.pl\/index.php\/produkt\/ceramiczny-kufel-karczma-piwna-1989-kwk-victoria\/","name":"Ceramiczny kufel \u2013 karczma piwna 1989 KWK Victoria - Zielone Migda\u0142y","isPartOf":{"@id":"https:\/\/zielone-migdaly.pl\/#website"},"primaryImageOfPage":{"@id":"https:\/\/zielone-migdaly.pl\/index.php\/produkt\/ceramiczny-kufel-karczma-piwna-1989-kwk-victoria\/#primaryimage"},"image":{"@id":"https:\/\/zielone-migdaly.pl\/index.php\/produkt\/ceramiczny-kufel-karczma-piwna-1989-kwk-victoria\/#primaryimage"},"thumbnailUrl":"https:\/\/zielone-migdaly.pl\/wp-content\/uploads\/2026\/04\/zielone-migdaly-07-1223.jpg","datePublished":"2026-04-09T11:17:17+00:00","dateModified":"2026-04-09T11:17:18+00:00","description":"Ceramiczny kufel wykonany z okazji karczmy piwnej 1989 dla KWK Victoria w Wa\u0142brzychu przez ZMO Jarosz\u00f3w.\u00a0Wysoko\u015b\u0107 21,5cm, \u015brednica na g\u00f3rze 9cm. Stan bardzo dobry-, drobne \u015blady u\u017cywania.\u00a0","breadcrumb":{"@id":"https:\/\/zielone-migdaly.pl\/index.php\/produkt\/ceramiczny-kufel-karczma-piwna-1989-kwk-victoria\/#breadcrumb"},"inLanguage":"pl-PL","potentialAction":[{"@type":"ReadAction","target":["https:\/\/zielone-migdaly.pl\/index.php\/produkt\/ceramiczny-kufel-karczma-piwna-1989-kwk-victoria\/"]}]},{"@type":"ImageObject","inLanguage":"pl-PL","@id":"https:\/\/zielone-migdaly.pl\/index.php\/produkt\/ceramiczny-kufel-karczma-piwna-1989-kwk-victoria\/#primaryimage","url":"https:\/\/zielone-migdaly.pl\/wp-content\/uploads\/2026\/04\/zielone-migdaly-07-1223.jpg","contentUrl":"https:\/\/zielone-migdaly.pl\/wp-content\/uploads\/2026\/04\/zielone-migdaly-07-1223.jpg","width":500,"height":750},{"@type":"BreadcrumbList","@id":"https:\/\/zielone-migdaly.pl\/index.php\/produkt\/ceramiczny-kufel-karczma-piwna-1989-kwk-victoria\/#breadcrumb","itemListElement":[{"@type":"ListItem","position":1,"name":"Strona g\u0142\u00f3wna","item":"https:\/\/zielone-migdaly.pl\/"},{"@type":"ListItem","position":2,"name":"Sklep","item":"https:\/\/zielone-migdaly.pl\/index.php\/sklep\/"},{"@type":"ListItem","position":3,"name":"Ceramiczny kufel \u2013 karczma piwna 1989 KWK Victoria"}]},{"@type":"WebSite","@id":"https:\/\/zielone-migdaly.pl\/#website","url":"https:\/\/zielone-migdaly.pl\/","name":"Zielone Migda\u0142y","description":"Sklep Vintage","publisher":{"@id":"https:\/\/zielone-migdaly.pl\/#organization"},"potentialAction":[{"@type":"SearchAction","target":{"@type":"EntryPoint","urlTemplate":"https:\/\/zielone-migdaly.pl\/?s={search_term_string}"},"query-input":"required name=search_term_string"}],"inLanguage":"pl-PL"},{"@type":"Organization","@id":"https:\/\/zielone-migdaly.pl\/#organization","name":"Zielone Migda\u0142y","url":"https:\/\/zielone-migdaly.pl\/","logo":{"@type":"ImageObject","inLanguage":"pl-PL","@id":"https:\/\/zielone-migdaly.pl\/#\/schema\/logo\/image\/","url":"https:\/\/zielone-migdaly.pl\/wp-content\/uploads\/2021\/11\/Zielone-Migdaly-Logo-WEB-2.png","contentUrl":"https:\/\/zielone-migdaly.pl\/wp-content\/uploads\/2021\/11\/Zielone-Migdaly-Logo-WEB-2.png","width":500,"height":190,"caption":"Zielone Migda\u0142y"},"image":{"@id":"https:\/\/zielone-migdaly.pl\/#\/schema\/logo\/image\/"},"sameAs":["https:\/\/www.facebook.com\/lubiezielonemigdaly","https:\/\/www.instagram.com\/lubie_zielone_migdaly\/"]}]}},"_links":{"self":[{"href":"https:\/\/zielone-migdaly.pl\/index.php\/wp-json\/wp\/v2\/product\/23333"}],"collection":[{"href":"https:\/\/zielone-migdaly.pl\/index.php\/wp-json\/wp\/v2\/product"}],"about":[{"href":"https:\/\/zielone-migdaly.pl\/index.php\/wp-json\/wp\/v2\/types\/product"}],"wp:featuredmedia":[{"embeddable":true,"href":"https:\/\/zielone-migdaly.pl\/index.php\/wp-json\/wp\/v2\/media\/23306"}],"wp:attachment":[{"href":"https:\/\/zielone-migdaly.pl\/index.php\/wp-json\/wp\/v2\/media?parent=23333"}],"wp:term":[{"taxonomy":"product_cat","embeddable":true,"href":"https:\/\/zielone-migdaly.pl\/index.php\/wp-json\/wp\/v2\/product_cat?post=23333"},{"taxonomy":"product_tag","embeddable":true,"href":"https:\/\/zielone-migdaly.pl\/index.php\/wp-json\/wp\/v2\/product_tag?post=23333"}],"curies":[{"name":"wp","href":"https:\/\/api.w.org\/{rel}","templated":true}]}}