{"id":5397,"date":"2023-02-21T16:20:19","date_gmt":"2023-02-21T15:20:19","guid":{"rendered":"https:\/\/zielone-migdaly.pl\/?post_type=product&#038;p=5397"},"modified":"2025-01-22T20:35:32","modified_gmt":"2025-01-22T19:35:32","slug":"zielono-bialy-serwis-roman-chodziez","status":"publish","type":"product","link":"https:\/\/zielone-migdaly.pl\/index.php\/produkt\/zielono-bialy-serwis-roman-chodziez\/","title":{"rendered":"Zielono-bia\u0142y serwis Roman &#8211; Chodzie\u017c"},"content":{"rendered":"<p>Serwis kawowy, fason Roman wyprodukowany w zak\u0142adach porcelany w Chodzie\u017cy. Minimalistyczne formy naczy\u0144 z zielono-bia\u0142\u0105 op-artow\u0105 dekoracj\u0105.<\/p>\n<p>Wysoko\u015b\u0107 dzbanka 22cm, cukiernicy 6cm, mlecznika 11cm. \u015arednica spodk\u00f3w 14cm, \u015brednica fili\u017canki 7cm, wysoko\u015b\u0107 7cm.<\/p>\n<p><span data-sheets-value=\"{&quot;1&quot;:2,&quot;2&quot;:&quot;Wady z produkcji - na dw\u00f3ch wady wewn\u0105trz, na jednej produkcyjna rysa na spodzie, na jednej zaszkliwione p\u0119kni\u0119cie na uszku. Na jednym talerzyku ubytek wyczuwalny pod palcem. &quot;}\" data-sheets-userformat=\"{&quot;2&quot;:12803,&quot;3&quot;:{&quot;1&quot;:0},&quot;4&quot;:{&quot;1&quot;:3,&quot;3&quot;:3},&quot;12&quot;:0,&quot;15&quot;:&quot;Arial&quot;,&quot;16&quot;:10}\">Stan dobry. Brak jednego talerzyka. Wady z produkcji &#8211; na dw\u00f3ch fili\u017cankach wady wewn\u0105trz, na jednej produkcyjna rysa na spodzie, na jednej zaszkliwione p\u0119kni\u0119cie na uszku. Na jednym talerzyku ubytek wyczuwalny pod palcem. <\/span><\/p>\n<p>&nbsp;<\/p>\n","protected":false},"excerpt":{"rendered":"<p>Serwis kawowy, fason Roman wyprodukowany w zak\u0142adach porcelany w Chodzie\u017cy. Minimalistyczne formy naczy\u0144 z zielono-bia\u0142\u0105 op-artow\u0105 dekoracj\u0105. Wysoko\u015b\u0107 dzbanka 22cm, cukiernicy 6cm, mlecznika 11cm. \u015arednica spodk\u00f3w 14cm, \u015brednica fili\u017canki 7cm, wysoko\u015b\u0107 7cm. Stan dobry. Brak jednego talerzyka. Wady z produkcji &#8211; na dw\u00f3ch fili\u017cankach wady wewn\u0105trz, na jednej produkcyjna rysa na spodzie, na jednej zaszkliwione [&hellip;]<\/p>\n","protected":false},"featured_media":5367,"template":"","meta":[],"product_cat":[52],"product_tag":[328,73,77,620,71,79,76,875,278,286,276,179],"yoast_head":"<!-- This site is optimized with the Yoast SEO plugin v23.0 - https:\/\/yoast.com\/wordpress\/plugins\/seo\/ -->\n<title>Zielono-bia\u0142y serwis Roman - Chodzie\u017c - Zielone Migda\u0142y<\/title>\n<meta name=\"description\" content=\"Serwis kawowy, fason Roman wyprodukowany w zak\u0142adach porcelany w Chodzie\u017cy. Minimalistyczne formy naczy\u0144 z zielono-bia\u0142\u0105 op-artow\u0105 dekoracj\u0105.\" \/>\n<meta name=\"robots\" content=\"index, follow, max-snippet:-1, max-image-preview:large, max-video-preview:-1\" \/>\n<link rel=\"canonical\" href=\"https:\/\/zielone-migdaly.pl\/index.php\/produkt\/zielono-bialy-serwis-roman-chodziez\/\" \/>\n<meta property=\"og:locale\" content=\"pl_PL\" \/>\n<meta property=\"og:type\" content=\"article\" \/>\n<meta property=\"og:title\" content=\"Zielono-bia\u0142y serwis Roman - Chodzie\u017c - Zielone Migda\u0142y\" \/>\n<meta property=\"og:description\" content=\"Serwis kawowy, fason Roman wyprodukowany w zak\u0142adach porcelany w Chodzie\u017cy. Minimalistyczne formy naczy\u0144 z zielono-bia\u0142\u0105 op-artow\u0105 dekoracj\u0105.\" \/>\n<meta property=\"og:url\" content=\"https:\/\/zielone-migdaly.pl\/index.php\/produkt\/zielono-bialy-serwis-roman-chodziez\/\" \/>\n<meta property=\"og:site_name\" content=\"Zielone Migda\u0142y\" \/>\n<meta property=\"article:publisher\" content=\"https:\/\/www.facebook.com\/lubiezielonemigdaly\" \/>\n<meta property=\"article:modified_time\" content=\"2025-01-22T19:35:32+00:00\" \/>\n<meta property=\"og:image\" content=\"https:\/\/zielone-migdaly.pl\/wp-content\/uploads\/2023\/02\/zielone-migdaly-cc001.jpg\" \/>\n\t<meta property=\"og:image:width\" content=\"500\" \/>\n\t<meta property=\"og:image:height\" content=\"750\" \/>\n\t<meta property=\"og:image:type\" content=\"image\/jpeg\" \/>\n<meta name=\"twitter:card\" content=\"summary_large_image\" \/>\n<meta name=\"twitter:label1\" content=\"Szacowany czas czytania\" \/>\n\t<meta name=\"twitter:data1\" content=\"1 minuta\" \/>\n<script type=\"application\/ld+json\" class=\"yoast-schema-graph\">{\"@context\":\"https:\/\/schema.org\",\"@graph\":[{\"@type\":\"WebPage\",\"@id\":\"https:\/\/zielone-migdaly.pl\/index.php\/produkt\/zielono-bialy-serwis-roman-chodziez\/\",\"url\":\"https:\/\/zielone-migdaly.pl\/index.php\/produkt\/zielono-bialy-serwis-roman-chodziez\/\",\"name\":\"Zielono-bia\u0142y serwis Roman - Chodzie\u017c - Zielone Migda\u0142y\",\"isPartOf\":{\"@id\":\"https:\/\/zielone-migdaly.pl\/#website\"},\"primaryImageOfPage\":{\"@id\":\"https:\/\/zielone-migdaly.pl\/index.php\/produkt\/zielono-bialy-serwis-roman-chodziez\/#primaryimage\"},\"image\":{\"@id\":\"https:\/\/zielone-migdaly.pl\/index.php\/produkt\/zielono-bialy-serwis-roman-chodziez\/#primaryimage\"},\"thumbnailUrl\":\"https:\/\/zielone-migdaly.pl\/wp-content\/uploads\/2023\/02\/zielone-migdaly-cc001.jpg\",\"datePublished\":\"2023-02-21T15:20:19+00:00\",\"dateModified\":\"2025-01-22T19:35:32+00:00\",\"description\":\"Serwis kawowy, fason Roman wyprodukowany w zak\u0142adach porcelany w Chodzie\u017cy. Minimalistyczne formy naczy\u0144 z zielono-bia\u0142\u0105 op-artow\u0105 dekoracj\u0105.\",\"breadcrumb\":{\"@id\":\"https:\/\/zielone-migdaly.pl\/index.php\/produkt\/zielono-bialy-serwis-roman-chodziez\/#breadcrumb\"},\"inLanguage\":\"pl-PL\",\"potentialAction\":[{\"@type\":\"ReadAction\",\"target\":[\"https:\/\/zielone-migdaly.pl\/index.php\/produkt\/zielono-bialy-serwis-roman-chodziez\/\"]}]},{\"@type\":\"ImageObject\",\"inLanguage\":\"pl-PL\",\"@id\":\"https:\/\/zielone-migdaly.pl\/index.php\/produkt\/zielono-bialy-serwis-roman-chodziez\/#primaryimage\",\"url\":\"https:\/\/zielone-migdaly.pl\/wp-content\/uploads\/2023\/02\/zielone-migdaly-cc001.jpg\",\"contentUrl\":\"https:\/\/zielone-migdaly.pl\/wp-content\/uploads\/2023\/02\/zielone-migdaly-cc001.jpg\",\"width\":500,\"height\":750},{\"@type\":\"BreadcrumbList\",\"@id\":\"https:\/\/zielone-migdaly.pl\/index.php\/produkt\/zielono-bialy-serwis-roman-chodziez\/#breadcrumb\",\"itemListElement\":[{\"@type\":\"ListItem\",\"position\":1,\"name\":\"Strona g\u0142\u00f3wna\",\"item\":\"https:\/\/zielone-migdaly.pl\/\"},{\"@type\":\"ListItem\",\"position\":2,\"name\":\"Sklep\",\"item\":\"https:\/\/zielone-migdaly.pl\/index.php\/sklep\/\"},{\"@type\":\"ListItem\",\"position\":3,\"name\":\"Zielono-bia\u0142y serwis Roman &#8211; Chodzie\u017c\"}]},{\"@type\":\"WebSite\",\"@id\":\"https:\/\/zielone-migdaly.pl\/#website\",\"url\":\"https:\/\/zielone-migdaly.pl\/\",\"name\":\"Zielone Migda\u0142y\",\"description\":\"Sklep Vintage\",\"publisher\":{\"@id\":\"https:\/\/zielone-migdaly.pl\/#organization\"},\"potentialAction\":[{\"@type\":\"SearchAction\",\"target\":{\"@type\":\"EntryPoint\",\"urlTemplate\":\"https:\/\/zielone-migdaly.pl\/?s={search_term_string}\"},\"query-input\":\"required name=search_term_string\"}],\"inLanguage\":\"pl-PL\"},{\"@type\":\"Organization\",\"@id\":\"https:\/\/zielone-migdaly.pl\/#organization\",\"name\":\"Zielone Migda\u0142y\",\"url\":\"https:\/\/zielone-migdaly.pl\/\",\"logo\":{\"@type\":\"ImageObject\",\"inLanguage\":\"pl-PL\",\"@id\":\"https:\/\/zielone-migdaly.pl\/#\/schema\/logo\/image\/\",\"url\":\"https:\/\/zielone-migdaly.pl\/wp-content\/uploads\/2021\/11\/Zielone-Migdaly-Logo-WEB-2.png\",\"contentUrl\":\"https:\/\/zielone-migdaly.pl\/wp-content\/uploads\/2021\/11\/Zielone-Migdaly-Logo-WEB-2.png\",\"width\":500,\"height\":190,\"caption\":\"Zielone Migda\u0142y\"},\"image\":{\"@id\":\"https:\/\/zielone-migdaly.pl\/#\/schema\/logo\/image\/\"},\"sameAs\":[\"https:\/\/www.facebook.com\/lubiezielonemigdaly\",\"https:\/\/www.instagram.com\/lubie_zielone_migdaly\/\"]}]}<\/script>\n<!-- \/ Yoast SEO plugin. -->","yoast_head_json":{"title":"Zielono-bia\u0142y serwis Roman - Chodzie\u017c - Zielone Migda\u0142y","description":"Serwis kawowy, fason Roman wyprodukowany w zak\u0142adach porcelany w Chodzie\u017cy. Minimalistyczne formy naczy\u0144 z zielono-bia\u0142\u0105 op-artow\u0105 dekoracj\u0105.","robots":{"index":"index","follow":"follow","max-snippet":"max-snippet:-1","max-image-preview":"max-image-preview:large","max-video-preview":"max-video-preview:-1"},"canonical":"https:\/\/zielone-migdaly.pl\/index.php\/produkt\/zielono-bialy-serwis-roman-chodziez\/","og_locale":"pl_PL","og_type":"article","og_title":"Zielono-bia\u0142y serwis Roman - Chodzie\u017c - Zielone Migda\u0142y","og_description":"Serwis kawowy, fason Roman wyprodukowany w zak\u0142adach porcelany w Chodzie\u017cy. Minimalistyczne formy naczy\u0144 z zielono-bia\u0142\u0105 op-artow\u0105 dekoracj\u0105.","og_url":"https:\/\/zielone-migdaly.pl\/index.php\/produkt\/zielono-bialy-serwis-roman-chodziez\/","og_site_name":"Zielone Migda\u0142y","article_publisher":"https:\/\/www.facebook.com\/lubiezielonemigdaly","article_modified_time":"2025-01-22T19:35:32+00:00","og_image":[{"width":500,"height":750,"url":"https:\/\/zielone-migdaly.pl\/wp-content\/uploads\/2023\/02\/zielone-migdaly-cc001.jpg","type":"image\/jpeg"}],"twitter_card":"summary_large_image","twitter_misc":{"Szacowany czas czytania":"1 minuta"},"schema":{"@context":"https:\/\/schema.org","@graph":[{"@type":"WebPage","@id":"https:\/\/zielone-migdaly.pl\/index.php\/produkt\/zielono-bialy-serwis-roman-chodziez\/","url":"https:\/\/zielone-migdaly.pl\/index.php\/produkt\/zielono-bialy-serwis-roman-chodziez\/","name":"Zielono-bia\u0142y serwis Roman - Chodzie\u017c - Zielone Migda\u0142y","isPartOf":{"@id":"https:\/\/zielone-migdaly.pl\/#website"},"primaryImageOfPage":{"@id":"https:\/\/zielone-migdaly.pl\/index.php\/produkt\/zielono-bialy-serwis-roman-chodziez\/#primaryimage"},"image":{"@id":"https:\/\/zielone-migdaly.pl\/index.php\/produkt\/zielono-bialy-serwis-roman-chodziez\/#primaryimage"},"thumbnailUrl":"https:\/\/zielone-migdaly.pl\/wp-content\/uploads\/2023\/02\/zielone-migdaly-cc001.jpg","datePublished":"2023-02-21T15:20:19+00:00","dateModified":"2025-01-22T19:35:32+00:00","description":"Serwis kawowy, fason Roman wyprodukowany w zak\u0142adach porcelany w Chodzie\u017cy. Minimalistyczne formy naczy\u0144 z zielono-bia\u0142\u0105 op-artow\u0105 dekoracj\u0105.","breadcrumb":{"@id":"https:\/\/zielone-migdaly.pl\/index.php\/produkt\/zielono-bialy-serwis-roman-chodziez\/#breadcrumb"},"inLanguage":"pl-PL","potentialAction":[{"@type":"ReadAction","target":["https:\/\/zielone-migdaly.pl\/index.php\/produkt\/zielono-bialy-serwis-roman-chodziez\/"]}]},{"@type":"ImageObject","inLanguage":"pl-PL","@id":"https:\/\/zielone-migdaly.pl\/index.php\/produkt\/zielono-bialy-serwis-roman-chodziez\/#primaryimage","url":"https:\/\/zielone-migdaly.pl\/wp-content\/uploads\/2023\/02\/zielone-migdaly-cc001.jpg","contentUrl":"https:\/\/zielone-migdaly.pl\/wp-content\/uploads\/2023\/02\/zielone-migdaly-cc001.jpg","width":500,"height":750},{"@type":"BreadcrumbList","@id":"https:\/\/zielone-migdaly.pl\/index.php\/produkt\/zielono-bialy-serwis-roman-chodziez\/#breadcrumb","itemListElement":[{"@type":"ListItem","position":1,"name":"Strona g\u0142\u00f3wna","item":"https:\/\/zielone-migdaly.pl\/"},{"@type":"ListItem","position":2,"name":"Sklep","item":"https:\/\/zielone-migdaly.pl\/index.php\/sklep\/"},{"@type":"ListItem","position":3,"name":"Zielono-bia\u0142y serwis Roman &#8211; Chodzie\u017c"}]},{"@type":"WebSite","@id":"https:\/\/zielone-migdaly.pl\/#website","url":"https:\/\/zielone-migdaly.pl\/","name":"Zielone Migda\u0142y","description":"Sklep Vintage","publisher":{"@id":"https:\/\/zielone-migdaly.pl\/#organization"},"potentialAction":[{"@type":"SearchAction","target":{"@type":"EntryPoint","urlTemplate":"https:\/\/zielone-migdaly.pl\/?s={search_term_string}"},"query-input":"required name=search_term_string"}],"inLanguage":"pl-PL"},{"@type":"Organization","@id":"https:\/\/zielone-migdaly.pl\/#organization","name":"Zielone Migda\u0142y","url":"https:\/\/zielone-migdaly.pl\/","logo":{"@type":"ImageObject","inLanguage":"pl-PL","@id":"https:\/\/zielone-migdaly.pl\/#\/schema\/logo\/image\/","url":"https:\/\/zielone-migdaly.pl\/wp-content\/uploads\/2021\/11\/Zielone-Migdaly-Logo-WEB-2.png","contentUrl":"https:\/\/zielone-migdaly.pl\/wp-content\/uploads\/2021\/11\/Zielone-Migdaly-Logo-WEB-2.png","width":500,"height":190,"caption":"Zielone Migda\u0142y"},"image":{"@id":"https:\/\/zielone-migdaly.pl\/#\/schema\/logo\/image\/"},"sameAs":["https:\/\/www.facebook.com\/lubiezielonemigdaly","https:\/\/www.instagram.com\/lubie_zielone_migdaly\/"]}]}},"_links":{"self":[{"href":"https:\/\/zielone-migdaly.pl\/index.php\/wp-json\/wp\/v2\/product\/5397"}],"collection":[{"href":"https:\/\/zielone-migdaly.pl\/index.php\/wp-json\/wp\/v2\/product"}],"about":[{"href":"https:\/\/zielone-migdaly.pl\/index.php\/wp-json\/wp\/v2\/types\/product"}],"wp:featuredmedia":[{"embeddable":true,"href":"https:\/\/zielone-migdaly.pl\/index.php\/wp-json\/wp\/v2\/media\/5367"}],"wp:attachment":[{"href":"https:\/\/zielone-migdaly.pl\/index.php\/wp-json\/wp\/v2\/media?parent=5397"}],"wp:term":[{"taxonomy":"product_cat","embeddable":true,"href":"https:\/\/zielone-migdaly.pl\/index.php\/wp-json\/wp\/v2\/product_cat?post=5397"},{"taxonomy":"product_tag","embeddable":true,"href":"https:\/\/zielone-migdaly.pl\/index.php\/wp-json\/wp\/v2\/product_tag?post=5397"}],"curies":[{"name":"wp","href":"https:\/\/api.w.org\/{rel}","templated":true}]}}