{"id":5527,"date":"2023-03-16T17:47:06","date_gmt":"2023-03-16T16:47:06","guid":{"rendered":"https:\/\/zielone-migdaly.pl\/?post_type=product&#038;p=5527"},"modified":"2025-01-22T20:37:36","modified_gmt":"2025-01-22T19:37:36","slug":"ceramiczny-serwis-domino-steatyt","status":"publish","type":"product","link":"https:\/\/zielone-migdaly.pl\/index.php\/produkt\/ceramiczny-serwis-domino-steatyt\/","title":{"rendered":"Ceramiczny serwis Domino &#8211; Steatyt"},"content":{"rendered":"<p>Serwis kawowy i deserowy Domino z\u00a0Wytw\u00f3rni Wyrob\u00f3w Ceramicznych \u201eSteatyt\u201d Zygmunt Buksowicz. Zestaw sk\u0142ada si\u0119 z dzbanka, mlecznika, cukiernicy, 6 fili\u017canek ze spodkami i 6 talerzyk\u00f3w deserowych. Ceramika w kolorze kremowym z dekoracj\u0105 w kolorze z\u0142ota i jasnej zieleni.<\/p>\n<p>Wysoko\u015b\u0107 dzbanka 24cm, wysoko\u015b\u0107 mlecznika 12cm, wysoko\u015b\u0107 cukiernicy 10cm.Wwysoko\u015b\u0107 fili\u017canki 5,5cm, \u015brednica 5,5cm. \u015arednica spodk\u00f3w 11,5cm, \u015brednica talerzyk\u00f3w deserowych 15cm.<\/p>\n<p>Stan bardzo dobry, niewielkie wady z produkcji &#8211; kropki na cukiernicy, jedna kropka na spodku. Niewielkie \u015blady u\u017cywania &#8211; ubytki na spodzie jednego talerzyka deserowego, przetarcie z\u0142ocenia na wewn\u0119trznej kraw\u0119dzi fili\u017canki, przetarcia zdobie\u0144 na talerzykach.<\/p>\n","protected":false},"excerpt":{"rendered":"<p>Serwis kawowy i deserowy Domino z\u00a0Wytw\u00f3rni Wyrob\u00f3w Ceramicznych \u201eSteatyt\u201d Zygmunt Buksowicz. Zestaw sk\u0142ada si\u0119 z dzbanka, mlecznika, cukiernicy, 6 fili\u017canek ze spodkami i 6 talerzyk\u00f3w deserowych. Ceramika w kolorze kremowym z dekoracj\u0105 w kolorze z\u0142ota i jasnej zieleni. Wysoko\u015b\u0107 dzbanka 24cm, wysoko\u015b\u0107 mlecznika 12cm, wysoko\u015b\u0107 cukiernicy 10cm.Wwysoko\u015b\u0107 fili\u017canki 5,5cm, \u015brednica 5,5cm. \u015arednica spodk\u00f3w 11,5cm, \u015brednica [&hellip;]<\/p>\n","protected":false},"featured_media":5514,"template":"","meta":[],"product_cat":[52],"product_tag":[939,73,938,245,497,71,278,937,286,936,941,279,940],"yoast_head":"<!-- This site is optimized with the Yoast SEO plugin v23.0 - https:\/\/yoast.com\/wordpress\/plugins\/seo\/ -->\n<title>Ceramiczny serwis Domino - Steatyt - Zielone Migda\u0142y<\/title>\n<meta name=\"description\" content=\"Serwis kawowy i deserowy Domino z\u00a0Wytw\u00f3rni Wyrob\u00f3w Ceramicznych \u201eSteatyt\u201d Zygmunt Buksowicz. Ceramika w kolorze kremowym.\" \/>\n<meta name=\"robots\" content=\"index, follow, max-snippet:-1, max-image-preview:large, max-video-preview:-1\" \/>\n<link rel=\"canonical\" href=\"https:\/\/zielone-migdaly.pl\/index.php\/produkt\/ceramiczny-serwis-domino-steatyt\/\" \/>\n<meta property=\"og:locale\" content=\"pl_PL\" \/>\n<meta property=\"og:type\" content=\"article\" \/>\n<meta property=\"og:title\" content=\"Ceramiczny serwis Domino - Steatyt - Zielone Migda\u0142y\" \/>\n<meta property=\"og:description\" content=\"Serwis kawowy i deserowy Domino z\u00a0Wytw\u00f3rni Wyrob\u00f3w Ceramicznych \u201eSteatyt\u201d Zygmunt Buksowicz. Ceramika w kolorze kremowym.\" \/>\n<meta property=\"og:url\" content=\"https:\/\/zielone-migdaly.pl\/index.php\/produkt\/ceramiczny-serwis-domino-steatyt\/\" \/>\n<meta property=\"og:site_name\" content=\"Zielone Migda\u0142y\" \/>\n<meta property=\"article:publisher\" content=\"https:\/\/www.facebook.com\/lubiezielonemigdaly\" \/>\n<meta property=\"article:modified_time\" content=\"2025-01-22T19:37:36+00:00\" \/>\n<meta property=\"og:image\" content=\"https:\/\/zielone-migdaly.pl\/wp-content\/uploads\/2023\/03\/zielone-migdaly-cc250.jpg\" \/>\n\t<meta property=\"og:image:width\" content=\"500\" \/>\n\t<meta property=\"og:image:height\" content=\"750\" \/>\n\t<meta property=\"og:image:type\" content=\"image\/jpeg\" \/>\n<meta name=\"twitter:card\" content=\"summary_large_image\" \/>\n<meta name=\"twitter:label1\" content=\"Szacowany czas czytania\" \/>\n\t<meta name=\"twitter:data1\" content=\"1 minuta\" \/>\n<script type=\"application\/ld+json\" class=\"yoast-schema-graph\">{\"@context\":\"https:\/\/schema.org\",\"@graph\":[{\"@type\":\"WebPage\",\"@id\":\"https:\/\/zielone-migdaly.pl\/index.php\/produkt\/ceramiczny-serwis-domino-steatyt\/\",\"url\":\"https:\/\/zielone-migdaly.pl\/index.php\/produkt\/ceramiczny-serwis-domino-steatyt\/\",\"name\":\"Ceramiczny serwis Domino - Steatyt - Zielone Migda\u0142y\",\"isPartOf\":{\"@id\":\"https:\/\/zielone-migdaly.pl\/#website\"},\"primaryImageOfPage\":{\"@id\":\"https:\/\/zielone-migdaly.pl\/index.php\/produkt\/ceramiczny-serwis-domino-steatyt\/#primaryimage\"},\"image\":{\"@id\":\"https:\/\/zielone-migdaly.pl\/index.php\/produkt\/ceramiczny-serwis-domino-steatyt\/#primaryimage\"},\"thumbnailUrl\":\"https:\/\/zielone-migdaly.pl\/wp-content\/uploads\/2023\/03\/zielone-migdaly-cc250.jpg\",\"datePublished\":\"2023-03-16T16:47:06+00:00\",\"dateModified\":\"2025-01-22T19:37:36+00:00\",\"description\":\"Serwis kawowy i deserowy Domino z\u00a0Wytw\u00f3rni Wyrob\u00f3w Ceramicznych \u201eSteatyt\u201d Zygmunt Buksowicz. Ceramika w kolorze kremowym.\",\"breadcrumb\":{\"@id\":\"https:\/\/zielone-migdaly.pl\/index.php\/produkt\/ceramiczny-serwis-domino-steatyt\/#breadcrumb\"},\"inLanguage\":\"pl-PL\",\"potentialAction\":[{\"@type\":\"ReadAction\",\"target\":[\"https:\/\/zielone-migdaly.pl\/index.php\/produkt\/ceramiczny-serwis-domino-steatyt\/\"]}]},{\"@type\":\"ImageObject\",\"inLanguage\":\"pl-PL\",\"@id\":\"https:\/\/zielone-migdaly.pl\/index.php\/produkt\/ceramiczny-serwis-domino-steatyt\/#primaryimage\",\"url\":\"https:\/\/zielone-migdaly.pl\/wp-content\/uploads\/2023\/03\/zielone-migdaly-cc250.jpg\",\"contentUrl\":\"https:\/\/zielone-migdaly.pl\/wp-content\/uploads\/2023\/03\/zielone-migdaly-cc250.jpg\",\"width\":500,\"height\":750},{\"@type\":\"BreadcrumbList\",\"@id\":\"https:\/\/zielone-migdaly.pl\/index.php\/produkt\/ceramiczny-serwis-domino-steatyt\/#breadcrumb\",\"itemListElement\":[{\"@type\":\"ListItem\",\"position\":1,\"name\":\"Strona g\u0142\u00f3wna\",\"item\":\"https:\/\/zielone-migdaly.pl\/\"},{\"@type\":\"ListItem\",\"position\":2,\"name\":\"Sklep\",\"item\":\"https:\/\/zielone-migdaly.pl\/index.php\/sklep\/\"},{\"@type\":\"ListItem\",\"position\":3,\"name\":\"Ceramiczny serwis Domino &#8211; Steatyt\"}]},{\"@type\":\"WebSite\",\"@id\":\"https:\/\/zielone-migdaly.pl\/#website\",\"url\":\"https:\/\/zielone-migdaly.pl\/\",\"name\":\"Zielone Migda\u0142y\",\"description\":\"Sklep Vintage\",\"publisher\":{\"@id\":\"https:\/\/zielone-migdaly.pl\/#organization\"},\"potentialAction\":[{\"@type\":\"SearchAction\",\"target\":{\"@type\":\"EntryPoint\",\"urlTemplate\":\"https:\/\/zielone-migdaly.pl\/?s={search_term_string}\"},\"query-input\":\"required name=search_term_string\"}],\"inLanguage\":\"pl-PL\"},{\"@type\":\"Organization\",\"@id\":\"https:\/\/zielone-migdaly.pl\/#organization\",\"name\":\"Zielone Migda\u0142y\",\"url\":\"https:\/\/zielone-migdaly.pl\/\",\"logo\":{\"@type\":\"ImageObject\",\"inLanguage\":\"pl-PL\",\"@id\":\"https:\/\/zielone-migdaly.pl\/#\/schema\/logo\/image\/\",\"url\":\"https:\/\/zielone-migdaly.pl\/wp-content\/uploads\/2021\/11\/Zielone-Migdaly-Logo-WEB-2.png\",\"contentUrl\":\"https:\/\/zielone-migdaly.pl\/wp-content\/uploads\/2021\/11\/Zielone-Migdaly-Logo-WEB-2.png\",\"width\":500,\"height\":190,\"caption\":\"Zielone Migda\u0142y\"},\"image\":{\"@id\":\"https:\/\/zielone-migdaly.pl\/#\/schema\/logo\/image\/\"},\"sameAs\":[\"https:\/\/www.facebook.com\/lubiezielonemigdaly\",\"https:\/\/www.instagram.com\/lubie_zielone_migdaly\/\"]}]}<\/script>\n<!-- \/ Yoast SEO plugin. -->","yoast_head_json":{"title":"Ceramiczny serwis Domino - Steatyt - Zielone Migda\u0142y","description":"Serwis kawowy i deserowy Domino z\u00a0Wytw\u00f3rni Wyrob\u00f3w Ceramicznych \u201eSteatyt\u201d Zygmunt Buksowicz. Ceramika w kolorze kremowym.","robots":{"index":"index","follow":"follow","max-snippet":"max-snippet:-1","max-image-preview":"max-image-preview:large","max-video-preview":"max-video-preview:-1"},"canonical":"https:\/\/zielone-migdaly.pl\/index.php\/produkt\/ceramiczny-serwis-domino-steatyt\/","og_locale":"pl_PL","og_type":"article","og_title":"Ceramiczny serwis Domino - Steatyt - Zielone Migda\u0142y","og_description":"Serwis kawowy i deserowy Domino z\u00a0Wytw\u00f3rni Wyrob\u00f3w Ceramicznych \u201eSteatyt\u201d Zygmunt Buksowicz. Ceramika w kolorze kremowym.","og_url":"https:\/\/zielone-migdaly.pl\/index.php\/produkt\/ceramiczny-serwis-domino-steatyt\/","og_site_name":"Zielone Migda\u0142y","article_publisher":"https:\/\/www.facebook.com\/lubiezielonemigdaly","article_modified_time":"2025-01-22T19:37:36+00:00","og_image":[{"width":500,"height":750,"url":"https:\/\/zielone-migdaly.pl\/wp-content\/uploads\/2023\/03\/zielone-migdaly-cc250.jpg","type":"image\/jpeg"}],"twitter_card":"summary_large_image","twitter_misc":{"Szacowany czas czytania":"1 minuta"},"schema":{"@context":"https:\/\/schema.org","@graph":[{"@type":"WebPage","@id":"https:\/\/zielone-migdaly.pl\/index.php\/produkt\/ceramiczny-serwis-domino-steatyt\/","url":"https:\/\/zielone-migdaly.pl\/index.php\/produkt\/ceramiczny-serwis-domino-steatyt\/","name":"Ceramiczny serwis Domino - Steatyt - Zielone Migda\u0142y","isPartOf":{"@id":"https:\/\/zielone-migdaly.pl\/#website"},"primaryImageOfPage":{"@id":"https:\/\/zielone-migdaly.pl\/index.php\/produkt\/ceramiczny-serwis-domino-steatyt\/#primaryimage"},"image":{"@id":"https:\/\/zielone-migdaly.pl\/index.php\/produkt\/ceramiczny-serwis-domino-steatyt\/#primaryimage"},"thumbnailUrl":"https:\/\/zielone-migdaly.pl\/wp-content\/uploads\/2023\/03\/zielone-migdaly-cc250.jpg","datePublished":"2023-03-16T16:47:06+00:00","dateModified":"2025-01-22T19:37:36+00:00","description":"Serwis kawowy i deserowy Domino z\u00a0Wytw\u00f3rni Wyrob\u00f3w Ceramicznych \u201eSteatyt\u201d Zygmunt Buksowicz. Ceramika w kolorze kremowym.","breadcrumb":{"@id":"https:\/\/zielone-migdaly.pl\/index.php\/produkt\/ceramiczny-serwis-domino-steatyt\/#breadcrumb"},"inLanguage":"pl-PL","potentialAction":[{"@type":"ReadAction","target":["https:\/\/zielone-migdaly.pl\/index.php\/produkt\/ceramiczny-serwis-domino-steatyt\/"]}]},{"@type":"ImageObject","inLanguage":"pl-PL","@id":"https:\/\/zielone-migdaly.pl\/index.php\/produkt\/ceramiczny-serwis-domino-steatyt\/#primaryimage","url":"https:\/\/zielone-migdaly.pl\/wp-content\/uploads\/2023\/03\/zielone-migdaly-cc250.jpg","contentUrl":"https:\/\/zielone-migdaly.pl\/wp-content\/uploads\/2023\/03\/zielone-migdaly-cc250.jpg","width":500,"height":750},{"@type":"BreadcrumbList","@id":"https:\/\/zielone-migdaly.pl\/index.php\/produkt\/ceramiczny-serwis-domino-steatyt\/#breadcrumb","itemListElement":[{"@type":"ListItem","position":1,"name":"Strona g\u0142\u00f3wna","item":"https:\/\/zielone-migdaly.pl\/"},{"@type":"ListItem","position":2,"name":"Sklep","item":"https:\/\/zielone-migdaly.pl\/index.php\/sklep\/"},{"@type":"ListItem","position":3,"name":"Ceramiczny serwis Domino &#8211; Steatyt"}]},{"@type":"WebSite","@id":"https:\/\/zielone-migdaly.pl\/#website","url":"https:\/\/zielone-migdaly.pl\/","name":"Zielone Migda\u0142y","description":"Sklep Vintage","publisher":{"@id":"https:\/\/zielone-migdaly.pl\/#organization"},"potentialAction":[{"@type":"SearchAction","target":{"@type":"EntryPoint","urlTemplate":"https:\/\/zielone-migdaly.pl\/?s={search_term_string}"},"query-input":"required name=search_term_string"}],"inLanguage":"pl-PL"},{"@type":"Organization","@id":"https:\/\/zielone-migdaly.pl\/#organization","name":"Zielone Migda\u0142y","url":"https:\/\/zielone-migdaly.pl\/","logo":{"@type":"ImageObject","inLanguage":"pl-PL","@id":"https:\/\/zielone-migdaly.pl\/#\/schema\/logo\/image\/","url":"https:\/\/zielone-migdaly.pl\/wp-content\/uploads\/2021\/11\/Zielone-Migdaly-Logo-WEB-2.png","contentUrl":"https:\/\/zielone-migdaly.pl\/wp-content\/uploads\/2021\/11\/Zielone-Migdaly-Logo-WEB-2.png","width":500,"height":190,"caption":"Zielone Migda\u0142y"},"image":{"@id":"https:\/\/zielone-migdaly.pl\/#\/schema\/logo\/image\/"},"sameAs":["https:\/\/www.facebook.com\/lubiezielonemigdaly","https:\/\/www.instagram.com\/lubie_zielone_migdaly\/"]}]}},"_links":{"self":[{"href":"https:\/\/zielone-migdaly.pl\/index.php\/wp-json\/wp\/v2\/product\/5527"}],"collection":[{"href":"https:\/\/zielone-migdaly.pl\/index.php\/wp-json\/wp\/v2\/product"}],"about":[{"href":"https:\/\/zielone-migdaly.pl\/index.php\/wp-json\/wp\/v2\/types\/product"}],"wp:featuredmedia":[{"embeddable":true,"href":"https:\/\/zielone-migdaly.pl\/index.php\/wp-json\/wp\/v2\/media\/5514"}],"wp:attachment":[{"href":"https:\/\/zielone-migdaly.pl\/index.php\/wp-json\/wp\/v2\/media?parent=5527"}],"wp:term":[{"taxonomy":"product_cat","embeddable":true,"href":"https:\/\/zielone-migdaly.pl\/index.php\/wp-json\/wp\/v2\/product_cat?post=5527"},{"taxonomy":"product_tag","embeddable":true,"href":"https:\/\/zielone-migdaly.pl\/index.php\/wp-json\/wp\/v2\/product_tag?post=5527"}],"curies":[{"name":"wp","href":"https:\/\/api.w.org\/{rel}","templated":true}]}}