{"id":6485,"date":"2023-06-14T22:23:15","date_gmt":"2023-06-14T20:23:15","guid":{"rendered":"https:\/\/zielone-migdaly.pl\/?post_type=product&#038;p=6485"},"modified":"2025-01-22T20:47:03","modified_gmt":"2025-01-22T19:47:03","slug":"szklana-bombonierka-478-huta-hortensja-2","status":"publish","type":"product","link":"https:\/\/zielone-migdaly.pl\/index.php\/produkt\/szklana-bombonierka-478-huta-hortensja-2\/","title":{"rendered":"Szklana bombonierka 478 &#8211; Huta Hortensja"},"content":{"rendered":"<p>Szklana bombonierka, wz\u00f3r 478 wykonana w Hucie Hortensja. Szk\u0142o prasowane, bezbarwne, w stylistyce art deco.<\/p>\n<p><span data-sheets-value=\"{&quot;1&quot;:2,&quot;2&quot;:&quot;Wysoko\u015b\u0107 ok.10cm, \u015brednica 13cm. Stan dobry, ma\u0142e ubytki na kraw\u0119dziach, wady w\u0142osowate, zatopione b\u0105belki powietrza. &quot;}\" data-sheets-userformat=\"{&quot;2&quot;:12803,&quot;3&quot;:{&quot;1&quot;:0},&quot;4&quot;:{&quot;1&quot;:3,&quot;3&quot;:3},&quot;12&quot;:0,&quot;15&quot;:&quot;Arial&quot;,&quot;16&quot;:10}\">Wysoko\u015b\u0107 ok.10cm, \u015brednica 13cm. <\/span><\/p>\n<p><span data-sheets-value=\"{&quot;1&quot;:2,&quot;2&quot;:&quot;Wysoko\u015b\u0107 ok.10cm, \u015brednica 13cm. Stan dobry, ma\u0142e ubytki na kraw\u0119dziach, wady w\u0142osowate, zatopione b\u0105belki powietrza. &quot;}\" data-sheets-userformat=\"{&quot;2&quot;:12803,&quot;3&quot;:{&quot;1&quot;:0},&quot;4&quot;:{&quot;1&quot;:3,&quot;3&quot;:3},&quot;12&quot;:0,&quot;15&quot;:&quot;Arial&quot;,&quot;16&quot;:10}\">Stan dobry, ma\u0142e ubytki na kraw\u0119dziach, wady w\u0142osowate, zatopione b\u0105belki powietrza. <\/span><\/p>\n<p>&nbsp;<\/p>\n","protected":false},"excerpt":{"rendered":"<p>Szklana bombonierka, wz\u00f3r 478 wykonana w Hucie Hortensja. Szk\u0142o prasowane, bezbarwne, w stylistyce art deco. Wysoko\u015b\u0107 ok.10cm, \u015brednica 13cm. Stan dobry, ma\u0142e ubytki na kraw\u0119dziach, wady w\u0142osowate, zatopione b\u0105belki powietrza. &nbsp;<\/p>\n","protected":false},"featured_media":6452,"template":"","meta":[],"product_cat":[53],"product_tag":[1016,170,97,98,211,212,60,107,56],"yoast_head":"<!-- This site is optimized with the Yoast SEO plugin v23.0 - https:\/\/yoast.com\/wordpress\/plugins\/seo\/ -->\n<title>Szklana bombonierka 478 - Huta Hortensja - Zielone Migda\u0142y<\/title>\n<meta name=\"description\" content=\"Szklana bombonierka, wz\u00f3r 478 wykonana w Hucie Hortensja. Szk\u0142o prasowane, bezbarwne, w stylistyce art deco.\" \/>\n<meta name=\"robots\" content=\"index, follow, max-snippet:-1, max-image-preview:large, max-video-preview:-1\" \/>\n<link rel=\"canonical\" href=\"https:\/\/zielone-migdaly.pl\/index.php\/produkt\/szklana-bombonierka-478-huta-hortensja-2\/\" \/>\n<meta property=\"og:locale\" content=\"pl_PL\" \/>\n<meta property=\"og:type\" content=\"article\" \/>\n<meta property=\"og:title\" content=\"Szklana bombonierka 478 - Huta Hortensja - Zielone Migda\u0142y\" \/>\n<meta property=\"og:description\" content=\"Szklana bombonierka, wz\u00f3r 478 wykonana w Hucie Hortensja. Szk\u0142o prasowane, bezbarwne, w stylistyce art deco.\" \/>\n<meta property=\"og:url\" content=\"https:\/\/zielone-migdaly.pl\/index.php\/produkt\/szklana-bombonierka-478-huta-hortensja-2\/\" \/>\n<meta property=\"og:site_name\" content=\"Zielone Migda\u0142y\" \/>\n<meta property=\"article:publisher\" content=\"https:\/\/www.facebook.com\/lubiezielonemigdaly\" \/>\n<meta property=\"article:modified_time\" content=\"2025-01-22T19:47:03+00:00\" \/>\n<meta property=\"og:image\" content=\"https:\/\/zielone-migdaly.pl\/wp-content\/uploads\/2023\/06\/zielone-migdaly-gg126.jpg\" \/>\n\t<meta property=\"og:image:width\" content=\"500\" \/>\n\t<meta property=\"og:image:height\" content=\"750\" \/>\n\t<meta property=\"og:image:type\" content=\"image\/jpeg\" \/>\n<meta name=\"twitter:card\" content=\"summary_large_image\" \/>\n<script type=\"application\/ld+json\" class=\"yoast-schema-graph\">{\"@context\":\"https:\/\/schema.org\",\"@graph\":[{\"@type\":\"WebPage\",\"@id\":\"https:\/\/zielone-migdaly.pl\/index.php\/produkt\/szklana-bombonierka-478-huta-hortensja-2\/\",\"url\":\"https:\/\/zielone-migdaly.pl\/index.php\/produkt\/szklana-bombonierka-478-huta-hortensja-2\/\",\"name\":\"Szklana bombonierka 478 - Huta Hortensja - Zielone Migda\u0142y\",\"isPartOf\":{\"@id\":\"https:\/\/zielone-migdaly.pl\/#website\"},\"primaryImageOfPage\":{\"@id\":\"https:\/\/zielone-migdaly.pl\/index.php\/produkt\/szklana-bombonierka-478-huta-hortensja-2\/#primaryimage\"},\"image\":{\"@id\":\"https:\/\/zielone-migdaly.pl\/index.php\/produkt\/szklana-bombonierka-478-huta-hortensja-2\/#primaryimage\"},\"thumbnailUrl\":\"https:\/\/zielone-migdaly.pl\/wp-content\/uploads\/2023\/06\/zielone-migdaly-gg126.jpg\",\"datePublished\":\"2023-06-14T20:23:15+00:00\",\"dateModified\":\"2025-01-22T19:47:03+00:00\",\"description\":\"Szklana bombonierka, wz\u00f3r 478 wykonana w Hucie Hortensja. Szk\u0142o prasowane, bezbarwne, w stylistyce art deco.\",\"breadcrumb\":{\"@id\":\"https:\/\/zielone-migdaly.pl\/index.php\/produkt\/szklana-bombonierka-478-huta-hortensja-2\/#breadcrumb\"},\"inLanguage\":\"pl-PL\",\"potentialAction\":[{\"@type\":\"ReadAction\",\"target\":[\"https:\/\/zielone-migdaly.pl\/index.php\/produkt\/szklana-bombonierka-478-huta-hortensja-2\/\"]}]},{\"@type\":\"ImageObject\",\"inLanguage\":\"pl-PL\",\"@id\":\"https:\/\/zielone-migdaly.pl\/index.php\/produkt\/szklana-bombonierka-478-huta-hortensja-2\/#primaryimage\",\"url\":\"https:\/\/zielone-migdaly.pl\/wp-content\/uploads\/2023\/06\/zielone-migdaly-gg126.jpg\",\"contentUrl\":\"https:\/\/zielone-migdaly.pl\/wp-content\/uploads\/2023\/06\/zielone-migdaly-gg126.jpg\",\"width\":500,\"height\":750},{\"@type\":\"BreadcrumbList\",\"@id\":\"https:\/\/zielone-migdaly.pl\/index.php\/produkt\/szklana-bombonierka-478-huta-hortensja-2\/#breadcrumb\",\"itemListElement\":[{\"@type\":\"ListItem\",\"position\":1,\"name\":\"Strona g\u0142\u00f3wna\",\"item\":\"https:\/\/zielone-migdaly.pl\/\"},{\"@type\":\"ListItem\",\"position\":2,\"name\":\"Sklep\",\"item\":\"https:\/\/zielone-migdaly.pl\/index.php\/sklep\/\"},{\"@type\":\"ListItem\",\"position\":3,\"name\":\"Szklana bombonierka 478 &#8211; Huta Hortensja\"}]},{\"@type\":\"WebSite\",\"@id\":\"https:\/\/zielone-migdaly.pl\/#website\",\"url\":\"https:\/\/zielone-migdaly.pl\/\",\"name\":\"Zielone Migda\u0142y\",\"description\":\"Sklep Vintage\",\"publisher\":{\"@id\":\"https:\/\/zielone-migdaly.pl\/#organization\"},\"potentialAction\":[{\"@type\":\"SearchAction\",\"target\":{\"@type\":\"EntryPoint\",\"urlTemplate\":\"https:\/\/zielone-migdaly.pl\/?s={search_term_string}\"},\"query-input\":\"required name=search_term_string\"}],\"inLanguage\":\"pl-PL\"},{\"@type\":\"Organization\",\"@id\":\"https:\/\/zielone-migdaly.pl\/#organization\",\"name\":\"Zielone Migda\u0142y\",\"url\":\"https:\/\/zielone-migdaly.pl\/\",\"logo\":{\"@type\":\"ImageObject\",\"inLanguage\":\"pl-PL\",\"@id\":\"https:\/\/zielone-migdaly.pl\/#\/schema\/logo\/image\/\",\"url\":\"https:\/\/zielone-migdaly.pl\/wp-content\/uploads\/2021\/11\/Zielone-Migdaly-Logo-WEB-2.png\",\"contentUrl\":\"https:\/\/zielone-migdaly.pl\/wp-content\/uploads\/2021\/11\/Zielone-Migdaly-Logo-WEB-2.png\",\"width\":500,\"height\":190,\"caption\":\"Zielone Migda\u0142y\"},\"image\":{\"@id\":\"https:\/\/zielone-migdaly.pl\/#\/schema\/logo\/image\/\"},\"sameAs\":[\"https:\/\/www.facebook.com\/lubiezielonemigdaly\",\"https:\/\/www.instagram.com\/lubie_zielone_migdaly\/\"]}]}<\/script>\n<!-- \/ Yoast SEO plugin. -->","yoast_head_json":{"title":"Szklana bombonierka 478 - Huta Hortensja - Zielone Migda\u0142y","description":"Szklana bombonierka, wz\u00f3r 478 wykonana w Hucie Hortensja. Szk\u0142o prasowane, bezbarwne, w stylistyce art deco.","robots":{"index":"index","follow":"follow","max-snippet":"max-snippet:-1","max-image-preview":"max-image-preview:large","max-video-preview":"max-video-preview:-1"},"canonical":"https:\/\/zielone-migdaly.pl\/index.php\/produkt\/szklana-bombonierka-478-huta-hortensja-2\/","og_locale":"pl_PL","og_type":"article","og_title":"Szklana bombonierka 478 - Huta Hortensja - Zielone Migda\u0142y","og_description":"Szklana bombonierka, wz\u00f3r 478 wykonana w Hucie Hortensja. Szk\u0142o prasowane, bezbarwne, w stylistyce art deco.","og_url":"https:\/\/zielone-migdaly.pl\/index.php\/produkt\/szklana-bombonierka-478-huta-hortensja-2\/","og_site_name":"Zielone Migda\u0142y","article_publisher":"https:\/\/www.facebook.com\/lubiezielonemigdaly","article_modified_time":"2025-01-22T19:47:03+00:00","og_image":[{"width":500,"height":750,"url":"https:\/\/zielone-migdaly.pl\/wp-content\/uploads\/2023\/06\/zielone-migdaly-gg126.jpg","type":"image\/jpeg"}],"twitter_card":"summary_large_image","schema":{"@context":"https:\/\/schema.org","@graph":[{"@type":"WebPage","@id":"https:\/\/zielone-migdaly.pl\/index.php\/produkt\/szklana-bombonierka-478-huta-hortensja-2\/","url":"https:\/\/zielone-migdaly.pl\/index.php\/produkt\/szklana-bombonierka-478-huta-hortensja-2\/","name":"Szklana bombonierka 478 - Huta Hortensja - Zielone Migda\u0142y","isPartOf":{"@id":"https:\/\/zielone-migdaly.pl\/#website"},"primaryImageOfPage":{"@id":"https:\/\/zielone-migdaly.pl\/index.php\/produkt\/szklana-bombonierka-478-huta-hortensja-2\/#primaryimage"},"image":{"@id":"https:\/\/zielone-migdaly.pl\/index.php\/produkt\/szklana-bombonierka-478-huta-hortensja-2\/#primaryimage"},"thumbnailUrl":"https:\/\/zielone-migdaly.pl\/wp-content\/uploads\/2023\/06\/zielone-migdaly-gg126.jpg","datePublished":"2023-06-14T20:23:15+00:00","dateModified":"2025-01-22T19:47:03+00:00","description":"Szklana bombonierka, wz\u00f3r 478 wykonana w Hucie Hortensja. Szk\u0142o prasowane, bezbarwne, w stylistyce art deco.","breadcrumb":{"@id":"https:\/\/zielone-migdaly.pl\/index.php\/produkt\/szklana-bombonierka-478-huta-hortensja-2\/#breadcrumb"},"inLanguage":"pl-PL","potentialAction":[{"@type":"ReadAction","target":["https:\/\/zielone-migdaly.pl\/index.php\/produkt\/szklana-bombonierka-478-huta-hortensja-2\/"]}]},{"@type":"ImageObject","inLanguage":"pl-PL","@id":"https:\/\/zielone-migdaly.pl\/index.php\/produkt\/szklana-bombonierka-478-huta-hortensja-2\/#primaryimage","url":"https:\/\/zielone-migdaly.pl\/wp-content\/uploads\/2023\/06\/zielone-migdaly-gg126.jpg","contentUrl":"https:\/\/zielone-migdaly.pl\/wp-content\/uploads\/2023\/06\/zielone-migdaly-gg126.jpg","width":500,"height":750},{"@type":"BreadcrumbList","@id":"https:\/\/zielone-migdaly.pl\/index.php\/produkt\/szklana-bombonierka-478-huta-hortensja-2\/#breadcrumb","itemListElement":[{"@type":"ListItem","position":1,"name":"Strona g\u0142\u00f3wna","item":"https:\/\/zielone-migdaly.pl\/"},{"@type":"ListItem","position":2,"name":"Sklep","item":"https:\/\/zielone-migdaly.pl\/index.php\/sklep\/"},{"@type":"ListItem","position":3,"name":"Szklana bombonierka 478 &#8211; Huta Hortensja"}]},{"@type":"WebSite","@id":"https:\/\/zielone-migdaly.pl\/#website","url":"https:\/\/zielone-migdaly.pl\/","name":"Zielone Migda\u0142y","description":"Sklep Vintage","publisher":{"@id":"https:\/\/zielone-migdaly.pl\/#organization"},"potentialAction":[{"@type":"SearchAction","target":{"@type":"EntryPoint","urlTemplate":"https:\/\/zielone-migdaly.pl\/?s={search_term_string}"},"query-input":"required name=search_term_string"}],"inLanguage":"pl-PL"},{"@type":"Organization","@id":"https:\/\/zielone-migdaly.pl\/#organization","name":"Zielone Migda\u0142y","url":"https:\/\/zielone-migdaly.pl\/","logo":{"@type":"ImageObject","inLanguage":"pl-PL","@id":"https:\/\/zielone-migdaly.pl\/#\/schema\/logo\/image\/","url":"https:\/\/zielone-migdaly.pl\/wp-content\/uploads\/2021\/11\/Zielone-Migdaly-Logo-WEB-2.png","contentUrl":"https:\/\/zielone-migdaly.pl\/wp-content\/uploads\/2021\/11\/Zielone-Migdaly-Logo-WEB-2.png","width":500,"height":190,"caption":"Zielone Migda\u0142y"},"image":{"@id":"https:\/\/zielone-migdaly.pl\/#\/schema\/logo\/image\/"},"sameAs":["https:\/\/www.facebook.com\/lubiezielonemigdaly","https:\/\/www.instagram.com\/lubie_zielone_migdaly\/"]}]}},"_links":{"self":[{"href":"https:\/\/zielone-migdaly.pl\/index.php\/wp-json\/wp\/v2\/product\/6485"}],"collection":[{"href":"https:\/\/zielone-migdaly.pl\/index.php\/wp-json\/wp\/v2\/product"}],"about":[{"href":"https:\/\/zielone-migdaly.pl\/index.php\/wp-json\/wp\/v2\/types\/product"}],"wp:featuredmedia":[{"embeddable":true,"href":"https:\/\/zielone-migdaly.pl\/index.php\/wp-json\/wp\/v2\/media\/6452"}],"wp:attachment":[{"href":"https:\/\/zielone-migdaly.pl\/index.php\/wp-json\/wp\/v2\/media?parent=6485"}],"wp:term":[{"taxonomy":"product_cat","embeddable":true,"href":"https:\/\/zielone-migdaly.pl\/index.php\/wp-json\/wp\/v2\/product_cat?post=6485"},{"taxonomy":"product_tag","embeddable":true,"href":"https:\/\/zielone-migdaly.pl\/index.php\/wp-json\/wp\/v2\/product_tag?post=6485"}],"curies":[{"name":"wp","href":"https:\/\/api.w.org\/{rel}","templated":true}]}}